{"id":3116,"date":"2024-01-20T18:01:17","date_gmt":"2024-01-20T17:01:17","guid":{"rendered":"https:\/\/sport-goslar.de\/verein-shop\/?post_type=product&#038;p=3116"},"modified":"2025-01-10T17:41:52","modified_gmt":"2025-01-10T16:41:52","slug":"erima-racing-t-shirt-inkl-vereinswappen-damen-2","status":"publish","type":"product","link":"https:\/\/sport-goslar.de\/verein-shop\/produkt\/erima-racing-t-shirt-inkl-vereinswappen-damen-2\/","title":{"rendered":"Erima Racing T-Shirt inkl. Vereinswappen Damen"},"content":{"rendered":"<p>Bitte beachtet das es sich bei individualisierten Artikeln die mit Namen, Nummern oder Sponsorenlogos versehen sind um Sonderanfertigungen handelt. Diese Artikel k\u00f6nnen leider nicht umgetauscht werden.<\/p>\n<p>Da es sich um Sonderanfertigungen handelt die extra noch gedruckt werden m\u00fcssen, betr\u00e4gt je nach Saison die Lieferzeit: ca 3 &#8211; 6 Wochen<\/p>\n<p>&nbsp;<\/p>\n<p><strong>Euer Verein. Eure Spielbekleidung. Euer Onlineshop.<\/strong><br \/>\nIhr m\u00f6chtet mehr als nur Standardl\u00f6sungen f\u00fcr eure Vereinskollektion? Dann seid ihr bei Sport Goslar genau richtig! Wir sind die Experten, wenn es darum geht, euren Verein perfekt auszustatten \u2013 mit einem individuellen Onlineshop und einzigartiger Spielbekleidung, die eure Handschrift tr\u00e4gt.<\/p>\n<p>Unser Angebot im \u00dcberblick:<br \/>\n\u2022 Individuelle Vereinskollektionen: Gemeinsam mit euch stellen wir Trikots, Trainingsbekleidung und Fanartikel zusammen, die euren Verein repr\u00e4sentieren.<br \/>\n\u2022 Onlineshop f\u00fcr eure Mitglieder: Wir richten euch einen ma\u00dfgeschneiderten, kostenlosen Shop ein, in dem eure Kollektion rund um die Uhr verf\u00fcgbar ist.<br \/>\n\u2022 Spielbekleidung nach Ma\u00df: Mit Sport Goslar k\u00f6nnt ihr eure Trikots selbst gestalten \u2013 inklusive Sponsorenlogos, Vereinswappen und Wunschdesigns. Das Beste daran? All das gibt es zu einem sensationellen Preis, der keine W\u00fcnsche offenl\u00e4sst!<\/p>\n<p>Egal, ob ihr ein kleiner Verein seid oder ein gro\u00dfer Landesverband: Unser Team begleitet euch von der ersten Idee bis zum fertigen Produkt. Lasst uns euren Verein in Szene setzen \u2013 wie es der TuS Zetel und viele andere Vereine bereits erfolgreich tun!<\/p>\n","protected":false},"excerpt":{"rendered":"<div class=\"woocommerce-product-details__short-description\">\n<p><strong>Damen LA Shirt inkl. Brustwappen TuS Zetel<br \/>\n<\/strong><\/p>\n<p>Ob Aufw\u00e4rmen, Weitsprung oder Speerwurf, in dem RACING T-SHIRT BY ERIMA \u00fcberzeugst du auf jeder Kampfbahn. Das zu 91% recycelte Polyester leitet die Feuchtigkeit ab und trocknet ebenso schnell. Flache N\u00e4hte und vorverlegte Schultern\u00e4hte sorgen f\u00fcr reibungslose Bewegungsfreiheit. Nachlieferbar bis 2026 und perfekt kombinierbar mit dem Erima Racing Longsleeve , T-Shirt, Singlet, Bra oder Sprinteranzug. F\u00fcr eine perfekte Passform sorgen der funktionelle Schnitt. Der reflektierende Print f\u00fcr bessere Sichtbarkeit runden perfekte Gesamtbild ab. Als Unisexschnittform f\u00fcr Herren und Kinder oder als taillierter Damenschnitt in sechs sch\u00f6nen Farben lieferbar.<\/p>\n<p>Gr\u00f6\u00dfe 34 bis 44 UVP 55,99 Euro<\/p>\n<\/div>\n<p>Da es sich um Sonderanfertigungen handelt die extra noch gedruckt werden m\u00fcssen, betr\u00e4gt je nach Saison die Lieferzeit: ca 3 &#8211; 6 Wochen<\/p>\n<table border=\"1\" cellspacing=\"0\" cellpadding=\"0\">\n<tbody>\n<tr>\n<td><strong>Menge<\/strong><\/td>\n<td><strong>Preis<\/strong><\/td>\n<\/tr>\n<tr>\n<td>\u00a01 &#8211; 4<\/td>\n<td>39,99 \u20ac<\/td>\n<\/tr>\n<tr>\n<td>5 &#8211; 19<\/td>\n<td>33,99 \u20ac<\/td>\n<\/tr>\n<tr>\n<td>20 &#8211; 50<\/td>\n<td>32,99 \u20ac<\/td>\n<\/tr>\n<\/tbody>\n<\/table>\n<p>&nbsp;<\/p>\n","protected":false},"featured_media":3106,"template":"","meta":[],"product_brand":[],"product_cat":[215,234,419,417,15,422],"product_tag":[],"class_list":{"0":"post-3116","1":"product","2":"type-product","3":"status-publish","4":"has-post-thumbnail","6":"product_cat-erima","7":"product_cat-la-wettkampfbekleidung-erima","8":"product_cat-shirts-oberteile-tus-zetel","9":"product_cat-tus-zetel","10":"product_cat-vereine","11":"product_cat-wettkampfbekleidung-tus-zetel","12":"description-off","14":"first","15":"instock","16":"sale","17":"taxable","18":"shipping-taxable","19":"purchasable","20":"product-type-variable"},"_links":{"self":[{"href":"https:\/\/sport-goslar.de\/verein-shop\/wp-json\/wp\/v2\/product\/3116","targetHints":{"allow":["GET"]}}],"collection":[{"href":"https:\/\/sport-goslar.de\/verein-shop\/wp-json\/wp\/v2\/product"}],"about":[{"href":"https:\/\/sport-goslar.de\/verein-shop\/wp-json\/wp\/v2\/types\/product"}],"wp:featuredmedia":[{"embeddable":true,"href":"https:\/\/sport-goslar.de\/verein-shop\/wp-json\/wp\/v2\/media\/3106"}],"wp:attachment":[{"href":"https:\/\/sport-goslar.de\/verein-shop\/wp-json\/wp\/v2\/media?parent=3116"}],"wp:term":[{"taxonomy":"product_brand","embeddable":true,"href":"https:\/\/sport-goslar.de\/verein-shop\/wp-json\/wp\/v2\/product_brand?post=3116"},{"taxonomy":"product_cat","embeddable":true,"href":"https:\/\/sport-goslar.de\/verein-shop\/wp-json\/wp\/v2\/product_cat?post=3116"},{"taxonomy":"product_tag","embeddable":true,"href":"https:\/\/sport-goslar.de\/verein-shop\/wp-json\/wp\/v2\/product_tag?post=3116"}],"curies":[{"name":"wp","href":"https:\/\/api.w.org\/{rel}","templated":true}]}}