{"id":309,"date":"2021-02-18T10:24:21","date_gmt":"2021-02-18T09:24:21","guid":{"rendered":"http:\/\/sport-goslar.de\/verein-shop\/?post_type=product&#038;p=309"},"modified":"2024-05-06T17:39:40","modified_gmt":"2024-05-06T15:39:40","slug":"hml-handball-concept-orange","status":"publish","type":"product","link":"https:\/\/sport-goslar.de\/verein-shop\/produkt\/hml-handball-concept-orange\/","title":{"rendered":"HML Handball Concept HB Match Ball green"},"content":{"rendered":"<p>Hey Sportsfreunde!<\/p>\n<p>Willkommen im Vereinsshop von Sport Goslar \u2013 dem Hotspot f\u00fcr alle, die den Sport lieben und leben. Bei uns gibt es mehr Fu\u00dfball, Handball, Leichtathletik und Volleyball als du dir vorstellen kannst. Von den jungen Wilden bis hin zu den erfahrenen K\u00e4mpfern, wir sind alle verr\u00fcckt nach Sport und lassen kein Match aus.<\/p>\n<p>&nbsp;<\/p>\n<p>Lasst uns gemeinsam euren Teamgeist st\u00e4rken und eure Vereinskollektion auf ein neues Level heben. Kontaktiert uns noch heute und erfahrt, wie wir euch helfen k\u00f6nnen, euren eigenen Onlineshop zu erstellen und euer Team professionell auszustatten. Wir freuen uns darauf, von euch zu h\u00f6ren und gemeinsam mit euch durchzustarten!<\/p>\n<p>&nbsp;<\/p>\n<p><strong>Jetzt Shop einrichten:<\/strong><\/p>\n<p>Lasst uns zusammenkommen und eure individuelle Kollektion f\u00fcr euer Team besprechen. In einem pers\u00f6nlichen Gespr\u00e4ch beraten wir euch, welcher deutsche oder europ\u00e4ische Hersteller am besten zu eurem Verein, eurer Firma oder auch zum Verband passt.<\/p>\n<p>&nbsp;<\/p>\n<p><strong>Bestkonditionen und Gratisware sichern:<\/strong><\/p>\n<p>Wir m\u00f6chten auch euer Team professionell ausstatten und gro\u00dfz\u00fcgig unterst\u00fctzen. Als Ausr\u00fcster von verschiedenen Landesverb\u00e4nden mit insgesamt 283.920 Mitgliedern aus 2.971 angeschlossenen Vereinen haben wir au\u00dferordentlich gute Beziehungen zu sehr interessanten Partnern in der Sportartikelindustrie. Sichert euch jetzt TOP-Konditionen und attraktive Sponsoring-Vereinbarungen.<\/p>\n<p>&nbsp;<\/p>\n<p><strong>Eure Kollektion Online ohne zus\u00e4tzliche Kosten!<\/strong><\/p>\n<p>Keine Sorge, es entstehen keine Kosten f\u00fcr euren Vereinsshop. Wir programmieren den Onlineshop, bef\u00fcllen ihn mit den von euch ausgesuchten Artikeln, hinterlegen die Sonderpreise und \u00fcbernehmen die Pflege.<\/p>\n<p>&nbsp;<\/p>\n<p><strong>Das \u201eMIA SAN MIA\u201c \u2013 Gef\u00fchl f\u00fcr dein Team!<\/strong><\/p>\n<p>Durch einen einheitlichen, professionellen Auftritt st\u00e4rken wir das WIR-Gef\u00fchl in eurem Team. Ob als Sportverein, Fan, Firma oder Landesverband \u2013 DEIN TEAM, EURE FARBEN!<\/p>\n<p>&nbsp;<\/p>\n<p><strong>Entlastung von Ehrenamtlichen!<\/strong><\/p>\n<p>Jedes Teammitglied kann sich die Artikel einfach und bequem \u00fcber den individuellen Onlineshop bestellen. Die Verantwortlichen in einem Verein oder Team k\u00f6nnen sich ab sofort auf das Wesentliche konzentrieren.<\/p>\n<p>&nbsp;<\/p>\n<p><strong>Pers\u00f6nliche Betreuung!<\/strong><\/p>\n<p>Egal wo der Schuh dr\u00fcckt, euer pers\u00f6nlicher Ansprechpartner ber\u00e4t euch individuell zu allen Fragen von der richtigen Beflockung \u00fcber die Artikelauswahl bis hin zu Lieferterminen oder Sonderanfertigungen.<\/p>\n<p>&nbsp;<\/p>\n<p>&nbsp;<\/p>\n<p>Ich bin gespannt auf Eure Anfragen<\/p>\n<p>Sven Goslar<\/p>\n","protected":false},"excerpt":{"rendered":"<p><strong>HML Concept green Gr\u00f6\u00dfe 2 bis 3<br \/>\n<\/strong><\/p>\n<p>Match Ball mit Air-Touch-Schaum. Stellen sicher, dass Du einen leistungsstarken hummel\u00ae-Handball zur Verf\u00fcgung hast. Unser HMLCONCEPT-Handball hat eine Mikrofaser-Air-Touch-Schaum-Au\u00dfenseite kombiniert mit strukturierten Chevrons f\u00fcr verbesserten Halt. Die Latexblase und das Luftfallenventil sorgen f\u00fcr eine l\u00e4ngere Luftr\u00fcckhaltung. Hochleistungs-Matchball, au\u00dfen mit Mikrofaser-Air-Touch-Schaum, strukturierte Chevrons f\u00fcr besseren Halt, Latex-Blase, Air-Trap-Ventil, 2 Jahre Garantie auf N\u00e4hte und Form, gedrucktes hummel\u00ae-Logo, gro\u00dfes Chevron-Design, Qualit\u00e4t: 100 % Microfaser PU. Art. 212550<\/p>\n<p>Fb 6179 =green<\/p>\n<p>Gr\u00f6\u00dfe\u00a0 2, 3<\/p>\n<p>UVP 54,99<\/p>\n<p>Lieferzeit: ca 3 &#8211; 10 Tage<\/p>\n<table border=\"1\" cellspacing=\"0\" cellpadding=\"0\">\n<tbody>\n<tr>\n<td><strong>Menge<\/strong><\/td>\n<td><strong>Preis<\/strong><\/td>\n<\/tr>\n<tr>\n<td>1 &#8211; 4<\/td>\n<td>35,99 \u20ac<\/td>\n<\/tr>\n<tr>\n<td>5-19<\/td>\n<td>30,99 \u20ac<\/td>\n<\/tr>\n<tr>\n<td>20-100<\/td>\n<td>29,99 \u20ac<\/td>\n<\/tr>\n<\/tbody>\n<\/table>\n<p>&nbsp;<\/p>\n","protected":false},"featured_media":2570,"template":"","meta":[],"product_brand":[],"product_cat":[394,267,275,145,297,140],"product_tag":[],"class_list":{"0":"post-309","1":"product","2":"type-product","3":"status-publish","4":"has-post-thumbnail","6":"product_cat-handbaelle-zubehoer-tkj","7":"product_cat-handbaelle-zubehoer-hml","8":"product_cat-handbaelle-zubehoer-lsv","9":"product_cat-handbaelle-zubehoer-mellendorfer-tv","10":"product_cat-handbaelle-zubehoer-mtv","11":"product_cat-mellendorfer-tv","12":"description-off","14":"first","15":"instock","16":"sale","17":"taxable","18":"shipping-taxable","19":"purchasable","20":"product-type-variable"},"_links":{"self":[{"href":"https:\/\/sport-goslar.de\/verein-shop\/wp-json\/wp\/v2\/product\/309","targetHints":{"allow":["GET"]}}],"collection":[{"href":"https:\/\/sport-goslar.de\/verein-shop\/wp-json\/wp\/v2\/product"}],"about":[{"href":"https:\/\/sport-goslar.de\/verein-shop\/wp-json\/wp\/v2\/types\/product"}],"wp:featuredmedia":[{"embeddable":true,"href":"https:\/\/sport-goslar.de\/verein-shop\/wp-json\/wp\/v2\/media\/2570"}],"wp:attachment":[{"href":"https:\/\/sport-goslar.de\/verein-shop\/wp-json\/wp\/v2\/media?parent=309"}],"wp:term":[{"taxonomy":"product_brand","embeddable":true,"href":"https:\/\/sport-goslar.de\/verein-shop\/wp-json\/wp\/v2\/product_brand?post=309"},{"taxonomy":"product_cat","embeddable":true,"href":"https:\/\/sport-goslar.de\/verein-shop\/wp-json\/wp\/v2\/product_cat?post=309"},{"taxonomy":"product_tag","embeddable":true,"href":"https:\/\/sport-goslar.de\/verein-shop\/wp-json\/wp\/v2\/product_tag?post=309"}],"curies":[{"name":"wp","href":"https:\/\/api.w.org\/{rel}","templated":true}]}}