{"id":3034,"date":"2024-01-16T21:20:57","date_gmt":"2024-01-16T20:20:57","guid":{"rendered":"https:\/\/sport-goslar.de\/verein-shop\/?post_type=product&#038;p=3034"},"modified":"2024-03-08T11:21:59","modified_gmt":"2024-03-08T10:21:59","slug":"erima-racing-singlet-inkl-vereinswappen-herren","status":"publish","type":"product","link":"https:\/\/sport-goslar.de\/verein-shop\/produkt\/erima-racing-singlet-inkl-vereinswappen-herren\/","title":{"rendered":"Erima Racing Singlet Herren inkl. Vereinswappen M\u00fchlenberger SV"},"content":{"rendered":"<p>Bitte beachtet das es sich bei individualisierten Artikeln die mit Namen, Nummern oder Sponsorenlogos versehen sind um Sonderanfertigungen handelt. Diese Artikel k\u00f6nnen leider nicht umgetauscht werden.<\/p>\n<p>Da es sich um Sonderanfertigungen handelt die extra noch gedruckt werden m\u00fcssen, betr\u00e4gt je nach Saison die Lieferzeit: ca 3 \u2013 6 Wochen<\/p>\n<p>&nbsp;<\/p>\n<p>Hey M\u00fchlenberger SV Fans und Mitglieder!<\/p>\n<p>Habt ihr schon unseren coolen Onlineshop entdeckt? Wir sind stolz darauf, euch die M\u00f6glichkeit zu bieten, eure Vereinskollektion online zu pr\u00e4sentieren und die besten Produkte f\u00fcr euer Team zu sichern. Aber wisst ihr was? Das gilt nicht nur f\u00fcr uns \u2013 wir m\u00f6chten auch anderen Vereinen die Chance geben, einen individuellen Shop zu bekommen! Unser Team steht bereit, um euren Verein oder euer Team individuell zu beraten und den perfekten Onlineshop zu erstellen.<\/p>\n<p>Gemeinsam besprechen wir, welche Produkte am besten zu euch passen und k\u00fcmmern uns dann um den Rest. Und das Beste daran? Es entstehen keine zus\u00e4tzlichen Kosten f\u00fcr euren Verein! Egal ob M\u00fchlenberger SV oder ein anderer Verein, wir m\u00f6chten euch alle unterst\u00fctzen und dazu beitragen, dass ihr euer Team mit Stolz repr\u00e4sentieren k\u00f6nnt. Unsere engen Beziehungen zu f\u00fchrenden Partnern in der Sportartikelindustrie erm\u00f6glichen es uns, euch erstklassige Konditionen und attraktive Sponsoring-Vereinbarungen anzubieten.<\/p>\n<p>Also lasst uns gemeinsam euren Teamgeist st\u00e4rken und eure Vereinskollektion auf ein neues Level heben. Kontaktiert uns noch heute und erfahrt, wie wir euch helfen k\u00f6nnen, euren eigenen Onlineshop zu erstellen und euer Team professionell auszustatten.<\/p>\n<p>Wir freuen uns darauf, von euch zu h\u00f6ren und gemeinsam mit euch durchzustarten!&#8220;<\/p>\n","protected":false},"excerpt":{"rendered":"<div class=\"woocommerce-product-details__short-description\">\n<p><strong>Herren Singlet inkl. Brustwappen M\u00fchlenberger SV<br \/>\n<\/strong><\/p>\n<p>Funktionelles Singlet mit athletischer Passform. In dem RACING SINGLET BY ERIMA \u00fcberzeugst du auf jeder Kampfbahn. In allen Disziplinen hast du darin ein k\u00fchles Tragegef\u00fchl. Denn das leichte Material reguliert die Feuchtigkeit. Durch die k\u00f6rpernahe Passform und den weiten Armausschnitt hast du maximale Bewegungsfreiheit. Extra flache N\u00e4hte sorgen daf\u00fcr, dass nichts reibt. Das Top unterst\u00fctzt volle Dynamik und kommt mit Wellenprint. Nachlieferbar bis 2026 und perfekt kombinierbar mit dem Erima Racing Longsleeve , T-Shirt, Singlet, Bra oder Sprinteranzug. F\u00fcr eine perfekte Passform sorgen der funktionelle Schnitt. Der reflektierende Print f\u00fcr bessere Sichtbarkeit runden perfekte Gesamtbild ab. Als Unisexschnittform f\u00fcr Herren und Kinder oder als taillierter Damenschnitt<\/p>\n<p>Gr\u00f6\u00dfe S bis 3XL UVP 51,99 Euro<\/p>\n<\/div>\n<p>Da es sich um Sonderanfertigungen handelt die extra noch gedruckt werden m\u00fcssen, betr\u00e4gt je nach Saison die Lieferzeit: ca 3 \u2013 6 Wochen<\/p>\n<table border=\"1\" cellspacing=\"0\" cellpadding=\"0\">\n<tbody>\n<tr>\n<td><strong>Menge<\/strong><\/td>\n<td><strong>Preis<\/strong><\/td>\n<\/tr>\n<tr>\n<td>\u00a01 &#8211; 4<\/td>\n<td>35,99 \u20ac<\/td>\n<\/tr>\n<tr>\n<td>5 &#8211; 19<\/td>\n<td>31,99 \u20ac<\/td>\n<\/tr>\n<tr>\n<td>20 &#8211; 50<\/td>\n<td>29,99 \u20ac<\/td>\n<\/tr>\n<\/tbody>\n<\/table>\n<p>&nbsp;<\/p>\n","protected":false},"featured_media":3067,"template":"","meta":[],"product_brand":[],"product_cat":[215,234,411,15,416],"product_tag":[],"class_list":{"0":"post-3034","1":"product","2":"type-product","3":"status-publish","4":"has-post-thumbnail","6":"product_cat-erima","7":"product_cat-la-wettkampfbekleidung-erima","8":"product_cat-muehlenberger-sv","9":"product_cat-vereine","10":"product_cat-wettkampfbekleidung","11":"description-off","13":"first","14":"instock","15":"sale","16":"taxable","17":"shipping-taxable","18":"purchasable","19":"product-type-variable"},"_links":{"self":[{"href":"https:\/\/sport-goslar.de\/verein-shop\/wp-json\/wp\/v2\/product\/3034","targetHints":{"allow":["GET"]}}],"collection":[{"href":"https:\/\/sport-goslar.de\/verein-shop\/wp-json\/wp\/v2\/product"}],"about":[{"href":"https:\/\/sport-goslar.de\/verein-shop\/wp-json\/wp\/v2\/types\/product"}],"wp:featuredmedia":[{"embeddable":true,"href":"https:\/\/sport-goslar.de\/verein-shop\/wp-json\/wp\/v2\/media\/3067"}],"wp:attachment":[{"href":"https:\/\/sport-goslar.de\/verein-shop\/wp-json\/wp\/v2\/media?parent=3034"}],"wp:term":[{"taxonomy":"product_brand","embeddable":true,"href":"https:\/\/sport-goslar.de\/verein-shop\/wp-json\/wp\/v2\/product_brand?post=3034"},{"taxonomy":"product_cat","embeddable":true,"href":"https:\/\/sport-goslar.de\/verein-shop\/wp-json\/wp\/v2\/product_cat?post=3034"},{"taxonomy":"product_tag","embeddable":true,"href":"https:\/\/sport-goslar.de\/verein-shop\/wp-json\/wp\/v2\/product_tag?post=3034"}],"curies":[{"name":"wp","href":"https:\/\/api.w.org\/{rel}","templated":true}]}}