{"id":3026,"date":"2024-01-16T20:15:53","date_gmt":"2024-01-16T19:15:53","guid":{"rendered":"https:\/\/sport-goslar.de\/verein-shop\/?post_type=product&#038;p=3026"},"modified":"2025-01-08T17:48:43","modified_gmt":"2025-01-08T16:48:43","slug":"hose-mit-durchgehendem-rv-damen","status":"publish","type":"product","link":"https:\/\/sport-goslar.de\/verein-shop\/produkt\/hose-mit-durchgehendem-rv-damen\/","title":{"rendered":"Hose mit durchgehendem Rei\u00dfverschlu\u00df Damen"},"content":{"rendered":"<p>Sehr geehrte Leichtathletik-Enthusiasten,<\/p>\n<p>haben Sie schon unseren erstklassigen Onlineshop f\u00fcr den Nieders\u00e4chsischen Leichtathletikverband besucht? Wir legen gro\u00dfen Wert darauf, Ihnen die beste Auswahl an hochwertigen Produkten f\u00fcr Ihre sportlichen Aktivit\u00e4ten zu pr\u00e4sentieren. Unser Shop bietet nicht nur eine Vielzahl von Artikeln f\u00fcr den Nieders\u00e4chsischen Leichtathletikverband an, sondern steht auch anderen Leichtathletik-Organisationen zur Verf\u00fcgung. Wir laden Sie herzlich ein, sich von unserer Expertise und unserem Engagement f\u00fcr die Leichtathletik zu \u00fcberzeugen. Treten Sie mit uns in Kontakt und lassen Sie uns gemeinsam Ihre sportlichen Ziele erreichen.<\/p>\n<p>&nbsp;<\/p>\n<p>Egal, ob euer Verein Handball, Fu\u00dfball, Volleyball betreibt oder als Breitensportverein aktiv ist \u2013 wir m\u00f6chten euch alle unterst\u00fctzen und dazu beitragen, dass ihr euer Team mit Stolz repr\u00e4sentieren k\u00f6nnt. Dank unserer engen Beziehungen zu f\u00fchrenden Partnern in der Sportartikelindustrie k\u00f6nnen wir euch erstklassige Konditionen und attraktive Sponsoring-Vereinbarungen bieten. Lasst uns gemeinsam euren Teamgeist st\u00e4rken und eure Vereinskollektion auf ein neues Level heben!<\/p>\n<p>&nbsp;<\/p>\n<p>Hier sind einige Gr\u00fcnde, warum ihr euch f\u00fcr unseren Service entscheiden solltet:<\/p>\n<p>&nbsp;<\/p>\n<ol>\n<li>**Individuelle Beratung f\u00fcr euren Verein**: Wir besprechen mit euch pers\u00f6nlich, welche Produkte am besten zu eurem Verein passen und welche deutschen oder europ\u00e4ischen Hersteller sich ideal eignen.<\/li>\n<\/ol>\n<p>&nbsp;<\/p>\n<ol start=\"2\">\n<li>**Bestkonditionen und Gratisware**: Als Ausr\u00fcster von verschiedenen Landesverb\u00e4nden und tausenden angeschlossenen Vereinen k\u00f6nnen wir euch TOP-Konditionen und attraktive Sponsoring-Vereinbarungen bieten.<\/li>\n<\/ol>\n<p>&nbsp;<\/p>\n<ol start=\"3\">\n<li>**Kostenloser Onlineshop**: Wir \u00fcbernehmen die Programmierung eures Onlineshops, bef\u00fcllen ihn mit euren ausgesuchten Artikeln, hinterlegen die Sonderpreise und \u00fcbernehmen die Pflege \u2013 ohne zus\u00e4tzliche Kosten f\u00fcr euren Verein!<\/li>\n<\/ol>\n<p>&nbsp;<\/p>\n<ol start=\"4\">\n<li>**Einheitlicher Auftritt f\u00fcr euer Team**: Durch einen professionellen und einheitlichen Auftritt st\u00e4rken wir das Wir-Gef\u00fchl in eurem Team, sei es als Sportverein, Fan, Firma oder Landesverband. Euer Team, eure Farben!<\/li>\n<\/ol>\n<p>&nbsp;<\/p>\n<ol start=\"5\">\n<li>**Entlastung von Ehrenamtlichen**: Dank des Onlineshops kann sich jedes Teammitglied die Artikel einfach und bequem bestellen, w\u00e4hrend die Verantwortlichen sich auf das Wesentliche konzentrieren k\u00f6nnen.<\/li>\n<\/ol>\n<p>&nbsp;<\/p>\n<ol start=\"6\">\n<li>**Pers\u00f6nliche Betreuung**: Euer pers\u00f6nlicher Ansprechpartner steht euch bei allen Fragen zur Seite, von der richtigen Beflockung \u00fcber die Artikelauswahl bis hin zu Lieferterminen oder Sonderanfertigungen.<\/li>\n<\/ol>\n<p>&nbsp;<\/p>\n<p>Kontaktiert uns noch heute und erfahrt, wie wir euch helfen k\u00f6nnen, euren eigenen Onlineshop zu erstellen und euer Team professionell auszustatten. Wir freuen uns darauf, von euch zu h\u00f6ren und gemeinsam mit euch durchzustarten!<\/p>\n","protected":false},"excerpt":{"rendered":"<div class=\"woocommerce-product-details__short-description\">\n<p><strong>Erima Hose mit durchgehendem Rei\u00dfverschlu\u00df<br \/>\n<\/strong><\/p>\n<div>Die optimale Aufw\u00e4rmhose mit durchgehendem Rei\u00dfverschluss f\u00fcr alle Sportarten. Seitlicher Rei\u00dfverschluss bis zum Bund, sehr leichte und schnell trocknende Microfaserware, leichtes Meshinnenfutter, Gummibund. Lieferbar als Unisex -oder taillierter Damenschnitt<\/div>\n<div><\/div>\n<p>Gr\u00f6\u00dfe 34-48 UVP 69,99 Euro<\/p>\n<\/div>\n<p>Lieferzeit: ca 3 &#8211; 10 Tage<\/p>\n<table border=\"1\" cellspacing=\"0\" cellpadding=\"0\">\n<tbody>\n<tr>\n<td><strong>Menge<\/strong><\/td>\n<td><strong>Preis<\/strong><\/td>\n<\/tr>\n<tr>\n<td>\u00a01 &#8211; 4<\/td>\n<td>43,99 \u20ac<\/td>\n<\/tr>\n<tr>\n<td>5 &#8211; 19<\/td>\n<td>41,99 \u20ac<\/td>\n<\/tr>\n<tr>\n<td>20 &#8211; 50<\/td>\n<td>40,99 \u20ac<\/td>\n<\/tr>\n<\/tbody>\n<\/table>\n<p>&nbsp;<\/p>\n<p>&nbsp;<\/p>\n<table border=\"1\" cellspacing=\"0\" cellpadding=\"0\">\n<tbody>\n<tr>\n<td><\/td>\n<td><\/td>\n<\/tr>\n<tr>\n<td><\/td>\n<td><\/td>\n<\/tr>\n<tr>\n<td><\/td>\n<td><\/td>\n<\/tr>\n<tr>\n<td><\/td>\n<td><\/td>\n<\/tr>\n<\/tbody>\n<\/table>\n<p>&nbsp;<\/p>\n<p>&nbsp;<\/p>\n","protected":false},"featured_media":3018,"template":"","meta":[],"product_brand":[],"product_cat":[215,443,418,434,412,409,442,411,232,440,417,15],"product_tag":[],"class_list":{"0":"post-3026","1":"product","2":"type-product","3":"status-publish","4":"has-post-thumbnail","6":"product_cat-erima","7":"product_cat-hosen-tights-mtv-stederdorf","8":"product_cat-hosen-shirts-tus-zetel","9":"product_cat-hosen-tights","10":"product_cat-hosen-shirts","11":"product_cat-leichtathletik-verband","12":"product_cat-mtv-stederdorf","13":"product_cat-muehlenberger-sv","14":"product_cat-short-und-hosen-erima","15":"product_cat-tights-hosen","16":"product_cat-tus-zetel","17":"product_cat-vereine","18":"description-off","20":"first","21":"instock","22":"sale","23":"taxable","24":"shipping-taxable","25":"purchasable","26":"product-type-variable"},"_links":{"self":[{"href":"https:\/\/sport-goslar.de\/verein-shop\/wp-json\/wp\/v2\/product\/3026","targetHints":{"allow":["GET"]}}],"collection":[{"href":"https:\/\/sport-goslar.de\/verein-shop\/wp-json\/wp\/v2\/product"}],"about":[{"href":"https:\/\/sport-goslar.de\/verein-shop\/wp-json\/wp\/v2\/types\/product"}],"wp:featuredmedia":[{"embeddable":true,"href":"https:\/\/sport-goslar.de\/verein-shop\/wp-json\/wp\/v2\/media\/3018"}],"wp:attachment":[{"href":"https:\/\/sport-goslar.de\/verein-shop\/wp-json\/wp\/v2\/media?parent=3026"}],"wp:term":[{"taxonomy":"product_brand","embeddable":true,"href":"https:\/\/sport-goslar.de\/verein-shop\/wp-json\/wp\/v2\/product_brand?post=3026"},{"taxonomy":"product_cat","embeddable":true,"href":"https:\/\/sport-goslar.de\/verein-shop\/wp-json\/wp\/v2\/product_cat?post=3026"},{"taxonomy":"product_tag","embeddable":true,"href":"https:\/\/sport-goslar.de\/verein-shop\/wp-json\/wp\/v2\/product_tag?post=3026"}],"curies":[{"name":"wp","href":"https:\/\/api.w.org\/{rel}","templated":true}]}}