{"id":3004,"date":"2024-01-16T17:52:18","date_gmt":"2024-01-16T16:52:18","guid":{"rendered":"https:\/\/sport-goslar.de\/verein-shop\/?post_type=product&#038;p=3004"},"modified":"2025-01-08T17:13:48","modified_gmt":"2025-01-08T16:13:48","slug":"erima-3-4-tight-damen","status":"publish","type":"product","link":"https:\/\/sport-goslar.de\/verein-shop\/produkt\/erima-3-4-tight-damen\/","title":{"rendered":"Erima 3\/4 Performance Tight Damen"},"content":{"rendered":"<p>Sehr geehrte Mitglieder des Nieders\u00e4chsischen Leichtathletikverbandes, haben Sie schon unseren innovativen Onlineshop besucht, der auf die Bed\u00fcrfnisse Ihrer sportlichen Gemeinschaft zugeschnitten ist? Wir sind stolz darauf, Ihnen eine moderne Plattform zu bieten, auf der Sie die neuesten Produkte und Ausr\u00fcstungen f\u00fcr Ihre Leichtathletik-Aktivit\u00e4ten finden k\u00f6nnen. Unser Shop ist nicht nur f\u00fcr den Nieders\u00e4chsischen Leichtathletikverband gedacht, sondern steht auch anderen Verb\u00e4nden und Vereinen offen. Wir sind bestrebt, Ihnen den bestm\u00f6glichen Service zu bieten und freuen uns darauf, Sie bei Ihren sportlichen Herausforderungen zu unterst\u00fctzen.<\/p>\n<p>Egal, ob euer Verein Leichtathletik, Handball, Fu\u00dfball, Volleyball betreibt oder als Breitensportverein aktiv ist \u2013 wir m\u00f6chten euch alle unterst\u00fctzen und dazu beitragen, dass ihr euer Team mit Stolz repr\u00e4sentieren k\u00f6nnt. Dank unserer engen Beziehungen zu f\u00fchrenden Partnern in der Sportartikelindustrie k\u00f6nnen wir euch erstklassige Konditionen und attraktive Sponsoring-Vereinbarungen bieten. Lasst uns gemeinsam euren Teamgeist st\u00e4rken und eure Vereinskollektion auf ein neues Level heben!<\/p>\n<p>&nbsp;<\/p>\n<p>Hier sind einige Gr\u00fcnde, warum ihr euch f\u00fcr unseren Service entscheiden solltet:<\/p>\n<p>&nbsp;<\/p>\n<ol>\n<li>**Individuelle Beratung f\u00fcr euren Verein**: Wir besprechen mit euch pers\u00f6nlich, welche Produkte am besten zu eurem Verein passen und welche deutschen oder europ\u00e4ischen Hersteller sich ideal eignen.<\/li>\n<\/ol>\n<p>&nbsp;<\/p>\n<ol start=\"2\">\n<li>**Bestkonditionen und Gratisware**: Als Ausr\u00fcster von verschiedenen Landesverb\u00e4nden und tausenden angeschlossenen Vereinen k\u00f6nnen wir euch TOP-Konditionen und attraktive Sponsoring-Vereinbarungen bieten.<\/li>\n<\/ol>\n<p>&nbsp;<\/p>\n<ol start=\"3\">\n<li>**Kostenloser Onlineshop**: Wir \u00fcbernehmen die Programmierung eures Onlineshops, bef\u00fcllen ihn mit euren ausgesuchten Artikeln, hinterlegen die Sonderpreise und \u00fcbernehmen die Pflege \u2013 ohne zus\u00e4tzliche Kosten f\u00fcr euren Verein!<\/li>\n<\/ol>\n<p>&nbsp;<\/p>\n<ol start=\"4\">\n<li>**Einheitlicher Auftritt f\u00fcr euer Team**: Durch einen professionellen und einheitlichen Auftritt st\u00e4rken wir das Wir-Gef\u00fchl in eurem Team, sei es als Sportverein, Fan, Firma oder Landesverband. Euer Team, eure Farben!<\/li>\n<\/ol>\n<p>&nbsp;<\/p>\n<ol start=\"5\">\n<li>**Entlastung von Ehrenamtlichen**: Dank des Onlineshops kann sich jedes Teammitglied die Artikel einfach und bequem bestellen, w\u00e4hrend die Verantwortlichen sich auf das Wesentliche konzentrieren k\u00f6nnen.<\/li>\n<\/ol>\n<p>&nbsp;<\/p>\n<ol start=\"6\">\n<li>**Pers\u00f6nliche Betreuung**: Euer pers\u00f6nlicher Ansprechpartner steht euch bei allen Fragen zur Seite, von der richtigen Beflockung \u00fcber die Artikelauswahl bis hin zu Lieferterminen oder Sonderanfertigungen.<\/li>\n<\/ol>\n<p>&nbsp;<\/p>\n<p>Kontaktiert uns noch heute und erfahrt, wie wir euch helfen k\u00f6nnen, euren eigenen Onlineshop zu erstellen und euer Team professionell auszustatten. Wir freuen uns darauf, von euch zu h\u00f6ren und gemeinsam mit euch durchzustarten!<\/p>\n<p>&nbsp;<\/p>\n","protected":false},"excerpt":{"rendered":"<div class=\"woocommerce-product-details__short-description\">\n<p><strong>Erima Performance 3\/4Tight<\/strong><\/p>\n<p>Super angenehme 3\/4 Variante f\u00fcr jeden Lauf. Tasche mit Rei\u00dfverschluss und Reflektoren, Flachn\u00e4hte f\u00fcr optimalen Tragekomfort mit reflektierendem Band, Mesheinsatz in der Kniekehle, egonomisch verlaufend, Silikonband am Saum f\u00fcr optimalen Halt.<\/p>\n<p>Gr\u00f6\u00dfe 34 bis 44 UVP 59,99<\/p>\n<\/div>\n<p>&nbsp;<\/p>\n<p>Lieferzeit: ca 3 &#8211; 10 Tage<\/p>\n<table border=\"1\" cellspacing=\"0\" cellpadding=\"0\">\n<tbody>\n<tr>\n<td><strong>Menge<\/strong><\/td>\n<td><strong>Preis<\/strong><\/td>\n<\/tr>\n<tr>\n<td>\u00a01 &#8211; 4<\/td>\n<td>39,99 \u20ac<\/td>\n<\/tr>\n<tr>\n<td>5 &#8211; 19<\/td>\n<td>37,99 \u20ac<\/td>\n<\/tr>\n<tr>\n<td>20 &#8211; 50<\/td>\n<td>36,99 \u20ac<\/td>\n<\/tr>\n<\/tbody>\n<\/table>\n<p>&nbsp;<\/p>\n","protected":false},"featured_media":3015,"template":"","meta":[],"product_brand":[],"product_cat":[215,443,434,418,412,409,442,411,232,433,440,417,15],"product_tag":[],"class_list":{"0":"post-3004","1":"product","2":"type-product","3":"status-publish","4":"has-post-thumbnail","6":"product_cat-erima","7":"product_cat-hosen-tights-mtv-stederdorf","8":"product_cat-hosen-tights","9":"product_cat-hosen-shirts-tus-zetel","10":"product_cat-hosen-shirts","11":"product_cat-leichtathletik-verband","12":"product_cat-mtv-stederdorf","13":"product_cat-muehlenberger-sv","14":"product_cat-short-und-hosen-erima","15":"product_cat-sv-friedrichsfehn","16":"product_cat-tights-hosen","17":"product_cat-tus-zetel","18":"product_cat-vereine","19":"description-off","21":"first","22":"instock","23":"sale","24":"taxable","25":"shipping-taxable","26":"purchasable","27":"product-type-variable"},"_links":{"self":[{"href":"https:\/\/sport-goslar.de\/verein-shop\/wp-json\/wp\/v2\/product\/3004","targetHints":{"allow":["GET"]}}],"collection":[{"href":"https:\/\/sport-goslar.de\/verein-shop\/wp-json\/wp\/v2\/product"}],"about":[{"href":"https:\/\/sport-goslar.de\/verein-shop\/wp-json\/wp\/v2\/types\/product"}],"wp:featuredmedia":[{"embeddable":true,"href":"https:\/\/sport-goslar.de\/verein-shop\/wp-json\/wp\/v2\/media\/3015"}],"wp:attachment":[{"href":"https:\/\/sport-goslar.de\/verein-shop\/wp-json\/wp\/v2\/media?parent=3004"}],"wp:term":[{"taxonomy":"product_brand","embeddable":true,"href":"https:\/\/sport-goslar.de\/verein-shop\/wp-json\/wp\/v2\/product_brand?post=3004"},{"taxonomy":"product_cat","embeddable":true,"href":"https:\/\/sport-goslar.de\/verein-shop\/wp-json\/wp\/v2\/product_cat?post=3004"},{"taxonomy":"product_tag","embeddable":true,"href":"https:\/\/sport-goslar.de\/verein-shop\/wp-json\/wp\/v2\/product_tag?post=3004"}],"curies":[{"name":"wp","href":"https:\/\/api.w.org\/{rel}","templated":true}]}}