{"id":2995,"date":"2024-01-16T11:54:41","date_gmt":"2024-01-16T10:54:41","guid":{"rendered":"https:\/\/sport-goslar.de\/verein-shop\/?post_type=product&#038;p=2995"},"modified":"2025-01-08T17:13:40","modified_gmt":"2025-01-08T16:13:40","slug":"erima-racing-lauftight-lang-damen","status":"publish","type":"product","link":"https:\/\/sport-goslar.de\/verein-shop\/produkt\/erima-racing-lauftight-lang-damen\/","title":{"rendered":"Erima Racing Lauftight lang Damen"},"content":{"rendered":"","protected":false},"excerpt":{"rendered":"<div class=\"woocommerce-product-details__short-description\">\n<p><strong>Erima Race Line 2.0 Tight lang f\u00fcr Damen<\/strong><br \/>\nLange Laufhose f\u00fcr k\u00fchlere Tage aus der neuen Erima Race Line. Weiches und elastisches Funktionsmaterial, Flachn\u00e4hte, reflektierende Elemente an den Seiten, Rei\u00dfverschlu\u00df am Saum, Breiter Bund mit integriertem Gummiban und Kordel f\u00fcr optimalen Halt, Rei\u00dfverschlu\u00dftasche am R\u00fcckenteil. Spezieller Damenschnitt<\/p>\n<p>Gr\u00f6\u00dfe 34 bis 44 UVP 59,99<\/p>\n<\/div>\n<p>&nbsp;<\/p>\n<p>Lieferzeit: ca 3 &#8211; 10 Tage<\/p>\n<table border=\"1\" cellspacing=\"0\" cellpadding=\"0\">\n<tbody>\n<tr>\n<td><strong>Menge<\/strong><\/td>\n<td><strong>Preis<\/strong><\/td>\n<\/tr>\n<tr>\n<td>\u00a01 &#8211; 4<\/td>\n<td>39,99 \u20ac<\/td>\n<\/tr>\n<tr>\n<td>5 &#8211; 19<\/td>\n<td>37,99 \u20ac<\/td>\n<\/tr>\n<tr>\n<td>20 &#8211; 50<\/td>\n<td>36,99 \u20ac<\/td>\n<\/tr>\n<\/tbody>\n<\/table>\n<p>&nbsp;<\/p>\n","protected":false},"featured_media":3013,"template":"","meta":[],"product_brand":[],"product_cat":[215,434,418,443,412,409,442,411,232,433,440,417,15],"product_tag":[],"class_list":{"0":"post-2995","1":"product","2":"type-product","3":"status-publish","4":"has-post-thumbnail","6":"product_cat-erima","7":"product_cat-hosen-tights","8":"product_cat-hosen-shirts-tus-zetel","9":"product_cat-hosen-tights-mtv-stederdorf","10":"product_cat-hosen-shirts","11":"product_cat-leichtathletik-verband","12":"product_cat-mtv-stederdorf","13":"product_cat-muehlenberger-sv","14":"product_cat-short-und-hosen-erima","15":"product_cat-sv-friedrichsfehn","16":"product_cat-tights-hosen","17":"product_cat-tus-zetel","18":"product_cat-vereine","19":"description-off","21":"first","22":"instock","23":"sale","24":"taxable","25":"shipping-taxable","26":"purchasable","27":"product-type-variable"},"_links":{"self":[{"href":"https:\/\/sport-goslar.de\/verein-shop\/wp-json\/wp\/v2\/product\/2995","targetHints":{"allow":["GET"]}}],"collection":[{"href":"https:\/\/sport-goslar.de\/verein-shop\/wp-json\/wp\/v2\/product"}],"about":[{"href":"https:\/\/sport-goslar.de\/verein-shop\/wp-json\/wp\/v2\/types\/product"}],"wp:featuredmedia":[{"embeddable":true,"href":"https:\/\/sport-goslar.de\/verein-shop\/wp-json\/wp\/v2\/media\/3013"}],"wp:attachment":[{"href":"https:\/\/sport-goslar.de\/verein-shop\/wp-json\/wp\/v2\/media?parent=2995"}],"wp:term":[{"taxonomy":"product_brand","embeddable":true,"href":"https:\/\/sport-goslar.de\/verein-shop\/wp-json\/wp\/v2\/product_brand?post=2995"},{"taxonomy":"product_cat","embeddable":true,"href":"https:\/\/sport-goslar.de\/verein-shop\/wp-json\/wp\/v2\/product_cat?post=2995"},{"taxonomy":"product_tag","embeddable":true,"href":"https:\/\/sport-goslar.de\/verein-shop\/wp-json\/wp\/v2\/product_tag?post=2995"}],"curies":[{"name":"wp","href":"https:\/\/api.w.org\/{rel}","templated":true}]}}