{"id":2981,"date":"2024-01-16T11:08:35","date_gmt":"2024-01-16T10:08:35","guid":{"rendered":"https:\/\/sport-goslar.de\/verein-shop\/?post_type=product&#038;p=2981"},"modified":"2025-01-08T16:55:58","modified_gmt":"2025-01-08T15:55:58","slug":"erima-polyhose-shooter-kinder","status":"publish","type":"product","link":"https:\/\/sport-goslar.de\/verein-shop\/produkt\/erima-polyhose-shooter-kinder\/","title":{"rendered":"Erima Trainingshose Kinder"},"content":{"rendered":"<p>Willkommen liebe Leichtathletikbegeisterte und Mitglieder des nieders\u00e4chsischen Leichtathletikverbandes!<\/p>\n<p>&nbsp;<\/p>\n<p>Seid ihr schon auf unseren brandneuen Onlineshop gesto\u00dfen? Hier habt ihr nicht nur die M\u00f6glichkeit, eure Vereinskollektionen zu pr\u00e4sentieren, sondern auch die besten Produkte f\u00fcr euer Team zu sichern. Doch das ist l\u00e4ngst nicht alles \u2013 wir m\u00f6chten auch anderen Leichtathletikvereinen die M\u00f6glichkeit geben, ihre eigenen individuellen Shops zu bekommen!<\/p>\n<p>&nbsp;<\/p>\n<p>Unser erfahrenes Team steht bereit, um euch bei der Erstellung eures eigenen Onlineshops zu unterst\u00fctzen. Und das Beste daran? Es entstehen keine zus\u00e4tzlichen Kosten f\u00fcr euren Verband! Egal, ob ihr dem nieders\u00e4chsischen Leichtathletikverband angeh\u00f6rt oder einem anderen Verband, wir sind hier, um euch alle zu unterst\u00fctzen und sicherzustellen, dass ihr euer Team mit Stolz repr\u00e4sentieren k\u00f6nnt. Dank unserer starken Partnerschaften in der Sportartikelindustrie k\u00f6nnen wir euch erstklassige Konditionen und attraktive Sponsoring-Vereinbarungen bieten.<\/p>\n<p>&nbsp;<\/p>\n<p>Lasst uns gemeinsam euren Teamgeist st\u00e4rken und eure Vereinskollektionen auf ein neues Level bringen! Kontaktiert uns noch heute, um mehr \u00fcber die Erstellung eures eigenen Onlineshops zu erfahren. Wir freuen uns darauf, von euch zu h\u00f6ren und mit euch gemeinsam durchzustarten!<\/p>\n","protected":false},"excerpt":{"rendered":"<p>Erima Kinder Trainingshose<\/p>\n<p>Robust, chic und perfekt kombinierbar mit allen ERIMA Oberteilen. Seitliche Eingrifftaschen mit Rei\u00dfverschluss, Hosenbein mit B\u00fcndchen, elastisches Funktionsmaterial. Erima Logo Print an der Seite<\/p>\n<p>Gr\u00f6\u00dfe 128 bis 164 UVP 29,99 Euro<\/p>\n<p>&nbsp;<\/p>\n<p>Lieferzeit: ca 3 &#8211; 10 Tage<\/p>\n<table border=\"1\" cellspacing=\"0\" cellpadding=\"0\">\n<tbody>\n<tr>\n<td><strong>Menge<\/strong><\/td>\n<td><strong>Preis<\/strong><\/td>\n<\/tr>\n<tr>\n<td>\u00a01 &#8211; 4<\/td>\n<td>19,99 \u20ac<\/td>\n<\/tr>\n<tr>\n<td>5 &#8211; 19<\/td>\n<td>17,99 \u20ac<\/td>\n<\/tr>\n<tr>\n<td>20 &#8211; 50<\/td>\n<td>16,99 \u20ac<\/td>\n<\/tr>\n<\/tbody>\n<\/table>\n<p>&nbsp;<\/p>\n","protected":false},"featured_media":3705,"template":"","meta":[],"product_brand":[],"product_cat":[215,418,443,434,412,409,442,411,232,433,440,417,15],"product_tag":[],"class_list":{"0":"post-2981","1":"product","2":"type-product","3":"status-publish","4":"has-post-thumbnail","6":"product_cat-erima","7":"product_cat-hosen-shirts-tus-zetel","8":"product_cat-hosen-tights-mtv-stederdorf","9":"product_cat-hosen-tights","10":"product_cat-hosen-shirts","11":"product_cat-leichtathletik-verband","12":"product_cat-mtv-stederdorf","13":"product_cat-muehlenberger-sv","14":"product_cat-short-und-hosen-erima","15":"product_cat-sv-friedrichsfehn","16":"product_cat-tights-hosen","17":"product_cat-tus-zetel","18":"product_cat-vereine","19":"description-off","21":"first","22":"instock","23":"sale","24":"taxable","25":"shipping-taxable","26":"purchasable","27":"product-type-variable"},"_links":{"self":[{"href":"https:\/\/sport-goslar.de\/verein-shop\/wp-json\/wp\/v2\/product\/2981","targetHints":{"allow":["GET"]}}],"collection":[{"href":"https:\/\/sport-goslar.de\/verein-shop\/wp-json\/wp\/v2\/product"}],"about":[{"href":"https:\/\/sport-goslar.de\/verein-shop\/wp-json\/wp\/v2\/types\/product"}],"wp:featuredmedia":[{"embeddable":true,"href":"https:\/\/sport-goslar.de\/verein-shop\/wp-json\/wp\/v2\/media\/3705"}],"wp:attachment":[{"href":"https:\/\/sport-goslar.de\/verein-shop\/wp-json\/wp\/v2\/media?parent=2981"}],"wp:term":[{"taxonomy":"product_brand","embeddable":true,"href":"https:\/\/sport-goslar.de\/verein-shop\/wp-json\/wp\/v2\/product_brand?post=2981"},{"taxonomy":"product_cat","embeddable":true,"href":"https:\/\/sport-goslar.de\/verein-shop\/wp-json\/wp\/v2\/product_cat?post=2981"},{"taxonomy":"product_tag","embeddable":true,"href":"https:\/\/sport-goslar.de\/verein-shop\/wp-json\/wp\/v2\/product_tag?post=2981"}],"curies":[{"name":"wp","href":"https:\/\/api.w.org\/{rel}","templated":true}]}}