{"id":2966,"date":"2023-11-24T17:41:13","date_gmt":"2023-11-24T16:41:13","guid":{"rendered":"https:\/\/sport-goslar.de\/verein-shop\/?post_type=product&#038;p=2966"},"modified":"2025-01-08T16:34:51","modified_gmt":"2025-01-08T15:34:51","slug":"erima-celta-short-erwachsene","status":"publish","type":"product","link":"https:\/\/sport-goslar.de\/verein-shop\/produkt\/erima-celta-short-erwachsene\/","title":{"rendered":"Erima Short Rio 2.0 Erwachsene"},"content":{"rendered":"<p>Hallo Leichtathletikfreunde und<strong> Mitglieder des nieders\u00e4chsischen Leichtathletikverbandes<\/strong>!<\/p>\n<p>&nbsp;<\/p>\n<p>Wir pr\u00e4sentieren stolz unseren neuen Onlineshop, der speziell f\u00fcr euren Verband entwickelt wurde! Hier k\u00f6nnt ihr nicht nur eure Vereinskollektionen pr\u00e4sentieren, sondern auch die besten Produkte f\u00fcr euer Team ergattern. Doch das ist noch nicht alles \u2013 wir m\u00f6chten auch anderen Leichtathletikvereinen die M\u00f6glichkeit geben, ihre eigenen individuellen Shops zu erhalten! Unser Team steht bereit, um euch bei der Gestaltung eures Shops zu unterst\u00fctzen \u2013 und das alles ohne zus\u00e4tzliche Kosten f\u00fcr euren Verband!<\/p>\n<p>&nbsp;<\/p>\n<p>Egal, ob ihr dem nieders\u00e4chsischen Leichtathletikverband angeh\u00f6rt oder einem anderen Verband, wir stehen euch allen gleicherma\u00dfen zur Seite, um sicherzustellen, dass ihr euer Team mit Stolz repr\u00e4sentieren k\u00f6nnt. Dank unserer starken Partnerschaften in der Sportartikelindustrie k\u00f6nnen wir euch erstklassige Konditionen und attraktive Sponsoring-Vereinbarungen bieten.<\/p>\n<p>&nbsp;<\/p>\n<p>Lasst uns gemeinsam euren Teamgeist st\u00e4rken und eure Vereinskollektionen auf ein neues Level bringen! Kontaktiert uns noch heute, um mehr \u00fcber die Erstellung eures eigenen Onlineshops zu erfahren. Wir freuen uns darauf, von euch zu h\u00f6ren und gemeinsam mit euch durchzustarten!<\/p>\n","protected":false},"excerpt":{"rendered":"<p>Die Erima Rio Short o.I. ist eine funktionelle und robuste Short aus elastischem Funktionsmaterial,angenehmer Tragekomfort, optimales Preis-\/Leistungsverh\u00e4ltnis<br \/>\nLieferbar f\u00fcr Kinder und Erwachsene ohne Innenslip<\/p>\n<p>Gr\u00f6\u00dfe 4 bis 12<\/p>\n<p>UVP 19,99 Euro<\/p>\n<p>&nbsp;<\/p>\n<p>Lieferzeit: ca 3 &#8211; 10 Tage<\/p>\n<table border=\"1\" cellspacing=\"0\" cellpadding=\"0\">\n<tbody>\n<tr>\n<td><strong>Menge<\/strong><\/td>\n<td><strong>Preis<\/strong><\/td>\n<\/tr>\n<tr>\n<td>\u00a01 &#8211; 4<\/td>\n<td>13,99 \u20ac<\/td>\n<\/tr>\n<tr>\n<td>5 &#8211; 19<\/td>\n<td>11,99 \u20ac<\/td>\n<\/tr>\n<tr>\n<td>20 &#8211; 50<\/td>\n<td>11,50 \u20ac<\/td>\n<\/tr>\n<\/tbody>\n<\/table>\n<p>&nbsp;<\/p>\n","protected":false},"featured_media":3703,"template":"","meta":[],"product_brand":[],"product_cat":[215,418,443,434,412,409,442,411,232,433,440,417,15],"product_tag":[],"class_list":{"0":"post-2966","1":"product","2":"type-product","3":"status-publish","4":"has-post-thumbnail","6":"product_cat-erima","7":"product_cat-hosen-shirts-tus-zetel","8":"product_cat-hosen-tights-mtv-stederdorf","9":"product_cat-hosen-tights","10":"product_cat-hosen-shirts","11":"product_cat-leichtathletik-verband","12":"product_cat-mtv-stederdorf","13":"product_cat-muehlenberger-sv","14":"product_cat-short-und-hosen-erima","15":"product_cat-sv-friedrichsfehn","16":"product_cat-tights-hosen","17":"product_cat-tus-zetel","18":"product_cat-vereine","19":"description-off","21":"first","22":"instock","23":"sale","24":"taxable","25":"shipping-taxable","26":"purchasable","27":"product-type-variable"},"_links":{"self":[{"href":"https:\/\/sport-goslar.de\/verein-shop\/wp-json\/wp\/v2\/product\/2966","targetHints":{"allow":["GET"]}}],"collection":[{"href":"https:\/\/sport-goslar.de\/verein-shop\/wp-json\/wp\/v2\/product"}],"about":[{"href":"https:\/\/sport-goslar.de\/verein-shop\/wp-json\/wp\/v2\/types\/product"}],"wp:featuredmedia":[{"embeddable":true,"href":"https:\/\/sport-goslar.de\/verein-shop\/wp-json\/wp\/v2\/media\/3703"}],"wp:attachment":[{"href":"https:\/\/sport-goslar.de\/verein-shop\/wp-json\/wp\/v2\/media?parent=2966"}],"wp:term":[{"taxonomy":"product_brand","embeddable":true,"href":"https:\/\/sport-goslar.de\/verein-shop\/wp-json\/wp\/v2\/product_brand?post=2966"},{"taxonomy":"product_cat","embeddable":true,"href":"https:\/\/sport-goslar.de\/verein-shop\/wp-json\/wp\/v2\/product_cat?post=2966"},{"taxonomy":"product_tag","embeddable":true,"href":"https:\/\/sport-goslar.de\/verein-shop\/wp-json\/wp\/v2\/product_tag?post=2966"}],"curies":[{"name":"wp","href":"https:\/\/api.w.org\/{rel}","templated":true}]}}