{"id":2880,"date":"2023-09-07T22:09:40","date_gmt":"2023-09-07T20:09:40","guid":{"rendered":"https:\/\/sport-goslar.de\/verein-shop\/?post_type=product&#038;p=2880"},"modified":"2023-09-07T22:14:45","modified_gmt":"2023-09-07T20:14:45","slug":"hummel-kinder-poly-zip-jacke-mit-vereinswappen","status":"publish","type":"product","link":"https:\/\/sport-goslar.de\/verein-shop\/produkt\/hummel-kinder-poly-zip-jacke-mit-vereinswappen\/","title":{"rendered":"Hummel Kinder Poly Zip Jacke mit Vereinswappen"},"content":{"rendered":"<p>Ware die invividuell f\u00fcr euch veredelt wird (also z.B. mit Spielernamen, Nummern, Sponsorenlogos, Vereinswappen, Initalien, etc bedruckt\/beflockt wird) gilt als Sonderanfertigung und ist von einem Umtausch leider ausgeschlossen.<\/p>\n","protected":false},"excerpt":{"rendered":"<p><strong>Hummel Core XK Kinder Trainingsjacke mit Vereinswappen<\/strong><\/p>\n<p>Das hmlCORE XK POLY ZIP SWEAT ist ideal f\u00fcr Ihre Trainingsroutine, egal ob drinnen oder drau\u00dfen. Bleiben Sie trocken und frisch dank des Schwei\u00dfgewebes, das mit BEECOOL behandelt wurde\u00ae Technologie, die die Atmungsaktivit\u00e4t weiter verbessert und Sie k\u00fchl h\u00e4lt. Die Rei\u00dfverschlussfront bietet Vielseitigkeit in der Art und Weise, wie es getragen werden kann, w\u00e4hrend der Kragen den Hals vor dem Wind sch\u00fctzt. Der Taillenbund ist elastisch und bietet bei Bedarf Flexibilit\u00e4t und Komfort, damit Sie sich auf die jeweilige \u00dcbung konzentrieren k\u00f6nnen. Der Hummel\u00ae Logo-Print und die ikonischen Chevrons verleihen diesem Trainings-Must-Have ein stilvolles Finish.<\/p>\n<p>Gr\u00f6\u00dfe 116-176<\/p>\n<p>FB 3062= rot\/wei\u00df<\/p>\n<p>Lieferzeit: ca 10 &#8211; 20 Tage<\/p>\n<p>&nbsp;<\/p>\n<table border=\"1\" cellspacing=\"0\" cellpadding=\"0\">\n<tbody>\n<tr>\n<td><strong>Menge<\/strong><\/td>\n<td><strong>Preis<\/strong><\/td>\n<\/tr>\n<tr>\n<td>1 &#8211; 2<\/td>\n<td>37,99 \u20ac<\/td>\n<\/tr>\n<tr>\n<td>3 &#8211; 9<\/td>\n<td>35,99 \u20ac<\/td>\n<\/tr>\n<tr>\n<td>10-50<\/td>\n<td>32,99 \u20ac<\/td>\n<\/tr>\n<\/tbody>\n<\/table>\n<p>&nbsp;<\/p>\n","protected":false},"featured_media":2875,"template":"","meta":[],"product_brand":[],"product_cat":[395,396,393],"product_tag":[],"class_list":{"0":"post-2880","1":"product","2":"type-product","3":"status-publish","4":"has-post-thumbnail","6":"product_cat-jacken-oberteile-lg-tkj","7":"product_cat-kollektion-tkj-sarstedt","8":"product_cat-tkj-sarstedt","9":"description-off","11":"first","12":"instock","13":"sale","14":"taxable","15":"shipping-taxable","16":"purchasable","17":"product-type-variable"},"_links":{"self":[{"href":"https:\/\/sport-goslar.de\/verein-shop\/wp-json\/wp\/v2\/product\/2880","targetHints":{"allow":["GET"]}}],"collection":[{"href":"https:\/\/sport-goslar.de\/verein-shop\/wp-json\/wp\/v2\/product"}],"about":[{"href":"https:\/\/sport-goslar.de\/verein-shop\/wp-json\/wp\/v2\/types\/product"}],"wp:featuredmedia":[{"embeddable":true,"href":"https:\/\/sport-goslar.de\/verein-shop\/wp-json\/wp\/v2\/media\/2875"}],"wp:attachment":[{"href":"https:\/\/sport-goslar.de\/verein-shop\/wp-json\/wp\/v2\/media?parent=2880"}],"wp:term":[{"taxonomy":"product_brand","embeddable":true,"href":"https:\/\/sport-goslar.de\/verein-shop\/wp-json\/wp\/v2\/product_brand?post=2880"},{"taxonomy":"product_cat","embeddable":true,"href":"https:\/\/sport-goslar.de\/verein-shop\/wp-json\/wp\/v2\/product_cat?post=2880"},{"taxonomy":"product_tag","embeddable":true,"href":"https:\/\/sport-goslar.de\/verein-shop\/wp-json\/wp\/v2\/product_tag?post=2880"}],"curies":[{"name":"wp","href":"https:\/\/api.w.org\/{rel}","templated":true}]}}