{"id":2865,"date":"2023-09-07T21:14:25","date_gmt":"2023-09-07T19:14:25","guid":{"rendered":"https:\/\/sport-goslar.de\/verein-shop\/?post_type=product&#038;p=2865"},"modified":"2024-05-07T17:00:57","modified_gmt":"2024-05-07T15:00:57","slug":"hml-core-xk-poly-jersey-men-s-s","status":"publish","type":"product","link":"https:\/\/sport-goslar.de\/verein-shop\/produkt\/hml-core-xk-poly-jersey-men-s-s\/","title":{"rendered":"HML Core XK Poly Jersey Men S\/S"},"content":{"rendered":"<p>Willkommen beim Vereinsshop von Sport Goslar \u2013 dem ultimativen Ort f\u00fcr Vereine und Mannschaften, die den Sport leben und atmen. Hier bei uns gibt es mehr Fu\u00dfball, Handball, Leichtathletik und Volleyball als ihr euch vorstellen k\u00f6nnt. Wir sind eine Truppe von Sportfanatikern, vom Chef bis zum Nachwuchs, und unser Herz schl\u00e4gt im Takt des Sports.<\/p>\n<p>&nbsp;<\/p>\n<p>Gemeinsam wollen wir euren Teamgeist st\u00e4rken und eure Vereinskollektion auf ein neues Level heben. Kontaktiert uns noch heute, um zu erfahren, wie wir euch helfen k\u00f6nnen, euren eigenen Onlineshop zu erstellen und euer Team professionell auszustatten. Lasst uns gemeinsam durchstarten und die Grenzen des Sports sprengen!<\/p>\n<p>&nbsp;<\/p>\n<p><strong>Jetzt Shop einrichten:<\/strong><\/p>\n<p>Lasst uns zusammenkommen und eure individuelle Kollektion f\u00fcr euer Team besprechen. In einem pers\u00f6nlichen Gespr\u00e4ch beraten wir euch, welcher deutsche oder europ\u00e4ische Hersteller am besten zu eurem Verein, eurer Firma oder auch zum Verband passt.<\/p>\n<p>&nbsp;<\/p>\n<p><strong>Bestkonditionen und Gratisware sichern:<\/strong><\/p>\n<p>Wir m\u00f6chten auch euer Team professionell ausstatten und gro\u00dfz\u00fcgig unterst\u00fctzen. Als Ausr\u00fcster von verschiedenen Landesverb\u00e4nden mit insgesamt 283.920 Mitgliedern aus 2.971 angeschlossenen Vereinen haben wir au\u00dferordentlich gute Beziehungen zu sehr interessanten Partnern in der Sportartikelindustrie. Sichert euch jetzt TOP-Konditionen und attraktive Sponsoring-Vereinbarungen.<\/p>\n<p>&nbsp;<\/p>\n<p><strong>Eure Kollektion Online ohne zus\u00e4tzliche Kosten!<\/strong><\/p>\n<p>Keine Sorge, es entstehen keine Kosten f\u00fcr euren Vereinsshop. Wir programmieren den Onlineshop, bef\u00fcllen ihn mit den von euch ausgesuchten Artikeln, hinterlegen die Sonderpreise und \u00fcbernehmen die Pflege.<\/p>\n<p>&nbsp;<\/p>\n<p>D<strong>as \u201eMIA SAN MIA\u201c \u2013 Gef\u00fchl f\u00fcr dein Team!<\/strong><\/p>\n<p>Durch einen einheitlichen, professionellen Auftritt st\u00e4rken wir das WIR-Gef\u00fchl in eurem Team. Ob als Sportverein, Fan, Firma oder Landesverband \u2013 DEIN TEAM, EURE FARBEN!<\/p>\n<p>&nbsp;<\/p>\n<p><strong>Entlastung von Ehrenamtlichen!<\/strong><\/p>\n<p>Jedes Teammitglied kann sich die Artikel einfach und bequem \u00fcber den individuellen Onlineshop bestellen. Die Verantwortlichen in einem Verein oder Team k\u00f6nnen sich ab sofort auf das Wesentliche konzentrieren.<\/p>\n<p>&nbsp;<\/p>\n<p><strong>Pers\u00f6nliche Betreuung!<\/strong><\/p>\n<p>Egal wo der Schuh dr\u00fcckt, euer pers\u00f6nlicher Ansprechpartner ber\u00e4t euch individuell zu allen Fragen von der richtigen Beflockung \u00fcber die Artikelauswahl bis hin zu Lieferterminen oder Sonderanfertigungen.<\/p>\n<div id=\"tab-description\" class=\"woocommerce-Tabs-panel woocommerce-Tabs-panel--description panel entry-content wc-tab\" role=\"tabpanel\" aria-labelledby=\"tab-title-description\">\n<p>Sport Goslar ist der Spezialisten f\u00fcr individuelle Handball-, Vereins- und Team-Ausstattung! Bei uns erhaltet ihr nicht nur ma\u00dfgeschneiderte Trikots, die nach euren W\u00fcnschen design werden, sondern auch eine Vielzahl weiterer Sonderanfertigungen wie Beach Handball Tops, Sportsocken mit Vereinswappen, Handt\u00fccher und sogar Badet\u00fccher im individuellen Vereinslook.<\/p>\n<p>&nbsp;<\/p>\n<p>Seit 1894 steht Sport Goslar f\u00fcr Leidenschaft, Teamsportkompetenz und das famili\u00e4re Wir-Gef\u00fchl.Unsere Spezialisierung liegt in der Produktion gro\u00dfer St\u00fcckzahlen, aber auch Kleinauflagen ab 5 St\u00fcck k\u00f6nnen wir zu g\u00fcnstigen Preisen beflocken oder bedrucken. Wir arbeiten mit renommierten Marken wie Erima, Hummel und Jako zusammen, um euch eine erstklassige Auswahl an Textilien anzubieten.Unsere Druckerei ist professionell ausgestattet und kann eure Anfragen und Auftr\u00e4ge schnell bearbeiten und ausliefern.<\/p>\n<p>Wir legen gro\u00dfen Wert auf Nachhaltigkeit und Qualit\u00e4t, daher garantieren wir Produkte, die auf h\u00f6chstem Niveau produziert werden. Unsere Stickereien sind besonders edel und langlebig.Wir beraten euch gerne pers\u00f6nlich am Telefon oder vor Ort, um sicherzustellen, dass eure Vorstellungen perfekt umgesetzt werden.<\/p>\n<p>&nbsp;<\/p>\n<p>Vertraut auf unsere Fachkompetenz und \u00fcber 125 Jahre Erfahrung im Bereich Sportausr\u00fcstung. Sport Goslar \u2013 euer Partner f\u00fcr hochwertige Teamwear und individuelle Textilveredelung<\/p>\n<\/div>\n<p>&nbsp;<\/p>\n<p>Ich freue mich auf Eure Anfragen<\/p>\n<p>Sven Goslar<\/p>\n","protected":false},"excerpt":{"rendered":"<p><strong>Herren Trikot Core XK 1\/4 Arm<\/strong><\/p>\n<p>Das neue Hummel CoreXK Poly Jersey wurde sowohl f\u00fcr den Indoor- als auch f\u00fcr den Outdoor-Sport entwickelt und eignet sich ideal f\u00fcr Training, Training und Matchzeit. Passend zu allen Teilen aus der neuen Hummel Teamline Core XK wie z.B. der Hummel Core XK Poly Short. Das strapazierf\u00e4hige Doppelstrickgewebe verf\u00fcgt \u00fcber die BEECOOL\u00ae-Technologie und bietet ein hohes Ma\u00df an Atmungsaktivit\u00e4t und ein schnell trocknendes Design. Das Perfekte Trikot oder Trainingsshirt f\u00fcr deinen Sport. Dieses Hummel\u00ae Trikot hat kurze \u00c4rmel und die charakteristischen Hummel Chevrons auf den Schultern. Unisex Regular Schnitt<\/p>\n<p>UVP 24,99 \u20ac<\/p>\n<p>Fb 3062 =rot<\/p>\n<p>Gr\u00f6\u00dfe\u00a0 S &#8211; 3XL<\/p>\n<p>Lieferzeit: ca 5 &#8211; 14 Tage<\/p>\n<table border=\"1\" cellspacing=\"0\" cellpadding=\"0\">\n<tbody>\n<tr>\n<td><strong>Menge<\/strong><\/td>\n<td><strong>Preis<\/strong><\/td>\n<\/tr>\n<tr>\n<td>1 &#8211; 2<\/td>\n<td>16,99 \u20ac<\/td>\n<\/tr>\n<tr>\n<td>3 &#8211; 9<\/td>\n<td>15,50 \u20ac<\/td>\n<\/tr>\n<tr>\n<td>10-50<\/td>\n<td>14,99<\/td>\n<\/tr>\n<\/tbody>\n<\/table>\n<p>&nbsp;<\/p>\n<p>&nbsp;<\/p>\n","protected":false},"featured_media":2867,"template":"","meta":[],"product_brand":[],"product_cat":[223,214,222,140,220,401,225,260,259,142,226,256,286,15],"product_tag":[],"class_list":{"0":"post-2865","1":"product","2":"type-product","3":"status-publish","4":"has-post-thumbnail","6":"product_cat-fc-lehrte","7":"product_cat-hummel","8":"product_cat-lehrter-sv","9":"product_cat-mellendorfer-tv","10":"product_cat-mtv-wolfenbuettel","11":"product_cat-trikots-shirts-tkj","12":"product_cat-trikots-und-tw-hb-hummel","13":"product_cat-trikots-und-tw-hb-wolfenbuettel","14":"product_cat-trikots-und-tw-lehrter-sv","15":"product_cat-trikots-tw-mellendorfer-tv","16":"product_cat-trikots-fb-hummel","17":"product_cat-trikots-fb-wolfenbuettel","18":"product_cat-trikots-fcl","19":"product_cat-vereine","20":"description-off","22":"first","23":"instock","24":"sale","25":"taxable","26":"shipping-taxable","27":"purchasable","28":"product-type-variable"},"_links":{"self":[{"href":"https:\/\/sport-goslar.de\/verein-shop\/wp-json\/wp\/v2\/product\/2865","targetHints":{"allow":["GET"]}}],"collection":[{"href":"https:\/\/sport-goslar.de\/verein-shop\/wp-json\/wp\/v2\/product"}],"about":[{"href":"https:\/\/sport-goslar.de\/verein-shop\/wp-json\/wp\/v2\/types\/product"}],"wp:featuredmedia":[{"embeddable":true,"href":"https:\/\/sport-goslar.de\/verein-shop\/wp-json\/wp\/v2\/media\/2867"}],"wp:attachment":[{"href":"https:\/\/sport-goslar.de\/verein-shop\/wp-json\/wp\/v2\/media?parent=2865"}],"wp:term":[{"taxonomy":"product_brand","embeddable":true,"href":"https:\/\/sport-goslar.de\/verein-shop\/wp-json\/wp\/v2\/product_brand?post=2865"},{"taxonomy":"product_cat","embeddable":true,"href":"https:\/\/sport-goslar.de\/verein-shop\/wp-json\/wp\/v2\/product_cat?post=2865"},{"taxonomy":"product_tag","embeddable":true,"href":"https:\/\/sport-goslar.de\/verein-shop\/wp-json\/wp\/v2\/product_tag?post=2865"}],"curies":[{"name":"wp","href":"https:\/\/api.w.org\/{rel}","templated":true}]}}