{"id":2828,"date":"2023-06-16T12:59:43","date_gmt":"2023-06-16T10:59:43","guid":{"rendered":"https:\/\/sport-goslar.de\/verein-shop\/?post_type=product&#038;p=2828"},"modified":"2025-02-21T13:12:00","modified_gmt":"2025-02-21T12:12:00","slug":"kapuzensweat-kampfrichterin","status":"publish","type":"product","link":"https:\/\/sport-goslar.de\/verein-shop\/produkt\/kapuzensweat-kampfrichterin\/","title":{"rendered":"Kapuzenjacke NLV Kampfrichterin"},"content":{"rendered":"<p>Guten Tag, liebe Mitglieder und Fans des nieders\u00e4chsischen Leichtathletikverbandes!<\/p>\n<p>Habt ihr schon unseren brandneuen Onlineshop entdeckt? Wir sind stolz darauf, euch nicht nur die besten Produkte f\u00fcr eure Teams, sondern auch eine spezielle Auswahl f\u00fcr die Kampfrichter und Kampfrichterinnen anzubieten! Alle Artikel sind individuell mit dem NLV Kampfrichter Logo versehen, um eure Zugeh\u00f6rigkeit zu zeigen. Doch das ist noch nicht alles \u2013 wir m\u00f6chten auch anderen Leichtathletikvereinen die M\u00f6glichkeit geben, ihre eigenen individuellen Shops zu bekommen!<\/p>\n<p>Unser erfahrenes Team steht bereit, um euch bei der Erstellung eures eigenen Onlineshops zu unterst\u00fctzen \u2013 und das alles ohne zus\u00e4tzliche Kosten f\u00fcr euren Verband! Egal, ob ihr dem nieders\u00e4chsischen Leichtathletikverband angeh\u00f6rt oder einem anderen Verband, wir stehen euch allen gleicherma\u00dfen zur Seite, um sicherzustellen, dass ihr euer Team und eure Kampfrichter mit Stolz repr\u00e4sentieren k\u00f6nnt.<\/p>\n<p>Dank unserer starken Partnerschaften in der Sportartikelindustrie k\u00f6nnen wir euch erstklassige Konditionen und attraktive Sponsoring-Vereinbarungen bieten. Kontaktiert uns noch heute, um mehr \u00fcber die Erstellung eures eigenen Onlineshops zu erfahren.<\/p>\n<p>&nbsp;<\/p>\n<p>Wir freuen uns darauf, von euch zu h\u00f6ren und mit euch gemeinsam durchzustarten!&#8220;<\/p>\n<p>&nbsp;<\/p>\n<p>&nbsp;<\/p>\n<p>Ware die invividuell f\u00fcr euch veredelt wird (also z.B. mit Verbandslogo, Namen, Nummern, etc bedruckt\/beflockt wird) gilt als Sonderanfertigung und ist von einem Umtausch leider ausgeschlossen.<\/p>\n","protected":false},"excerpt":{"rendered":"<p><strong>NLV Kampfrichterin Trainingsjacke mit Kapuze<\/strong><\/p>\n<p>Die Kapuzenjacke kommt simpel und sportlich. F\u00fcr ein angenehm weiches Tragegef\u00fchl sorgt der Materialmix. Ausgestattet mit einer Kapuze sorgt die Jacke f\u00fcr einen l\u00e4ssigen Look. Raglanschnitt, offener Saumabschlu\u00df, seitliche Rei\u00dfverschlu\u00dftaschen. Perfekt kombinierbar mit vielen Teilen aus der aktuellern Erima Kollektion, diese findet ihr zu tollen Sonderpreisen im neuen <strong>NLV-Flyer<\/strong> (senden wir sehr gern zu)\u00a0 R\u00fcckendruck NLV Logo + Kampfrichterin (weibliche Textform)<\/p>\n<p><strong>Unisexschnittform<\/strong> f\u00e4llt eher aus wie ein normaler Herrensschnitt und nicht so klein wie ein taillierten Damenschnitt!<\/p>\n<p>Gr\u00f6\u00dfe S &#8211; 4XL\u00a0 UVP 64,99 Euro inklusive Druckkosten<\/p>\n<p>WICHTIG; dieser Artikel ist nur f\u00fcr vom NLV autorisierte Kampfrichterinnen. Ware die invividuell f\u00fcr euch veredelt wird (also z.B. mit Verbandslogo, individuelle Textzus\u00e4tze z.B. Kampfrichter\/Kampfrichterrin) gilt als Sonderanfertigung und ist von einem Umtausch leider ausgeschlossen.<\/p>\n<p>Lieferzeit: ca 3-5 Wochen<\/p>\n<p>&nbsp;<\/p>\n<table border=\"1\" cellspacing=\"0\" cellpadding=\"0\">\n<tbody>\n<tr>\n<td><strong>Menge<\/strong><\/td>\n<td><strong>Preis<\/strong><\/td>\n<\/tr>\n<tr>\n<td>1 &#8211; 2<\/td>\n<td>44,99 \u20ac<\/td>\n<\/tr>\n<tr>\n<td>3 &#8211; 4<\/td>\n<td>41,99 \u20ac<\/td>\n<\/tr>\n<tr>\n<td>5 &#8211; 20<\/td>\n<td>39,99 \u20ac<\/td>\n<\/tr>\n<\/tbody>\n<\/table>\n<p>&nbsp;<\/p>\n<p>&nbsp;<\/p>\n","protected":false},"featured_media":3794,"template":"","meta":[],"product_brand":[],"product_cat":[410,409],"product_tag":[],"class_list":{"0":"post-2828","1":"product","2":"type-product","3":"status-publish","4":"has-post-thumbnail","6":"product_cat-kampfrichterinnen","7":"product_cat-leichtathletik-verband","8":"description-off","10":"first","11":"instock","12":"sale","13":"taxable","14":"shipping-taxable","15":"purchasable","16":"product-type-variable"},"_links":{"self":[{"href":"https:\/\/sport-goslar.de\/verein-shop\/wp-json\/wp\/v2\/product\/2828","targetHints":{"allow":["GET"]}}],"collection":[{"href":"https:\/\/sport-goslar.de\/verein-shop\/wp-json\/wp\/v2\/product"}],"about":[{"href":"https:\/\/sport-goslar.de\/verein-shop\/wp-json\/wp\/v2\/types\/product"}],"wp:featuredmedia":[{"embeddable":true,"href":"https:\/\/sport-goslar.de\/verein-shop\/wp-json\/wp\/v2\/media\/3794"}],"wp:attachment":[{"href":"https:\/\/sport-goslar.de\/verein-shop\/wp-json\/wp\/v2\/media?parent=2828"}],"wp:term":[{"taxonomy":"product_brand","embeddable":true,"href":"https:\/\/sport-goslar.de\/verein-shop\/wp-json\/wp\/v2\/product_brand?post=2828"},{"taxonomy":"product_cat","embeddable":true,"href":"https:\/\/sport-goslar.de\/verein-shop\/wp-json\/wp\/v2\/product_cat?post=2828"},{"taxonomy":"product_tag","embeddable":true,"href":"https:\/\/sport-goslar.de\/verein-shop\/wp-json\/wp\/v2\/product_tag?post=2828"}],"curies":[{"name":"wp","href":"https:\/\/api.w.org\/{rel}","templated":true}]}}