{"id":2813,"date":"2021-05-25T19:26:41","date_gmt":"2021-05-25T17:26:41","guid":{"rendered":"https:\/\/sport-goslar.de\/verein-shop\/?post_type=product&#038;p=2813"},"modified":"2024-03-11T18:07:22","modified_gmt":"2024-03-11T17:07:22","slug":"hml-core-xk-poly-pant-kinder","status":"publish","type":"product","link":"https:\/\/sport-goslar.de\/verein-shop\/produkt\/hml-core-xk-poly-pant-kinder\/","title":{"rendered":"HML Core XK Poly Pant Kinder"},"content":{"rendered":"<p>Hey Sportvereine und Hummel-Fans,<\/p>\n<p>&nbsp;<\/p>\n<p>Wisst ihr schon, was ihr verpasst? Unser cooler Onlineshop ist der Place-to-be f\u00fcr alle, die ihren Verein stylisch und professionell ausstatten wollen. Und das Beste? Wir wollen nicht nur f\u00fcr uns alleine die Party rocken \u2013 nein, wir wollen auch anderen Vereinen die Chance geben, Teil des Clubs zu werden! Unser Team steht in den Startl\u00f6chern, um euch mit einem individuellen Onlineshop zu versorgen, der eurem Verein ordentlich Dampf macht. Zusammen schnacken wir \u00fcber eure Style-Pr\u00e4ferenzen und rocken dann die Bude \u2013 ohne dass ihr auch nur einen Cent extra blechen m\u00fcsst!<\/p>\n<p>&nbsp;<\/p>\n<p>Egal, ob ihr auf dem Platz Fu\u00dfball, Handball oder Volleyball rockt oder einfach nur als Breitensportverein abh\u00e4ngt \u2013 wir sind f\u00fcr alle am Start, um euer Team aufs n\u00e4chste Level zu bringen! Dank unserer guten Connections zu den Big Playern in der Sportartikelwelt, kriegt ihr bei uns die fettsten Deals und coolsten Sponsoring-Deals abgegriffen. Also, lasst uns zusammen Gas geben und eure Vereinskollektion aufpimpen!<\/p>\n<p>&nbsp;<\/p>\n<p>Hier sind ein paar Gr\u00fcnde, warum ihr euch unbedingt f\u00fcr uns entscheiden solltet:<\/p>\n<p>&nbsp;<\/p>\n<ol>\n<li>**Individuelle Beratung vom Feinsten**: Wir checken mit euch ab, was zu euch passt und welche Hersteller die richtigen Moves machen.<\/li>\n<\/ol>\n<p>&nbsp;<\/p>\n<ol start=\"2\">\n<li>**Top-Konditionen und Gratisware**: Als Partner von Landesverb\u00e4nden und unz\u00e4hligen Vereinen haben wir die Connections, um euch die fettesten Konditionen zu liefern.<\/li>\n<\/ol>\n<p>&nbsp;<\/p>\n<ol start=\"3\">\n<li>**Kostenloser Onlineshop-Party**: Wir werfen den Onlineshop an den Start, bef\u00fcllen ihn mit euren Lieblingsst\u00fccken und machen die Preise so hei\u00df, dass ihr euch die Finger verbrennt \u2013 und das alles ohne Extrakosten!<\/li>\n<\/ol>\n<p>&nbsp;<\/p>\n<ol start=\"4\">\n<li>**Einheitlicher Style f\u00fcr euer Team**: Mit einem einheitlichen und professionellen Auftritt st\u00e4rken wir das Teamgef\u00fchl und geben eurem Verein den richtigen Swag \u2013 ob auf dem Platz oder auf der Trib\u00fcne!<\/li>\n<\/ol>\n<p>&nbsp;<\/p>\n<ol start=\"5\">\n<li>**Ehrenamtliche k\u00f6nnen chillen**: Dank unseres Onlineshops k\u00f6nnen sich eure Teammates ganz entspannt die coolsten Teile ordern, w\u00e4hrend die Verantwortlichen sich zur\u00fccklehnen und entspannt die F\u00fc\u00dfe hochlegen.<\/li>\n<\/ol>\n<p>&nbsp;<\/p>\n<ol start=\"6\">\n<li>**Pers\u00f6nliche Betreuung Deluxe**: Euer pers\u00f6nlicher Ansprechpartner steht euch rund um die Uhr zur Seite \u2013 vom richtigen Print bis zur P\u00fcnktlichkeit der Lieferung!<\/li>\n<\/ol>\n<p>&nbsp;<\/p>\n<p>Also, worauf wartet ihr noch? Lasst uns zusammen eure Vereinskollektion zum Beben bringen!<\/p>\n<p>&nbsp;<\/p>\n","protected":false},"excerpt":{"rendered":"<p>Hummel Core XK Poly Pant Kinder<\/p>\n<p>Die hmlCORE XK POLY PANTS besteht aus einem strapazierf\u00e4higen Polyester-Sweatstoff, der dich w\u00e4hrend des Trainings trocken h\u00e4lt. Diese Hummel\u00aeHose verf\u00fcgt \u00fcber einen Kordelzug an der Taille und Bein\u00f6ffnungen mit Rei\u00dfverschluss, die deine bevorzugte Anpassung und die ideale Passform erm\u00f6glichen. BeeCool Feuchtigkeitsmanagment. Rei\u00dfverschlusstaschen sorgen daf\u00fcr, dass die Sicherheit der Wertsachen keine Ablenkung darstellt. Sie verf\u00fcgen auch \u00fcber die klassischen Chevrons und den Logodruck, um den Look zu vervollst\u00e4ndigen. Art.212655<\/p>\n<p>Gr\u00f6\u00dfe 116-176: UVP 29,99 Euro<\/p>\n<p>Lieferzeit: ca 3 &#8211; 10 Tage<\/p>\n<table border=\"1\" cellspacing=\"0\" cellpadding=\"0\">\n<tbody>\n<tr>\n<td><strong>Menge<\/strong><\/td>\n<td><strong>Preis<\/strong><\/td>\n<\/tr>\n<tr>\n<td>1 &#8211; 2<\/td>\n<td>20,99 \u20ac<\/td>\n<\/tr>\n<tr>\n<td>3 &#8211; 9<\/td>\n<td>18,99 \u20ac<\/td>\n<\/tr>\n<tr>\n<td>10-50<\/td>\n<td>18,50 \u20ac<\/td>\n<\/tr>\n<\/tbody>\n<\/table>\n<p>&nbsp;<\/p>\n","protected":false},"featured_media":2805,"template":"","meta":[],"product_brand":[],"product_cat":[223,214,222,219,140,220,398,281,262,277,270,190,291,288,218,15],"product_tag":[],"class_list":{"0":"post-2813","1":"product","2":"type-product","3":"status-publish","4":"has-post-thumbnail","6":"product_cat-fc-lehrte","7":"product_cat-hummel","8":"product_cat-lehrter-sv","9":"product_cat-lsn-shop","10":"product_cat-mellendorfer-tv","11":"product_cat-mtv-wolfenbuettel","12":"product_cat-short-hosen-tkj-sarstedt","13":"product_cat-short-u-hosen-fcl","14":"product_cat-short-und-hosen-hml","15":"product_cat-short-u-hosen-lsn","16":"product_cat-short-u-hosen-lsv","17":"product_cat-short-und-hosen-mellendorfer-tv","18":"product_cat-short-u-hosen-mtv-wolfenbuettel","19":"product_cat-short-u-hosen-tvn","20":"product_cat-tvn-shop","21":"product_cat-vereine","22":"description-off","24":"first","25":"instock","26":"sale","27":"taxable","28":"shipping-taxable","29":"purchasable","30":"product-type-variable"},"_links":{"self":[{"href":"https:\/\/sport-goslar.de\/verein-shop\/wp-json\/wp\/v2\/product\/2813","targetHints":{"allow":["GET"]}}],"collection":[{"href":"https:\/\/sport-goslar.de\/verein-shop\/wp-json\/wp\/v2\/product"}],"about":[{"href":"https:\/\/sport-goslar.de\/verein-shop\/wp-json\/wp\/v2\/types\/product"}],"wp:featuredmedia":[{"embeddable":true,"href":"https:\/\/sport-goslar.de\/verein-shop\/wp-json\/wp\/v2\/media\/2805"}],"wp:attachment":[{"href":"https:\/\/sport-goslar.de\/verein-shop\/wp-json\/wp\/v2\/media?parent=2813"}],"wp:term":[{"taxonomy":"product_brand","embeddable":true,"href":"https:\/\/sport-goslar.de\/verein-shop\/wp-json\/wp\/v2\/product_brand?post=2813"},{"taxonomy":"product_cat","embeddable":true,"href":"https:\/\/sport-goslar.de\/verein-shop\/wp-json\/wp\/v2\/product_cat?post=2813"},{"taxonomy":"product_tag","embeddable":true,"href":"https:\/\/sport-goslar.de\/verein-shop\/wp-json\/wp\/v2\/product_tag?post=2813"}],"curies":[{"name":"wp","href":"https:\/\/api.w.org\/{rel}","templated":true}]}}