{"id":2786,"date":"2023-05-11T20:44:14","date_gmt":"2023-05-11T18:44:14","guid":{"rendered":"https:\/\/sport-goslar.de\/verein-shop\/?post_type=product&#038;p=2786"},"modified":"2025-02-21T13:39:51","modified_gmt":"2025-02-21T12:39:51","slug":"polo-kampfrichter","status":"publish","type":"product","link":"https:\/\/sport-goslar.de\/verein-shop\/produkt\/polo-kampfrichter\/","title":{"rendered":"Polo Kampfrichter"},"content":{"rendered":"<p>Hallo liebe Mitglieder des nieders\u00e4chsischen Leichtathletikverbandes und alle Leichtathletikfans!<\/p>\n<p>Habt ihr schon unseren neuen Onlineshop entdeckt? Hier findet ihr nicht nur die besten Produkte f\u00fcr eure Teams, sondern auch eine spezielle Auswahl f\u00fcr die Kampfrichter und Kampfrichterinnen! Jeder Artikel ist mit dem NLV Kampfrichter Logo versehen, um eure Zugeh\u00f6rigkeit zu symbolisieren. Aber das ist noch nicht alles \u2013 wir m\u00f6chten auch anderen Leichtathletikvereinen die M\u00f6glichkeit bieten, ihre eigenen individuellen Shops zu erhalten!<\/p>\n<p>Unser Team steht bereit, um euch bei der Erstellung eures eigenen Onlineshops zu unterst\u00fctzen \u2013 und das ohne zus\u00e4tzliche Kosten f\u00fcr euren Verband! Egal, ob ihr dem nieders\u00e4chsischen Leichtathletikverband angeh\u00f6rt oder einem anderen Verband, wir sind hier, um euch zu helfen und sicherzustellen, dass ihr euer Team und eure Kampfrichter mit Stolz vertreten k\u00f6nnt. Dank unserer starken Partnerschaften in der Sportartikelindustrie k\u00f6nnen wir euch erstklassige Konditionen und attraktive Sponsoring-Vereinbarungen bieten.<\/p>\n<p>&nbsp;<\/p>\n<p>Kontaktiert uns noch heute, um mehr zu erfahren. Wir freuen uns darauf, von euch zu h\u00f6ren und gemeinsam mit euch durchzustarten!<\/p>\n<p>&nbsp;<\/p>\n<p>&nbsp;<\/p>\n<p>&nbsp;<\/p>\n","protected":false},"excerpt":{"rendered":"<p><strong>Herren Polohemd NLV Kampfrichter<\/strong><\/p>\n<p>Das klassische Polohemd f\u00fcr jeden Einsatz. Das Erima Poloshirt ist besonders weich und angenehm auf der Haut zu tragen. 95% Baumwollanteil garantieren einen hohen Tragekomfort, zudem zeichnet sich die Naturfaser durch eine k\u00fchlende Wirkung aus. Der 5% ige Elastananteil bewirkt einen angenehmen Tragekomfort. Perfekt kombinierbar mit vielen Teilen aus der aktuellern Erima Kollektion, diese findet ihr zu tollen Sonderpreisen im neuen <strong>NLV-Flyer<\/strong> (senden wir sehr gern zu)<\/p>\n<p>Gerade Unisexschnittform<\/p>\n<p>Gr\u00f6\u00dfe S-3XL\u00a0 UVP 41,99 Euro inklusive Druckkosten<\/p>\n<p>WICHTIG; dieser Artikel ist nur f\u00fcr vom NLV autorisierte Kampfrichter. Ware die invividuell f\u00fcr euch veredelt wird (also z.B. mit Verbandslogo, individuelle Textzus\u00e4tze z.B. Kampfrichter\/Kampfrichterrin) gilt als Sonderanfertigung und ist von einem Umtausch leider ausgeschlossen.<\/p>\n<p>Lieferzeit: ca 2-4 Wochen<\/p>\n<p>&nbsp;<\/p>\n<table border=\"1\" cellspacing=\"0\" cellpadding=\"0\">\n<tbody>\n<tr>\n<td><strong>Menge<\/strong><\/td>\n<td><strong>Preis<\/strong><\/td>\n<\/tr>\n<tr>\n<td>1 &#8211; 2<\/td>\n<td>31,99 \u20ac<\/td>\n<\/tr>\n<tr>\n<td>3 &#8211; 4<\/td>\n<td>28,99 \u20ac<\/td>\n<\/tr>\n<tr>\n<td>5 &#8211; 20<\/td>\n<td>27,99 \u20ac<\/td>\n<\/tr>\n<\/tbody>\n<\/table>\n<p>&nbsp;<\/p>\n","protected":false},"featured_media":2783,"template":"","meta":[],"product_brand":[],"product_cat":[410,409],"product_tag":[],"class_list":{"0":"post-2786","1":"product","2":"type-product","3":"status-publish","4":"has-post-thumbnail","6":"product_cat-kampfrichterinnen","7":"product_cat-leichtathletik-verband","8":"description-off","10":"first","11":"instock","12":"sale","13":"taxable","14":"shipping-taxable","15":"purchasable","16":"product-type-variable"},"_links":{"self":[{"href":"https:\/\/sport-goslar.de\/verein-shop\/wp-json\/wp\/v2\/product\/2786","targetHints":{"allow":["GET"]}}],"collection":[{"href":"https:\/\/sport-goslar.de\/verein-shop\/wp-json\/wp\/v2\/product"}],"about":[{"href":"https:\/\/sport-goslar.de\/verein-shop\/wp-json\/wp\/v2\/types\/product"}],"wp:featuredmedia":[{"embeddable":true,"href":"https:\/\/sport-goslar.de\/verein-shop\/wp-json\/wp\/v2\/media\/2783"}],"wp:attachment":[{"href":"https:\/\/sport-goslar.de\/verein-shop\/wp-json\/wp\/v2\/media?parent=2786"}],"wp:term":[{"taxonomy":"product_brand","embeddable":true,"href":"https:\/\/sport-goslar.de\/verein-shop\/wp-json\/wp\/v2\/product_brand?post=2786"},{"taxonomy":"product_cat","embeddable":true,"href":"https:\/\/sport-goslar.de\/verein-shop\/wp-json\/wp\/v2\/product_cat?post=2786"},{"taxonomy":"product_tag","embeddable":true,"href":"https:\/\/sport-goslar.de\/verein-shop\/wp-json\/wp\/v2\/product_tag?post=2786"}],"curies":[{"name":"wp","href":"https:\/\/api.w.org\/{rel}","templated":true}]}}