{"id":2772,"date":"2023-05-11T19:56:57","date_gmt":"2023-05-11T17:56:57","guid":{"rendered":"https:\/\/sport-goslar.de\/verein-shop\/?post_type=product&#038;p=2772"},"modified":"2025-02-21T13:29:48","modified_gmt":"2025-02-21T12:29:48","slug":"sweatjacke-kampfrichter","status":"publish","type":"product","link":"https:\/\/sport-goslar.de\/verein-shop\/produkt\/sweatjacke-kampfrichter\/","title":{"rendered":"Sweatjacke Kampfrichter"},"content":{"rendered":"<p>Hallo Leichtathletik-Enthusiasten und Kammprichter des nieders\u00e4chsischen Leichtathletikverbandes!<\/p>\n<p>Habt ihr schon von unserem neuen Onlineshop geh\u00f6rt? Hier k\u00f6nnt ihr nicht nur die besten Produkte f\u00fcr eure Teams, sondern auch eine spezielle Auswahl f\u00fcr die Kampfrichter und Kampfrichterinnen entdecken! Jeder Artikel ist mit dem NLV Kampfrichter Logo versehen, um eure Zugeh\u00f6rigkeit stolz zu zeigen.<\/p>\n<p>Aber das ist noch nicht alles \u2013 wir m\u00f6chten auch anderen Leichtathletikvereinen die Chance geben, ihre eigenen individuellen Shops zu bekommen! Unser Team steht bereit, um euch bei der Gestaltung eures Shops zu unterst\u00fctzen \u2013 ohne zus\u00e4tzliche Kosten f\u00fcr euren Verband!<\/p>\n<p>Egal, ob ihr dem nieders\u00e4chsischen Leichtathletikverband angeh\u00f6rt oder einem anderen Verband, wir sind hier, um euch zu helfen und sicherzustellen, dass ihr euer Team und eure Kampfrichter mit Stolz vertreten k\u00f6nnt. Dank unserer starken Partnerschaften in der Sportartikelindustrie k\u00f6nnen wir euch erstklassige Konditionen und attraktive Sponsoring-Vereinbarungen bieten.<\/p>\n<p>&nbsp;<\/p>\n<p>Kontaktiert uns noch heute, um mehr zu erfahren. Wir freuen uns darauf, von euch zu h\u00f6ren und gemeinsam mit euch durchzustarten!<\/p>\n<p>&nbsp;<\/p>\n<p>&nbsp;<\/p>\n","protected":false},"excerpt":{"rendered":"<p><strong>Erima Liga Star Polyester Trainingsjacke mit Logo und Schriftzug NLV Kampfrichter<\/strong><\/p>\n<p>Robuste Trainingsjacke f\u00fcrs Training an k\u00fchleren Tagen aus der\u00a0 Erima Teamline Liga Star. Die Trainingsjacke LIGA STAR BY ERIMA besteht aus 100% Polyester. Mit der Polyjacke k\u00f6nnen dich auch sinkende Temperaturen nicht vom Training abhalten. Das strapazierf\u00e4hige Polyester-Material h\u00e4lt dich angenehm trocken und warm \u2013 auch bei intensiven Trainingseinheiten. Rippb\u00fcndchen und der elastische Saum sorgen daf\u00fcr, dass nichts verrutscht. Hinzu kommen seitliche Rei\u00dfverschlusstaschen f\u00fcr die wichtigen Utensilien. R\u00fcckendruck NLV Logo + Kampfrichter (m\u00e4nnliche Textform)<\/p>\n<p>WICHTIG; dieser Artikel ist nur f\u00fcr vom NLV autorisierte Kampfrichter. Ware die invividuell f\u00fcr euch veredelt wird (also z.B. mit Verbandslogo, individuelle Textzus\u00e4tze z.B. Kampfrichter\/Kampfrichterrin) gilt als Sonderanfertigung und ist von einem Umtausch leider ausgeschlossen.<\/p>\n<p>Gr\u00f6\u00dfe S-4XL\u00a0 UVP 62,99 Euro inklusive Druckkosten<\/p>\n<p>Lieferzeit: ca 3-5 Wochen<\/p>\n<p>&nbsp;<\/p>\n<table border=\"1\" cellspacing=\"0\" cellpadding=\"0\">\n<tbody>\n<tr>\n<td><strong>Menge<\/strong><\/td>\n<td><strong>Preis<\/strong><\/td>\n<\/tr>\n<tr>\n<td>1 &#8211; 2<\/td>\n<td>42,99 \u20ac<\/td>\n<\/tr>\n<tr>\n<td>3 &#8211; 4<\/td>\n<td>40,99 \u20ac<\/td>\n<\/tr>\n<tr>\n<td>5 &#8211; 20<\/td>\n<td>39,99 \u20ac<\/td>\n<\/tr>\n<\/tbody>\n<\/table>\n<p>&nbsp;<\/p>\n","protected":false},"featured_media":2775,"template":"","meta":[],"product_brand":[],"product_cat":[410,409],"product_tag":[],"class_list":{"0":"post-2772","1":"product","2":"type-product","3":"status-publish","4":"has-post-thumbnail","6":"product_cat-kampfrichterinnen","7":"product_cat-leichtathletik-verband","8":"description-off","10":"first","11":"instock","12":"sale","13":"taxable","14":"shipping-taxable","15":"purchasable","16":"product-type-variable"},"_links":{"self":[{"href":"https:\/\/sport-goslar.de\/verein-shop\/wp-json\/wp\/v2\/product\/2772","targetHints":{"allow":["GET"]}}],"collection":[{"href":"https:\/\/sport-goslar.de\/verein-shop\/wp-json\/wp\/v2\/product"}],"about":[{"href":"https:\/\/sport-goslar.de\/verein-shop\/wp-json\/wp\/v2\/types\/product"}],"wp:featuredmedia":[{"embeddable":true,"href":"https:\/\/sport-goslar.de\/verein-shop\/wp-json\/wp\/v2\/media\/2775"}],"wp:attachment":[{"href":"https:\/\/sport-goslar.de\/verein-shop\/wp-json\/wp\/v2\/media?parent=2772"}],"wp:term":[{"taxonomy":"product_brand","embeddable":true,"href":"https:\/\/sport-goslar.de\/verein-shop\/wp-json\/wp\/v2\/product_brand?post=2772"},{"taxonomy":"product_cat","embeddable":true,"href":"https:\/\/sport-goslar.de\/verein-shop\/wp-json\/wp\/v2\/product_cat?post=2772"},{"taxonomy":"product_tag","embeddable":true,"href":"https:\/\/sport-goslar.de\/verein-shop\/wp-json\/wp\/v2\/product_tag?post=2772"}],"curies":[{"name":"wp","href":"https:\/\/api.w.org\/{rel}","templated":true}]}}