{"id":2768,"date":"2023-05-11T19:45:51","date_gmt":"2023-05-11T17:45:51","guid":{"rendered":"https:\/\/sport-goslar.de\/verein-shop\/?post_type=product&#038;p=2768"},"modified":"2025-02-21T13:32:28","modified_gmt":"2025-02-21T12:32:28","slug":"funktionsjacke-kampfrichterin","status":"publish","type":"product","link":"https:\/\/sport-goslar.de\/verein-shop\/produkt\/funktionsjacke-kampfrichterin\/","title":{"rendered":"Funktionsjacke Kampfrichterin"},"content":{"rendered":"<p>Gesch\u00e4tzte Kampfrichter des nieders\u00e4chsischen Leichtathletikverbands und Leichtathletik-Enthusiasten!<\/p>\n<p>Wir sind hocherfreut, euch unseren brandneuen Onlineshop f\u00fcr den nieders\u00e4chsischen Leichtathletikverband vorzustellen!<\/p>\n<p>In unserem Shop habt ihr die M\u00f6glichkeit, eure Vereinskollektionen optimal zu pr\u00e4sentieren und hochwertige Produkte f\u00fcr euer Team zu ergattern. Doch das ist l\u00e4ngst nicht alles \u2013 wir m\u00f6chten auch anderen Verb\u00e4nden die Chance geben, ihre individuellen Shops zu gestalten! Unser erfahrenes Team steht bereit, um euch bei der Erstellung eures eigenen Onlineshops zu unterst\u00fctzen.<\/p>\n<p>Dabei entstehen keinerlei zus\u00e4tzliche Kosten f\u00fcr euren Verband! Egal, ob ihr dem nieders\u00e4chsischen Leichtathletikverband angeh\u00f6rt oder einem anderen Verband, wir sind hier, um euch alle gleicherma\u00dfen zu unterst\u00fctzen und sicherzustellen, dass ihr euer Team mit Stolz repr\u00e4sentieren k\u00f6nnt.<\/p>\n<p>Dank unserer engen Beziehungen zu f\u00fchrenden Partnern in der Sportartikelindustrie k\u00f6nnen wir euch erstklassige Konditionen und attraktive Sponsoring-Vereinbarungen bieten. Lasst uns gemeinsam euren Teamgeist st\u00e4rken und eure Vereinskollektionen auf ein neues Level heben!<\/p>\n<p>Kontaktiert uns noch heute, um mehr dar\u00fcber zu erfahren, wie wir euch bei der Erstellung eures eigenen Onlineshops unterst\u00fctzen k\u00f6nnen.<\/p>\n<p>&nbsp;<\/p>\n<p>Wir freuen uns darauf, von euch zu h\u00f6ren und gemeinsam mit euch durchzustarten!&#8220;<\/p>\n<p>&nbsp;<\/p>\n<p>&nbsp;<\/p>\n<p>&nbsp;<\/p>\n<p>Ware die invividuell f\u00fcr euch veredelt wird (also z.B. mit Verbandlogo, Namen, Nummern, etc bedruckt\/beflockt wird) gilt als Sonderanfertigung und ist von einem Umtausch leider ausgeschlossen.<\/p>\n","protected":false},"excerpt":{"rendered":"<p><strong>Damen Jacke NLV Kampfrichterin<br \/>\n<\/strong><\/p>\n<p>Erima Running Jacke Racing mit NLV Logo und Kamfrichterin Schriftzug. <strong>Wasserabweisende Laufjacke f\u00fcr Wind und Wetter<\/strong>. Mit der KAMPFRICHTERIN JACKE aus der neuen Erima Racing Teamline hat schlechtes Wetter keine Chance. Denn das Material der leichten Jacke ist wasserabweisend. Die Kapuze sch\u00fctzt zus\u00e4tzlich vor Wind und Regen. Perfekt kombinierbar mit vielen Teilen aus der aktuellern Erima Kollektion, diese findet ihr zu tollen Sonderpreisen im neuen <strong>NLV-Flyer<\/strong> (senden wir sehr gern zu) F\u00fcr eine perfekte Passform sorgt der funktionelle Schnitt. Die Seitentaschen f\u00fcr Kleinigkeiten sowie der reflektierende Print f\u00fcr bessere Sichtbarkeit runden perfekte Gesamtbild ab. <strong>Taillierte und schmale Damenschnittform!<br \/>\n<\/strong><\/p>\n<p>Gr\u00f6\u00dfe 36-44 UVP 109,99 Euro inklusive Druckkosten<\/p>\n<p>WICHTIG; dieser Artikel ist nur f\u00fcr vom NLV autorisierte Kampfrichterinnen .Ware die invividuell f\u00fcr euch veredelt wird (also z.B. mit Verbandslogo, individuelle Textzus\u00e4tze z.B. Kampfrichter\/Kampfrichterrin) gilt als Sonderanfertigung und ist von einem Umtausch leider ausgeschlossen.<\/p>\n<p>Lieferzeit: ca 2-4 Wochen<\/p>\n<p>&nbsp;<\/p>\n<table border=\"1\" cellspacing=\"0\" cellpadding=\"0\">\n<tbody>\n<tr>\n<td><strong>Menge<\/strong><\/td>\n<td><strong>Preis<\/strong><\/td>\n<\/tr>\n<tr>\n<td>1 &#8211; 2<\/td>\n<td>72,99 \u20ac<\/td>\n<\/tr>\n<tr>\n<td>3 &#8211; 4<\/td>\n<td>69,99 \u20ac<\/td>\n<\/tr>\n<tr>\n<td>5 &#8211; 20<\/td>\n<td>65,99 \u20ac<\/td>\n<\/tr>\n<\/tbody>\n<\/table>\n<p>&nbsp;<\/p>\n","protected":false},"featured_media":2770,"template":"","meta":[],"product_brand":[],"product_cat":[410,409],"product_tag":[],"class_list":{"0":"post-2768","1":"product","2":"type-product","3":"status-publish","4":"has-post-thumbnail","6":"product_cat-kampfrichterinnen","7":"product_cat-leichtathletik-verband","8":"description-off","10":"first","11":"instock","12":"sale","13":"taxable","14":"shipping-taxable","15":"purchasable","16":"product-type-variable"},"_links":{"self":[{"href":"https:\/\/sport-goslar.de\/verein-shop\/wp-json\/wp\/v2\/product\/2768","targetHints":{"allow":["GET"]}}],"collection":[{"href":"https:\/\/sport-goslar.de\/verein-shop\/wp-json\/wp\/v2\/product"}],"about":[{"href":"https:\/\/sport-goslar.de\/verein-shop\/wp-json\/wp\/v2\/types\/product"}],"wp:featuredmedia":[{"embeddable":true,"href":"https:\/\/sport-goslar.de\/verein-shop\/wp-json\/wp\/v2\/media\/2770"}],"wp:attachment":[{"href":"https:\/\/sport-goslar.de\/verein-shop\/wp-json\/wp\/v2\/media?parent=2768"}],"wp:term":[{"taxonomy":"product_brand","embeddable":true,"href":"https:\/\/sport-goslar.de\/verein-shop\/wp-json\/wp\/v2\/product_brand?post=2768"},{"taxonomy":"product_cat","embeddable":true,"href":"https:\/\/sport-goslar.de\/verein-shop\/wp-json\/wp\/v2\/product_cat?post=2768"},{"taxonomy":"product_tag","embeddable":true,"href":"https:\/\/sport-goslar.de\/verein-shop\/wp-json\/wp\/v2\/product_tag?post=2768"}],"curies":[{"name":"wp","href":"https:\/\/api.w.org\/{rel}","templated":true}]}}