{"id":2763,"date":"2023-05-11T18:50:55","date_gmt":"2023-05-11T16:50:55","guid":{"rendered":"https:\/\/sport-goslar.de\/verein-shop\/?post_type=product&#038;p=2763"},"modified":"2025-02-21T13:36:16","modified_gmt":"2025-02-21T12:36:16","slug":"funktionsjacke-kampfrichter","status":"publish","type":"product","link":"https:\/\/sport-goslar.de\/verein-shop\/produkt\/funktionsjacke-kampfrichter\/","title":{"rendered":"Funktionsjacke Kampfrichter"},"content":{"rendered":"<p>Willkommen liebe Leichtathletikbegeisterte und Kampfrichter des nieders\u00e4chsischen Leichtathletikverbandes!<\/p>\n<p>Seid ihr schon auf unseren brandneuen NLV-Kampfrichter-Onlineshop gesto\u00dfen? Hier habt ihr nicht nur die M\u00f6glichkeit, eure Vereinskollektionen zu pr\u00e4sentieren, sondern auch die besten Produkte f\u00fcr euer Team zu sichern. Doch das ist l\u00e4ngst nicht alles \u2013 wir m\u00f6chten auch anderen Leichtathletikvereinen die M\u00f6glichkeit geben, ihre eigenen individuellen Shops zu bekommen!<\/p>\n<p>Unser erfahrenes Team steht bereit, um euch bei der Erstellung eures eigenen Onlineshops zu unterst\u00fctzen. Und das Beste daran? Es entstehen keine zus\u00e4tzlichen Kosten f\u00fcr euren Verband! Egal, ob ihr dem nieders\u00e4chsischen Leichtathletikverband angeh\u00f6rt oder einem anderen Verband, wir sind hier, um euch alle zu unterst\u00fctzen und sicherzustellen, dass ihr euer Team mit Stolz repr\u00e4sentieren k\u00f6nnt.<\/p>\n<p>Dank unserer starken Partnerschaften in der Sportartikelindustrie k\u00f6nnen wir euch erstklassige Konditionen und attraktive Sponsoring-Vereinbarungen bieten. Lasst uns gemeinsam euren Teamgeist st\u00e4rken und eure Vereinskollektionen auf ein neues Level bringen! Kontaktiert uns noch heute, um mehr \u00fcber die Erstellung eures eigenen Onlineshops zu erfahren.<\/p>\n<p>&nbsp;<\/p>\n<p>Wir freuen uns darauf, von euch zu h\u00f6ren und mit euch gemeinsam durchzustarten!<\/p>\n<p>&nbsp;<\/p>\n<p>&nbsp;<\/p>\n<p>&nbsp;<\/p>\n<p>Ware die invividuell f\u00fcr euch veredelt wird (also z.B. mit Verbandlogo, Namen, Nummern, etc bedruckt\/beflockt wird) gilt als Sonderanfertigung und ist von einem Umtausch leider ausgeschlossen.<\/p>\n","protected":false},"excerpt":{"rendered":"<p><strong>Herren Jacke NLV Kampfrichter<br \/>\n<\/strong><\/p>\n<p>Erima Running Jacke Racing mit NLV Logo und Kamfrichter Schriftzug. <strong>Wasserabweisende Laufjacke f\u00fcr Wind und Wetter<\/strong>. Mit der KAMPFRICHTER JACKE aus der neuen Erima Racing Teamline hat schlechtes Wetter keine Chance. Denn das Material der leichten Jacke ist wasserabweisend. Die Kapuze sch\u00fctzt zus\u00e4tzlich vor Wind und Regen. Perfekt kombinierbar mit vielen Teilen aus der aktuellern Erima Kollektion, diese findet ihr zu tollen Sonderpreisen im neuen <strong>NLV-Flyer<\/strong> (senden wir sehr gern zu) F\u00fcr eine perfekte Passform sorgt der funktionelle Schnitt. Die Seitentaschen f\u00fcr Kleinigkeiten sowie der reflektierende Print f\u00fcr bessere Sichtbarkeit runden perfekte Gesamtbild ab. Gerade Unisexschnittform<\/p>\n<p>UVP 109,99 Euro inklusive Druckkosten<\/p>\n<p>WICHTIG; dieser Artikel ist nur f\u00fcr vom NLV autorisierte Kampfrichter. Ware die invividuell f\u00fcr euch veredelt wird (also z.B. mit Verbandslogo, individuelle Textzus\u00e4tze z.B. Kampfrichter\/Kampfrichterrin) gilt als Sonderanfertigung und ist von einem Umtausch leider ausgeschlossen.<\/p>\n<p>Gr\u00f6\u00dfe\u00a0 S &#8211; 3XL<\/p>\n<p>Lieferzeit: ca 2-4 Wochen<\/p>\n<p>&nbsp;<\/p>\n<table border=\"1\" cellspacing=\"0\" cellpadding=\"0\">\n<tbody>\n<tr>\n<td><strong>Menge<\/strong><\/td>\n<td><strong>Preis<\/strong><\/td>\n<\/tr>\n<tr>\n<td>1 &#8211; 2<\/td>\n<td>72,99 \u20ac<\/td>\n<\/tr>\n<tr>\n<td>3 &#8211; 4<\/td>\n<td>69,99 \u20ac<\/td>\n<\/tr>\n<tr>\n<td>5 &#8211; 20<\/td>\n<td>65,99 \u20ac<\/td>\n<\/tr>\n<\/tbody>\n<\/table>\n<p>&nbsp;<\/p>\n","protected":false},"featured_media":2766,"template":"","meta":[],"product_brand":[],"product_cat":[410,409],"product_tag":[],"class_list":{"0":"post-2763","1":"product","2":"type-product","3":"status-publish","4":"has-post-thumbnail","6":"product_cat-kampfrichterinnen","7":"product_cat-leichtathletik-verband","8":"description-off","10":"first","11":"instock","12":"sale","13":"taxable","14":"shipping-taxable","15":"purchasable","16":"product-type-variable"},"_links":{"self":[{"href":"https:\/\/sport-goslar.de\/verein-shop\/wp-json\/wp\/v2\/product\/2763","targetHints":{"allow":["GET"]}}],"collection":[{"href":"https:\/\/sport-goslar.de\/verein-shop\/wp-json\/wp\/v2\/product"}],"about":[{"href":"https:\/\/sport-goslar.de\/verein-shop\/wp-json\/wp\/v2\/types\/product"}],"wp:featuredmedia":[{"embeddable":true,"href":"https:\/\/sport-goslar.de\/verein-shop\/wp-json\/wp\/v2\/media\/2766"}],"wp:attachment":[{"href":"https:\/\/sport-goslar.de\/verein-shop\/wp-json\/wp\/v2\/media?parent=2763"}],"wp:term":[{"taxonomy":"product_brand","embeddable":true,"href":"https:\/\/sport-goslar.de\/verein-shop\/wp-json\/wp\/v2\/product_brand?post=2763"},{"taxonomy":"product_cat","embeddable":true,"href":"https:\/\/sport-goslar.de\/verein-shop\/wp-json\/wp\/v2\/product_cat?post=2763"},{"taxonomy":"product_tag","embeddable":true,"href":"https:\/\/sport-goslar.de\/verein-shop\/wp-json\/wp\/v2\/product_tag?post=2763"}],"curies":[{"name":"wp","href":"https:\/\/api.w.org\/{rel}","templated":true}]}}