{"id":276,"date":"2021-02-17T17:28:58","date_gmt":"2021-02-17T16:28:58","guid":{"rendered":"http:\/\/sport-goslar.de\/verein-shop\/?post_type=product&#038;p=276"},"modified":"2024-05-06T17:36:51","modified_gmt":"2024-05-06T15:36:51","slug":"hml-handball-energizer-yellow-green-orange","status":"publish","type":"product","link":"https:\/\/sport-goslar.de\/verein-shop\/produkt\/hml-handball-energizer-yellow-green-orange\/","title":{"rendered":"HML Handball Energizer blue"},"content":{"rendered":"<p>Liebe Sportvereine und Landesverb\u00e4nde,<\/p>\n<p>&nbsp;<\/p>\n<p>Wir m\u00f6chten euch herzlich einladen, unseren einzigartigen Onlineshop zu entdecken, der speziell daf\u00fcr entwickelt wurde, eure Vereinskollektion online zu pr\u00e4sentieren und die besten Produkte f\u00fcr euer Team zu sichern. Doch das ist noch nicht alles \u2013 wir m\u00f6chten auch anderen Vereinen die M\u00f6glichkeit bieten, einen individuellen Shop zu erhalten! Unser erfahrenes Team steht bereit, um euch pers\u00f6nlich zu beraten und gemeinsam mit euch den perfekten Onlineshop zu gestalten. Wir nehmen uns die Zeit, um eure Bed\u00fcrfnisse und Vorlieben zu besprechen und k\u00fcmmern uns dann um alle Details. Das Sch\u00f6ne daran? Es entstehen keine zus\u00e4tzlichen Kosten f\u00fcr euren Verein!<\/p>\n<p>&nbsp;<\/p>\n<p>Egal, ob euer Verein Handball, Fu\u00dfball, Volleyball betreibt oder als Breitensportverein aktiv ist \u2013 wir m\u00f6chten euch alle unterst\u00fctzen und dazu beitragen, dass ihr euer Team mit Stolz repr\u00e4sentieren k\u00f6nnt. Dank unserer engen Beziehungen zu f\u00fchrenden Partnern in der Sportartikelindustrie k\u00f6nnen wir euch erstklassige Konditionen und attraktive Sponsoring-Vereinbarungen bieten. Lasst uns gemeinsam euren Teamgeist st\u00e4rken und eure Vereinskollektion auf ein neues Level heben!<\/p>\n<p>&nbsp;<\/p>\n<p>Hier sind einige Gr\u00fcnde, warum ihr euch f\u00fcr unseren Service entscheiden solltet:<\/p>\n<p>&nbsp;<\/p>\n<ol>\n<li>**Individuelle Beratung f\u00fcr euren Verein**: Wir besprechen mit euch pers\u00f6nlich, welche Produkte am besten zu eurem Verein passen und welche deutschen oder europ\u00e4ischen Hersteller sich ideal eignen.<\/li>\n<\/ol>\n<p>&nbsp;<\/p>\n<ol start=\"2\">\n<li>**Bestkonditionen und Gratisware**: Als Ausr\u00fcster von verschiedenen Landesverb\u00e4nden und tausenden angeschlossenen Vereinen k\u00f6nnen wir euch TOP-Konditionen und attraktive Sponsoring-Vereinbarungen bieten.<\/li>\n<\/ol>\n<p>&nbsp;<\/p>\n<ol start=\"3\">\n<li>**Kostenloser Onlineshop**: Wir \u00fcbernehmen die Programmierung eures Onlineshops, bef\u00fcllen ihn mit euren ausgesuchten Artikeln, hinterlegen die Sonderpreise und \u00fcbernehmen die Pflege \u2013 ohne zus\u00e4tzliche Kosten f\u00fcr euren Verein!<\/li>\n<\/ol>\n<p>&nbsp;<\/p>\n<ol start=\"4\">\n<li>**Einheitlicher Auftritt f\u00fcr euer Team**: Durch einen professionellen und einheitlichen Auftritt st\u00e4rken wir das Wir-Gef\u00fchl in eurem Team, sei es als Sportverein, Fan, Firma oder Landesverband. Euer Team, eure Farben!<\/li>\n<\/ol>\n<p>&nbsp;<\/p>\n<ol start=\"5\">\n<li>**Entlastung von Ehrenamtlichen**: Dank des Onlineshops kann sich jedes Teammitglied die Artikel einfach und bequem bestellen, w\u00e4hrend die Verantwortlichen sich auf das Wesentliche konzentrieren k\u00f6nnen.<\/li>\n<\/ol>\n<p>&nbsp;<\/p>\n<ol start=\"6\">\n<li>**Pers\u00f6nliche Betreuung**: Euer pers\u00f6nlicher Ansprechpartner steht euch bei allen Fragen zur Seite, von der richtigen Beflockung \u00fcber die Artikelauswahl bis hin zu Lieferterminen oder Sonderanfertigungen.<\/li>\n<\/ol>\n<p>&nbsp;<\/p>\n<p>Kontaktiert uns noch heute und erfahrt, wie wir euch helfen k\u00f6nnen, euren eigenen Onlineshop zu erstellen und euer Team professionell auszustatten. Wir freuen uns darauf, von euch zu h\u00f6ren und gemeinsam mit euch durchzustarten!<\/p>\n<p>&nbsp;<\/p>\n<p>Jetzt Shop einrichten!<\/p>\n<p>Mit sportlichen Gr\u00fc\u00dfen,<\/p>\n<p>Dein Sport Goslar Team<\/p>\n","protected":false},"excerpt":{"rendered":"<p><strong>HML Energizer blue Gr\u00f6\u00dfe 1 und 3<br \/>\n<\/strong><\/p>\n<p>Hummel Trainingsball mit Winkel-Oberfl\u00e4che. Der HMLenergizer Handball ist aus strapazierf\u00e4higem, 100% PU und weichem Schaumstoff gefertigt, die gepr\u00e4gte Winkel-Oberfl\u00e4che sorgt f\u00fcr optimale Ballkontrolle. Die Latexblase h\u00e4lt die Luft l\u00e4nger im Ball. F\u00fcr die Verwendung mit Harz geeignet. Art.212554<\/p>\n<p>Fb 7261= blue<\/p>\n<p>Gr\u00f6\u00dfe 0,1,2,3<\/p>\n<p>UVP 24,99<\/p>\n<p>Lieferzeit: ca 3 &#8211; 10 Tage<\/p>\n<table border=\"1\" cellspacing=\"0\" cellpadding=\"0\">\n<tbody>\n<tr>\n<td><strong>Menge<\/strong><\/td>\n<td><strong>Preis<\/strong><\/td>\n<\/tr>\n<tr>\n<td>1 &#8211;\u00a0 4<\/td>\n<td>16,99 \u20ac<\/td>\n<\/tr>\n<tr>\n<td>5 &#8211; 19<\/td>\n<td>14,99 \u20ac<\/td>\n<\/tr>\n<tr>\n<td>20-100<\/td>\n<td>12,99 \u20ac<\/td>\n<\/tr>\n<\/tbody>\n<\/table>\n<p>&nbsp;<\/p>\n<p>&nbsp;<\/p>\n","protected":false},"featured_media":2579,"template":"","meta":[],"product_brand":[],"product_cat":[394,267,275,145,297,214,222,140,220],"product_tag":[],"class_list":{"0":"post-276","1":"product","2":"type-product","3":"status-publish","4":"has-post-thumbnail","6":"product_cat-handbaelle-zubehoer-tkj","7":"product_cat-handbaelle-zubehoer-hml","8":"product_cat-handbaelle-zubehoer-lsv","9":"product_cat-handbaelle-zubehoer-mellendorfer-tv","10":"product_cat-handbaelle-zubehoer-mtv","11":"product_cat-hummel","12":"product_cat-lehrter-sv","13":"product_cat-mellendorfer-tv","14":"product_cat-mtv-wolfenbuettel","15":"description-off","17":"first","18":"instock","19":"sale","20":"taxable","21":"shipping-taxable","22":"purchasable","23":"product-type-variable"},"_links":{"self":[{"href":"https:\/\/sport-goslar.de\/verein-shop\/wp-json\/wp\/v2\/product\/276","targetHints":{"allow":["GET"]}}],"collection":[{"href":"https:\/\/sport-goslar.de\/verein-shop\/wp-json\/wp\/v2\/product"}],"about":[{"href":"https:\/\/sport-goslar.de\/verein-shop\/wp-json\/wp\/v2\/types\/product"}],"wp:featuredmedia":[{"embeddable":true,"href":"https:\/\/sport-goslar.de\/verein-shop\/wp-json\/wp\/v2\/media\/2579"}],"wp:attachment":[{"href":"https:\/\/sport-goslar.de\/verein-shop\/wp-json\/wp\/v2\/media?parent=276"}],"wp:term":[{"taxonomy":"product_brand","embeddable":true,"href":"https:\/\/sport-goslar.de\/verein-shop\/wp-json\/wp\/v2\/product_brand?post=276"},{"taxonomy":"product_cat","embeddable":true,"href":"https:\/\/sport-goslar.de\/verein-shop\/wp-json\/wp\/v2\/product_cat?post=276"},{"taxonomy":"product_tag","embeddable":true,"href":"https:\/\/sport-goslar.de\/verein-shop\/wp-json\/wp\/v2\/product_tag?post=276"}],"curies":[{"name":"wp","href":"https:\/\/api.w.org\/{rel}","templated":true}]}}