{"id":2735,"date":"2023-04-28T17:44:34","date_gmt":"2023-04-28T15:44:34","guid":{"rendered":"https:\/\/sport-goslar.de\/verein-shop\/?post_type=product&#038;p=2735"},"modified":"2024-03-11T18:23:59","modified_gmt":"2024-03-11T17:23:59","slug":"zehenslipper-inklusive-druck","status":"publish","type":"product","link":"https:\/\/sport-goslar.de\/verein-shop\/produkt\/zehenslipper-inklusive-druck\/","title":{"rendered":"Zehenslipper inklusive Druck"},"content":{"rendered":"<p>Ware die individuell f\u00fcr euch veredelt wird (also z.B. mit Spielernamen, Nummern, Sponsorenlogos, Vereinswappen, Initalien, etc bedruckt\/beflockt wird) gilt als Sonderanfertigung und ist von einem Umtausch leider ausgeschlossen.<\/p>\n<p>&nbsp;<\/p>\n<p>&nbsp;<\/p>\n<p>Hey Schwimmbegeisterte,Triathlonfans und Verbandskollegen!<\/p>\n<p>Seid ihr schon auf unseren topaktuellen Onlineshop f\u00fcr den Landesverband Niedersachsen gesto\u00dfen?<\/p>\n<p>Wir sind absolut begeistert, euch die M\u00f6glichkeit zu bieten, eure Schwimmausr\u00fcstung und Vereinskollektionen online zu pr\u00e4sentieren und die besten Produkte f\u00fcr euer Team zu ergattern. Doch damit nicht genug \u2013 auch andere Vereine sollen von dieser Chance profitieren!<\/p>\n<p>Unser kompetentes Team steht bereit, um euren Verband individuell zu beraten und den optimalen Onlineshop zu gestalten. Gemeinsam finden wir die passenden Produkte f\u00fcr euer Team \u2013 und das ohne zus\u00e4tzliche Kosten f\u00fcr euren Verband! Egal, ob ihr Mitglied im Landesverband Niedersachsen seid oder einem Verein angeh\u00f6rt, wir unterst\u00fctzen euch alle und tragen dazu bei, dass ihr euer Team mit Stolz repr\u00e4sentieren k\u00f6nnt. Dank unserer engen Beziehungen zu f\u00fchrenden Partnern in der Sportartikelindustrie k\u00f6nnen wir euch exklusive Konditionen und attraktive Sponsoring-Vereinbarungen bieten.<\/p>\n<p>Lasst uns gemeinsam euren Teamgeist st\u00e4rken und eure Vereinskollektionen auf ein neues Level heben! Kontaktiert uns noch heute und erfahrt, wie wir euch helfen k\u00f6nnen, euren eigenen Onlineshop zu erstellen und eure Teams professionell auszustatten. Wir freuen uns darauf, von euch zu h\u00f6ren und gemeinsam mit euch durchzustarten!<\/p>\n<p>&nbsp;<\/p>\n<p>Jetzt Shop einrichten:<\/p>\n<p>Gemeinsam besprechen wir mit euch die individuelle Kollektion f\u00fcr euer Schwimmteam. In pers\u00f6nlichen Gespr\u00e4chen beraten wir euch, welcher deutsche oder europ\u00e4ische Hersteller am besten zu eurem Verband passt.<\/p>\n<p>&nbsp;<\/p>\n<p>Bestkonditionen und Gratisware sichern:<\/p>\n<p>Profitiert von unseren erstklassigen Konditionen und attraktiven Sponsoring-Vereinbarungen. Als Ausr\u00fcster verschiedener Landesverb\u00e4nde mit einer gro\u00dfen Mitgliederzahl haben wir exzellente Beziehungen zu spannenden Partnern in der Sportartikelindustrie.<\/p>\n<p>&nbsp;<\/p>\n<p>Eure Kollektion online ohne zus\u00e4tzliche Kosten:<\/p>\n<p>Bei uns entstehen keine Kosten f\u00fcr euren Verbandsshop. Wir programmieren den Onlineshop, bef\u00fcllen ihn mit den von euch ausgesuchten Artikeln, hinterlegen die Sonderpreise und \u00fcbernehmen die Pflege.<\/p>\n<p>&nbsp;<\/p>\n<p>Das &#8222;MIA SAN MIA&#8220; \u2013 Gef\u00fchl f\u00fcr euer Team:<\/p>\n<p>Ein einheitlicher, professioneller Auftritt st\u00e4rkt das Wir-Gef\u00fchl in eurem Team. Ob als Schwimmverband oder Fan \u2013 euer Team, eure Farben!<\/p>\n<p>&nbsp;<\/p>\n<p>Entlastung von Ehrenamtlichen:<\/p>\n<p>Jedes Teammitglied kann sich die Artikel einfach und bequem \u00fcber den individuellen Onlineshop bestellen. Die Verantwortlichen im Verband k\u00f6nnen sich ab sofort auf das Wesentliche konzentrieren.<\/p>\n<p>&nbsp;<\/p>\n<p>Pers\u00f6nliche Betreuung:<\/p>\n<p>Egal wo der Schuh dr\u00fcckt \u2013 euer pers\u00f6nlicher Ansprechpartner steht euch individuell zur Seite, von der richtigen Beflockung \u00fcber die Artikelauswahl bis hin zu Lieferterminen oder Sonderanfertigungen.&#8220;<\/p>\n<p>&nbsp;<\/p>\n","protected":false},"excerpt":{"rendered":"<p><strong>Beco Zehenslipper inklusive Druck<br \/>\n<\/strong><\/p>\n<p>Zehenslipper mit mit breiter Textil-Bandage in vier Farben und E.V.A. Sohle. Bandage kann einfarbig bedruckt werden. Gr\u00f6\u00dfen sortiert nach Kundenwunsch. Sollte das Logo noch bearbeitet werden m\u00fcssen berechnen wir einmalig 59,99 \u20ac. Siebdruck.Maximale Druckgr\u00f6\u00dfe: 15 mm x 50 mm<\/p>\n<p>Gr\u00f6\u00dfe 36-47<\/p>\n<p>Lieferzeit: ca 4 &#8211; 5 Wochen<\/p>\n<p>&nbsp;<\/p>\n<table border=\"1\" cellspacing=\"0\" cellpadding=\"0\">\n<tbody>\n<tr>\n<td><strong>Menge<br \/>\n<\/strong><\/td>\n<td style=\"text-align: center;\"><strong>Preis\/Stck.<\/strong><\/td>\n<\/tr>\n<tr>\n<td>50-99<\/td>\n<td style=\"text-align: center;\">12,99 \u20ac<\/td>\n<\/tr>\n<tr>\n<td>100 -249<\/td>\n<td style=\"text-align: center;\">11,50 \u20ac<\/td>\n<\/tr>\n<tr>\n<td style=\"text-align: center;\">500-999<\/td>\n<td>\u00a0 \u00a0\u00a0 9,99 \u20ac<\/td>\n<\/tr>\n<\/tbody>\n<\/table>\n<p>&nbsp;<\/p>\n","protected":false},"featured_media":2738,"template":"","meta":[],"product_brand":[],"product_cat":[219,408,407],"product_tag":[],"class_list":{"0":"post-2735","1":"product","2":"type-product","3":"status-publish","4":"has-post-thumbnail","6":"product_cat-lsn-shop","7":"product_cat-silicon-cap-und-zehensandalen-mit-druck","8":"product_cat-silikon-cap-und-zehensandalen-mit-druck","9":"description-off","11":"first","12":"instock","13":"taxable","14":"shipping-taxable","15":"purchasable","16":"product-type-variable"},"_links":{"self":[{"href":"https:\/\/sport-goslar.de\/verein-shop\/wp-json\/wp\/v2\/product\/2735","targetHints":{"allow":["GET"]}}],"collection":[{"href":"https:\/\/sport-goslar.de\/verein-shop\/wp-json\/wp\/v2\/product"}],"about":[{"href":"https:\/\/sport-goslar.de\/verein-shop\/wp-json\/wp\/v2\/types\/product"}],"wp:featuredmedia":[{"embeddable":true,"href":"https:\/\/sport-goslar.de\/verein-shop\/wp-json\/wp\/v2\/media\/2738"}],"wp:attachment":[{"href":"https:\/\/sport-goslar.de\/verein-shop\/wp-json\/wp\/v2\/media?parent=2735"}],"wp:term":[{"taxonomy":"product_brand","embeddable":true,"href":"https:\/\/sport-goslar.de\/verein-shop\/wp-json\/wp\/v2\/product_brand?post=2735"},{"taxonomy":"product_cat","embeddable":true,"href":"https:\/\/sport-goslar.de\/verein-shop\/wp-json\/wp\/v2\/product_cat?post=2735"},{"taxonomy":"product_tag","embeddable":true,"href":"https:\/\/sport-goslar.de\/verein-shop\/wp-json\/wp\/v2\/product_tag?post=2735"}],"curies":[{"name":"wp","href":"https:\/\/api.w.org\/{rel}","templated":true}]}}