{"id":2728,"date":"2023-04-28T17:20:08","date_gmt":"2023-04-28T15:20:08","guid":{"rendered":"https:\/\/sport-goslar.de\/verein-shop\/?post_type=product&#038;p=2728"},"modified":"2024-03-11T18:24:07","modified_gmt":"2024-03-11T17:24:07","slug":"silikon-cap-inklusive-druck","status":"publish","type":"product","link":"https:\/\/sport-goslar.de\/verein-shop\/produkt\/silikon-cap-inklusive-druck\/","title":{"rendered":"Silikon Cap inklusive Druck"},"content":{"rendered":"<p>Ware die individuell f\u00fcr euch veredelt wird (also z.B. mit Spielernamen, Nummern, Sponsorenlogos, Vereinswappen, Initalien, etc bedruckt\/beflockt wird) gilt als Sonderanfertigung und ist von einem Umtausch leider ausgeschlossen.<\/p>\n<p>&nbsp;<\/p>\n<p>Hey Wasserratten und Schwimm- und Triathlonvereine!<\/p>\n<p>Habt ihr schon unseren brandneuen Onlineshop f\u00fcr den Landesverband Niedersachsen entdeckt?<\/p>\n<p>Wir sind \u00fcberaus begeistert, euch die M\u00f6glichkeit zu bieten, eure Vereinskollektionen online zu pr\u00e4sentieren und die besten Produkte f\u00fcr euer Schwimmteam zu sichern.<\/p>\n<p>Doch das ist noch l\u00e4ngst nicht alles \u2013 wir m\u00f6chten auch anderen Verb\u00e4nden die Chance geben, einen individuellen Shop zu erhalten! Unser erfahrenes Team steht bereit, um euren Verband individuell zu beraten und den perfekten Onlineshop zu gestalten. Gemeinsam besprechen wir, welche Produkte am besten zu euch passen \u2013 und das ohne zus\u00e4tzliche Kosten f\u00fcr euren Verband! Egal, ob ihr Mitglied im Landesverband Niedersachsen seid oder einem anderen Landesverband angeh\u00f6rt, wir unterst\u00fctzen euch alle und tragen dazu bei, dass ihr euer Team mit Stolz repr\u00e4sentieren k\u00f6nnt.<\/p>\n<p>Dank unserer engen Beziehungen zu f\u00fchrenden Partnern in der Sportartikelindustrie k\u00f6nnen wir euch exklusive Konditionen und attraktive Sponsoring-Vereinbarungen bieten. Lasst uns gemeinsam euren Teamgeist st\u00e4rken und eure Vereinskollektionen auf ein neues Level heben! Kontaktiert uns noch heute und erfahrt, wie wir euch helfen k\u00f6nnen, euren eigenen Onlineshop zu erstellen und eure Teams professionell auszustatten.<\/p>\n<p>&nbsp;<\/p>\n<p>Wir freuen uns darauf, von euch zu h\u00f6ren und gemeinsam mit euch durchzustarten!<\/p>\n","protected":false},"excerpt":{"rendered":"<p><strong>Beco Silicon Cap inklusive Druck<br \/>\n<\/strong><\/p>\n<p>Hochwertige Silicon die wir auf einer Seite (beide Seiten auf Anfrage) mit eurem Vereinswappen, Sponsorenlogo oder \u00e4hnliches in einer Wunschfarbe (mehrere Farben auf Anfrage) bedrucken. Mindestmenge 50 St\u00fcck. Sollte das Logo noch bearbeitet werden m\u00fcssen berechnen wir einmalig 59,99 \u20ac. Maximale Druckgr\u00f6\u00dfe: 180 mm x 150 mm<\/p>\n<p>Lieferzeit: ca 4 &#8211; 5 Wochen<\/p>\n<p>&nbsp;<\/p>\n<table border=\"1\" cellspacing=\"0\" cellpadding=\"0\">\n<tbody>\n<tr>\n<td><strong>Menge<br \/>\n<\/strong><\/td>\n<td style=\"text-align: center;\"><strong>Preis\/Stck.<\/strong><\/td>\n<\/tr>\n<tr>\n<td>50-99<\/td>\n<td style=\"text-align: center;\">7,99 \u20ac<\/td>\n<\/tr>\n<tr>\n<td>100 -499<\/td>\n<td style=\"text-align: center;\">5,99 \u20ac<\/td>\n<\/tr>\n<tr>\n<td style=\"text-align: center;\">500-999<\/td>\n<td>\u00a0\u00a0\u00a0 4,99 \u20ac<\/td>\n<\/tr>\n<\/tbody>\n<\/table>\n<p>&nbsp;<\/p>\n","protected":false},"featured_media":2731,"template":"","meta":[],"product_brand":[],"product_cat":[219,408,407],"product_tag":[],"class_list":{"0":"post-2728","1":"product","2":"type-product","3":"status-publish","4":"has-post-thumbnail","6":"product_cat-lsn-shop","7":"product_cat-silicon-cap-und-zehensandalen-mit-druck","8":"product_cat-silikon-cap-und-zehensandalen-mit-druck","9":"description-off","11":"first","12":"instock","13":"taxable","14":"shipping-taxable","15":"purchasable","16":"product-type-variable"},"_links":{"self":[{"href":"https:\/\/sport-goslar.de\/verein-shop\/wp-json\/wp\/v2\/product\/2728","targetHints":{"allow":["GET"]}}],"collection":[{"href":"https:\/\/sport-goslar.de\/verein-shop\/wp-json\/wp\/v2\/product"}],"about":[{"href":"https:\/\/sport-goslar.de\/verein-shop\/wp-json\/wp\/v2\/types\/product"}],"wp:featuredmedia":[{"embeddable":true,"href":"https:\/\/sport-goslar.de\/verein-shop\/wp-json\/wp\/v2\/media\/2731"}],"wp:attachment":[{"href":"https:\/\/sport-goslar.de\/verein-shop\/wp-json\/wp\/v2\/media?parent=2728"}],"wp:term":[{"taxonomy":"product_brand","embeddable":true,"href":"https:\/\/sport-goslar.de\/verein-shop\/wp-json\/wp\/v2\/product_brand?post=2728"},{"taxonomy":"product_cat","embeddable":true,"href":"https:\/\/sport-goslar.de\/verein-shop\/wp-json\/wp\/v2\/product_cat?post=2728"},{"taxonomy":"product_tag","embeddable":true,"href":"https:\/\/sport-goslar.de\/verein-shop\/wp-json\/wp\/v2\/product_tag?post=2728"}],"curies":[{"name":"wp","href":"https:\/\/api.w.org\/{rel}","templated":true}]}}