{"id":2722,"date":"2023-03-22T16:52:54","date_gmt":"2023-03-22T15:52:54","guid":{"rendered":"https:\/\/sport-goslar.de\/verein-shop\/?post_type=product&#038;p=2722"},"modified":"2024-03-13T11:11:55","modified_gmt":"2024-03-13T10:11:55","slug":"aquahandschuhe-vollneopren","status":"publish","type":"product","link":"https:\/\/sport-goslar.de\/verein-shop\/produkt\/aquahandschuhe-vollneopren\/","title":{"rendered":"AquaHandschuhe &#8211; Vollneopren"},"content":{"rendered":"<p>In unserem <strong>Onlineshop f\u00fcr den Landes Schwimmverband Niedersachsen<\/strong> bieten wir eine riesige Auswahl an hochwertiger Schwimmausr\u00fcstung, darunter auch eine Vielzahl von BECO Artikeln. Entdecke bei uns die neuesten Produkte, die dein Schwimmtraining auf ein ganz neues Level heben!<\/p>\n<p>&nbsp;<\/p>\n<p>Unsere BECO Auswahl umfasst eine breite Palette von Produkten, darunter:<\/p>\n<p>&nbsp;<\/p>\n<p>&#8211; BECO BeBelt Maxi: Der perfekte Begleiter f\u00fcr ein effektives Krafttraining im Wasser.<\/p>\n<p>&#8211; BECO BEflex: Innovatives Equipment f\u00fcr ein intensives und abwechslungsreiches Schwimmtraining.<\/p>\n<p>&#8211; BECO Betomic: Schwimmbrillen, die h\u00f6chsten Anspr\u00fcchen an Komfort und Funktionalit\u00e4t gerecht werden.<\/p>\n<p>&#8211; BECO Aquadisc: Trainingshilfen f\u00fcr verbesserte Stabilit\u00e4t und Balance im Wasser.<\/p>\n<p>&#8211; BECO nordicjet: Handpaddles f\u00fcr ein optimales Armtraining und eine verbesserte Schwimmtechnik.<\/p>\n<p>&#8211; BECO Beinschwimmer: Schwimmg\u00fcrtel f\u00fcr ein gezieltes Beintraining und eine verbesserte Wasserlage.<\/p>\n<p>&#8211; BECO Aquahandschuhe &#8211; Vollneopren: Perfekt f\u00fcr ein intensives Kraft- und Ausdauertraining im Wasser.<\/p>\n<p>&nbsp;<\/p>\n<p>Egal, ob du nach Trainingsger\u00e4ten, Schwimmhilfen oder Zubeh\u00f6r suchst \u2013 bei uns findest du alles, was du brauchst, um deine Schwimmziele zu erreichen. Und das Beste: Unsere Produkte sind von h\u00f6chster Qualit\u00e4t und garantieren dir ein sicheres und effektives Trainingserlebnis.<\/p>\n<p>&nbsp;<\/p>\n<p>Also, worauf wartest du noch? Tauche ein in unser <strong>umfangreiches Sortiment an BECO Auqafitness-Artikeln<\/strong> und starte noch heute durch!<\/p>\n<p>&nbsp;<\/p>\n","protected":false},"excerpt":{"rendered":"<p><strong>Beco AquaHandschuhe<\/strong><\/p>\n<p>Vollneopren-Handschuhe. Offene Version. Die AquaHandschuhe erh\u00f6hen den Wasserwiderstand der Hand und erm\u00f6glichen so effektiveres Aquatic-Fitness- und Schwimmtraining.<br \/>\nPaarweise verpackt.<\/p>\n<p>Material: Neopren mit Klettverschluss<\/p>\n<p>Artikelnummer: 9667<\/p>\n<p>Gr\u00f6\u00dfenauswahl: S (t\u00fcrkis), M (rot), L (blau)<\/p>\n<p>UVP: 19,95 \u20ac<\/p>\n<p>Lieferzeit: ca 4 &#8211; 10 Tage<\/p>\n<p>&nbsp;<\/p>\n<table border=\"1\" cellspacing=\"0\" cellpadding=\"0\">\n<tbody>\n<tr>\n<td><strong>Menge<br \/>\n<\/strong><\/td>\n<td style=\"text-align: center;\"><strong>Preis<\/strong><\/td>\n<\/tr>\n<tr>\n<td>1 &#8211; 4<\/td>\n<td style=\"text-align: center;\">17,99 \u20ac<\/td>\n<\/tr>\n<tr>\n<td>5 -20<\/td>\n<td style=\"text-align: center;\">15,99 \u20ac<\/td>\n<\/tr>\n<tr>\n<td style=\"text-align: center;\">21-100<\/td>\n<td>Preis auf Anfrage \u20ac<\/td>\n<\/tr>\n<\/tbody>\n<\/table>\n<p>&nbsp;<\/p>\n","protected":false},"featured_media":2726,"template":"","meta":[],"product_brand":[],"product_cat":[402,219],"product_tag":[],"class_list":{"0":"post-2722","1":"product","2":"type-product","3":"status-publish","4":"has-post-thumbnail","6":"product_cat-beco-aquafitness","7":"product_cat-lsn-shop","8":"description-off","10":"first","11":"instock","12":"sale","13":"taxable","14":"shipping-taxable","15":"purchasable","16":"product-type-variable"},"_links":{"self":[{"href":"https:\/\/sport-goslar.de\/verein-shop\/wp-json\/wp\/v2\/product\/2722","targetHints":{"allow":["GET"]}}],"collection":[{"href":"https:\/\/sport-goslar.de\/verein-shop\/wp-json\/wp\/v2\/product"}],"about":[{"href":"https:\/\/sport-goslar.de\/verein-shop\/wp-json\/wp\/v2\/types\/product"}],"wp:featuredmedia":[{"embeddable":true,"href":"https:\/\/sport-goslar.de\/verein-shop\/wp-json\/wp\/v2\/media\/2726"}],"wp:attachment":[{"href":"https:\/\/sport-goslar.de\/verein-shop\/wp-json\/wp\/v2\/media?parent=2722"}],"wp:term":[{"taxonomy":"product_brand","embeddable":true,"href":"https:\/\/sport-goslar.de\/verein-shop\/wp-json\/wp\/v2\/product_brand?post=2722"},{"taxonomy":"product_cat","embeddable":true,"href":"https:\/\/sport-goslar.de\/verein-shop\/wp-json\/wp\/v2\/product_cat?post=2722"},{"taxonomy":"product_tag","embeddable":true,"href":"https:\/\/sport-goslar.de\/verein-shop\/wp-json\/wp\/v2\/product_tag?post=2722"}],"curies":[{"name":"wp","href":"https:\/\/api.w.org\/{rel}","templated":true}]}}