{"id":2718,"date":"2023-04-28T16:37:07","date_gmt":"2023-04-28T14:37:07","guid":{"rendered":"https:\/\/sport-goslar.de\/verein-shop\/?post_type=product&#038;p=2718"},"modified":"2024-03-13T11:17:30","modified_gmt":"2024-03-13T10:17:30","slug":"beco-sealife-neoprene-shorty","status":"publish","type":"product","link":"https:\/\/sport-goslar.de\/verein-shop\/produkt\/beco-sealife-neoprene-shorty\/","title":{"rendered":"BECO-SEALIFE\u00ae Neoprene Shorty"},"content":{"rendered":"<p>In unserem <strong>Onlineshop f\u00fcr den Landes Schwimmverband Niedersachsen<\/strong> bieten wir eine riesige Auswahl an hochwertiger Schwimmausr\u00fcstung, darunter auch eine Vielzahl von BECO Artikeln f\u00fcr Aquafitness und zum schwimmen lernen. Entdecke bei uns die neuesten Produkte, die dein Schwimmtraining auf ein ganz neues Level heben!<\/p>\n<p>&nbsp;<\/p>\n<p>Unsere BECO Auswahl umfasst eine breite Palette von Produkten, darunter:<\/p>\n<p>&nbsp;<\/p>\n<p>&#8211; BECO BeBelt Maxi: Der perfekte Begleiter f\u00fcr ein effektives Krafttraining im Wasser.<\/p>\n<p>&#8211; BECO BEflex: Innovatives Equipment f\u00fcr ein intensives und abwechslungsreiches Schwimmtraining.<\/p>\n<p>&#8211; BECO Betomic: Effektives Trainingsger\u00e4t f\u00fcr Aquatic Fitness, Seniorengymnastik, Rehabilitation, Spiel und Animation!<\/p>\n<p>&#8211; BECO Aquadisc: Trainingshilfen f\u00fcr verbesserte Stabilit\u00e4t und Balance im Wasser.<\/p>\n<p>&#8211; BECO nordicjet: Handpaddles f\u00fcr ein optimales Armtraining und eine verbesserte Schwimmtechnik.<\/p>\n<p>&#8211; BECO Beinschwimmer: Schwimmg\u00fcrtel f\u00fcr ein gezieltes Beintraining und eine verbesserte Wasserlage.<\/p>\n<p>&#8211; BECO Aquahandschuhe &#8211; Vollneopren: Perfekt f\u00fcr ein intensives Kraft- und Ausdauertraining im Wasser.<\/p>\n<p>&#8211; BECO Sealife Neopren Shorty: Der ideale Begleiter f\u00fcr ein komfortables und flexibles Schwimmtraining.<\/p>\n<p>&#8211; BECO Sealife Schwimmg\u00fcrtel: Ein unverzichtbares Hilfsmittel f\u00fcr Anf\u00e4nger und Fortgeschrittene, um die richtige Wasserlage zu finden.<\/p>\n<p>&#8211; BECO Schwimmbrille: Hochwertige Schwimmbrillen, die perfekten Sitz und klare Sicht im Wasser bieten.<\/p>\n<p>&#8211; BECO Sealife Kickboard: Ein effektives Trainingsger\u00e4t f\u00fcr verbesserte Beintechnik und Ausdauer.<\/p>\n<p>&#8211; BECO Sealife Tauchring: Spa\u00dfiges Spielzeug f\u00fcr Kinder, um das Tauchen zu \u00fcben und die Wasserbewegung zu erleben.<\/p>\n<p>&#8211; BECO Sealife Tauchtier: Bunte und lustige Tauchspielzeuge, die Kinder zum Tauchen animieren und ihre Schwimmf\u00e4higkeiten verbessern.<\/p>\n<p>&nbsp;<\/p>\n<p>&nbsp;<\/p>\n<p>Egal, ob du nach Trainingsger\u00e4ten, Schwimmhilfen oder Zubeh\u00f6r suchst \u2013 bei uns findest du alles, was du brauchst, um deine Schwimmziele zu erreichen. Und das Beste: Unsere Produkte sind von h\u00f6chster Qualit\u00e4t und garantieren dir ein sicheres und effektives Trainingserlebnis.<\/p>\n<p>&nbsp;<\/p>\n<p>Also, worauf wartest du noch? Tauche ein in unser umfangreiches Sortiment an BECO Artikeln und starte noch heute durch!<\/p>\n","protected":false},"excerpt":{"rendered":"<p><strong>BECO-SEALIFE\u00ae Neoprene Shorty<\/strong><br \/>\nNeoprene Shorty f\u00fcr Kinder aus 2 mm SCR-Neopren mit Elasthan Eins\u00e4tzen an den Armen und Beinen f\u00fcr einen angenehmen Tragekomfort und UV-Schutz 50+.<br \/>\nDer ideale Begleiter f\u00fcr Aktivit\u00e4ten im und am Wasser.<\/p>\n<p>Material<br \/>\n-Oberstoff und Futter: 100% Polyamid<br \/>\n-Schaum: 100% Neopren<br \/>\n-Eins\u00e4tze: 80% Polyamid \/ 20% Elasthan<\/p>\n<p>Artikelnummer: 5806<br \/>\nGr\u00f6\u00dfe 80 -152<br \/>\nUVP: 34,95 \u20ac<\/p>\n<p>Farbe\u00a0 gr\u00fcn\/schwarz\/blau, pink\/schwarz<\/p>\n<p>Lieferzeit: ca 4 &#8211; 10 Tage<\/p>\n<p>&nbsp;<\/p>\n<table border=\"1\" cellspacing=\"0\" cellpadding=\"0\">\n<tbody>\n<tr>\n<td><strong>Menge<br \/>\n<\/strong><\/td>\n<td style=\"text-align: center;\"><strong>Preis<\/strong><\/td>\n<\/tr>\n<tr>\n<td>1 &#8211; 4<\/td>\n<td style=\"text-align: center;\">30,99 \u20ac<\/td>\n<\/tr>\n<tr>\n<td>5 -20<\/td>\n<td style=\"text-align: center;\">27,99 \u20ac<\/td>\n<\/tr>\n<tr>\n<td style=\"text-align: center;\">21-100<\/td>\n<td>Preis auf Anfrage \u20ac<\/td>\n<\/tr>\n<\/tbody>\n<\/table>\n<p>&nbsp;<\/p>\n","protected":false},"featured_media":2720,"template":"","meta":[],"product_brand":[],"product_cat":[403,219],"product_tag":[],"class_list":{"0":"post-2718","1":"product","2":"type-product","3":"status-publish","4":"has-post-thumbnail","6":"product_cat-beco-schwimmen-lernen","7":"product_cat-lsn-shop","8":"description-off","10":"first","11":"instock","12":"sale","13":"taxable","14":"shipping-taxable","15":"purchasable","16":"product-type-variable"},"_links":{"self":[{"href":"https:\/\/sport-goslar.de\/verein-shop\/wp-json\/wp\/v2\/product\/2718","targetHints":{"allow":["GET"]}}],"collection":[{"href":"https:\/\/sport-goslar.de\/verein-shop\/wp-json\/wp\/v2\/product"}],"about":[{"href":"https:\/\/sport-goslar.de\/verein-shop\/wp-json\/wp\/v2\/types\/product"}],"wp:featuredmedia":[{"embeddable":true,"href":"https:\/\/sport-goslar.de\/verein-shop\/wp-json\/wp\/v2\/media\/2720"}],"wp:attachment":[{"href":"https:\/\/sport-goslar.de\/verein-shop\/wp-json\/wp\/v2\/media?parent=2718"}],"wp:term":[{"taxonomy":"product_brand","embeddable":true,"href":"https:\/\/sport-goslar.de\/verein-shop\/wp-json\/wp\/v2\/product_brand?post=2718"},{"taxonomy":"product_cat","embeddable":true,"href":"https:\/\/sport-goslar.de\/verein-shop\/wp-json\/wp\/v2\/product_cat?post=2718"},{"taxonomy":"product_tag","embeddable":true,"href":"https:\/\/sport-goslar.de\/verein-shop\/wp-json\/wp\/v2\/product_tag?post=2718"}],"curies":[{"name":"wp","href":"https:\/\/api.w.org\/{rel}","templated":true}]}}