{"id":2693,"date":"2023-04-19T09:25:08","date_gmt":"2023-04-19T07:25:08","guid":{"rendered":"https:\/\/sport-goslar.de\/verein-shop\/?post_type=product&#038;p=2693"},"modified":"2023-04-19T09:31:31","modified_gmt":"2023-04-19T07:31:31","slug":"jako-tasche-classico-groesse-s-inklusive-vereinswappen-2","status":"publish","type":"product","link":"https:\/\/sport-goslar.de\/verein-shop\/produkt\/jako-tasche-classico-groesse-s-inklusive-vereinswappen-2\/","title":{"rendered":"Jako Tasche Classico Gr\u00f6\u00dfe S inklusive Vereinswappen"},"content":{"rendered":"<p>Bei diesem Artikel wird auf eine Seite das individuelle Vereinswappen f\u00fcr euch gedruckt. Bitte habt Verst\u00e4ndnis daf\u00fcr, das wir diese Sonderanfertigungen leider nicht umtauschen k\u00f6nnen.<\/p>\n","protected":false},"excerpt":{"rendered":"<p><strong>Jako Sporttasche CLASSICO Bambini mit Vereinswappen<\/strong><br \/>\nDer der Allesk\u00f6nner f\u00fcr den Sport. Ger\u00e4umiges Hauptfach mit umlaufendem 2 &#8211; Wege &#8211; Rei\u00dfverschluss garantiert, dass die Tasche einfach zu \u00f6ffnen, packen und wieder zu schlie\u00dfen ist. Die Meshbag auf der linken Seite bietet zus\u00e4tzlichen Stauraum, der gr\u00f6\u00dfenverstellbare Schultertragegurt macht sie praktisch zu tragen. Die Tasche l\u00e4sst sich hervorragend mit individuellen Prints bedrucken &#8211; zum Beispiel einem Vereinslogo. Das Fertigungsmaterial Polyester 600D ist langlebig und h\u00e4lt selbst gro\u00dfen Belastungen beim Sport stand. An den Seiten der Tasche sind das JAKO Logo und der Schriftzug JAKO angebracht. Gr\u00f6\u00dfe: 35 x 21 x 28 cm (LxBxH)<br \/>\nUVP inklusive Vereinswappen 34,99<\/p>\n<p>Lieferzeit: ca 2 &#8211; 3 Wochen<\/p>\n<table border=\"1\" cellspacing=\"0\" cellpadding=\"0\">\n<tbody>\n<tr>\n<td><strong>Menge<\/strong><\/td>\n<td><strong>Preis<\/strong><\/td>\n<\/tr>\n<tr>\n<td>1 &#8211; 4<\/td>\n<td>25,99 \u20ac<\/td>\n<\/tr>\n<tr>\n<td>5 &#8211; 9<\/td>\n<td>22,99 \u20ac<\/td>\n<\/tr>\n<tr>\n<td>10-20<\/td>\n<td>20,50 \u20ac<\/td>\n<\/tr>\n<\/tbody>\n<\/table>\n","protected":false},"featured_media":2533,"template":"","meta":[],"product_brand":[],"product_cat":[389],"product_tag":[],"class_list":{"0":"post-2693","1":"product","2":"type-product","3":"status-publish","4":"has-post-thumbnail","6":"product_cat-taschen-rucksaecke","7":"description-off","9":"first","10":"instock","11":"sale","12":"taxable","13":"shipping-taxable","14":"purchasable","15":"product-type-variable"},"_links":{"self":[{"href":"https:\/\/sport-goslar.de\/verein-shop\/wp-json\/wp\/v2\/product\/2693","targetHints":{"allow":["GET"]}}],"collection":[{"href":"https:\/\/sport-goslar.de\/verein-shop\/wp-json\/wp\/v2\/product"}],"about":[{"href":"https:\/\/sport-goslar.de\/verein-shop\/wp-json\/wp\/v2\/types\/product"}],"wp:featuredmedia":[{"embeddable":true,"href":"https:\/\/sport-goslar.de\/verein-shop\/wp-json\/wp\/v2\/media\/2533"}],"wp:attachment":[{"href":"https:\/\/sport-goslar.de\/verein-shop\/wp-json\/wp\/v2\/media?parent=2693"}],"wp:term":[{"taxonomy":"product_brand","embeddable":true,"href":"https:\/\/sport-goslar.de\/verein-shop\/wp-json\/wp\/v2\/product_brand?post=2693"},{"taxonomy":"product_cat","embeddable":true,"href":"https:\/\/sport-goslar.de\/verein-shop\/wp-json\/wp\/v2\/product_cat?post=2693"},{"taxonomy":"product_tag","embeddable":true,"href":"https:\/\/sport-goslar.de\/verein-shop\/wp-json\/wp\/v2\/product_tag?post=2693"}],"curies":[{"name":"wp","href":"https:\/\/api.w.org\/{rel}","templated":true}]}}