{"id":2648,"date":"2023-03-23T23:12:58","date_gmt":"2023-03-23T22:12:58","guid":{"rendered":"https:\/\/sport-goslar.de\/verein-shop\/?post_type=product&#038;p=2648"},"modified":"2024-03-13T11:18:37","modified_gmt":"2024-03-13T10:18:37","slug":"beco-sealife-schwimmguertel","status":"publish","type":"product","link":"https:\/\/sport-goslar.de\/verein-shop\/produkt\/beco-sealife-schwimmguertel\/","title":{"rendered":"BECO-SEALIFE\u00ae Schwimmg\u00fcrtel"},"content":{"rendered":"<p>Willkommen in unserem <strong>Onlineshop f\u00fcr den Landes Schwimmverband Niedersachsen<\/strong>, dem Experten f\u00fcr hochwertige Schwimmausr\u00fcstung! Hier findest du eine umfangreiche Auswahl an Produkten, darunter auch eine Vielzahl von BECO Artikeln, die dein Schwimmtraining auf ein ganz neues Level heben.<\/p>\n<p>&nbsp;<\/p>\n<p>Unser Sortiment umfasst eine breite Palette an hochwertigen Schwimmprodukten, darunter:<\/p>\n<p>&nbsp;<\/p>\n<p>&#8211; BECO BeBelt Maxi: Der perfekte Begleiter f\u00fcr ein effektives Krafttraining im Wasser.<\/p>\n<p>&#8211; BECO BEflex: Innovatives Equipment f\u00fcr ein intensives und abwechslungsreiches Schwimmtraining.<\/p>\n<p>&#8211; BECO Betomic: Effektives Trainingsger\u00e4t f\u00fcr Aquatic Fitness, Seniorengymnastik, Rehabilitation, Spiel und Animation!<\/p>\n<p>&#8211; BECO Aquadisc: Trainingshilfen f\u00fcr verbesserte Stabilit\u00e4t und Balance im Wasser.<\/p>\n<p>&#8211; BECO nordicjet: Handpaddles f\u00fcr ein optimales Armtraining und eine verbesserte Schwimmtechnik.<\/p>\n<p>&#8211; BECO Beinschwimmer: Schwimmg\u00fcrtel f\u00fcr ein gezieltes Beintraining und eine verbesserte Wasserlage.<\/p>\n<p>&#8211; BECO Aquahandschuhe &#8211; Vollneopren: Perfekt f\u00fcr ein intensives Kraft- und Ausdauertraining im Wasser.<\/p>\n<p>&#8211; BECO Sealife Neopren Shorty: Der ideale Begleiter f\u00fcr ein komfortables und flexibles Schwimmtraining.<\/p>\n<p>&#8211; BECO Sealife Schwimmg\u00fcrtel: Ein unverzichtbares Hilfsmittel f\u00fcr Anf\u00e4nger und Fortgeschrittene, um die richtige Wasserlage zu finden.<\/p>\n<p>&#8211; BECO Schwimmbrille: Hochwertige Schwimmbrillen, die perfekten Sitz und klare Sicht im Wasser bieten.<\/p>\n<p>&#8211; BECO Sealife Kickboard: Ein effektives Trainingsger\u00e4t f\u00fcr verbesserte Beintechnik und Ausdauer.<\/p>\n<p>&#8211; BECO Sealife Tauchring: Spa\u00dfiges Spielzeug f\u00fcr Kinder, um das Tauchen zu \u00fcben und die Wasserbewegung zu erleben.<\/p>\n<p>&#8211; BECO Sealife Tauchtier: Bunte und lustige Tauchspielzeuge, die Kinder zum Tauchen animieren und ihre Schwimmf\u00e4higkeiten verbessern.<\/p>\n<p>&nbsp;<\/p>\n<p>&nbsp;<\/p>\n<p>Alle diese Artikel sind direkt hier in unserem Onlineshop des Landes Schwimmverband Niedersachsen erh\u00e4ltlich. Wir bieten hochwertige Produkte zu fairen Preisen und garantieren dir ein sicheres und effektives Trainingserlebnis.<\/p>\n<p>&nbsp;<\/p>\n<p>Also, worauf wartest du noch? Tauche ein in unser Sortiment und bestelle noch heute deine neuen Schwimmprodukte von <strong>BECO<\/strong>!<\/p>\n<p>&nbsp;<\/p>\n","protected":false},"excerpt":{"rendered":"<p><strong>BECO-SEALIFE\u00ae Schwimmg\u00fcrtel<\/strong><\/p>\n<p>Schwimmg\u00fcrtel 5-Block<br \/>\nVerstellbares Gurtband mit Schnellverschluss f\u00fcr Kinder von ca. 3 bis 6 Jahren und einem K\u00f6rpergewicht<br \/>\nvon 19 bis 30 kg.<br \/>\nDieser praktische G\u00fcrtel eignet sich perfekt zum Schwimmen lernen und zum Schwimmtraining.<br \/>\nDer Auftrieb kann durch entfernen der einzelnen Bl\u00f6cke variiert werden.<br \/>\nT\u00dcV- und GS-zertifiziert nach der EUV 425\/2016, EN 13138-1:2021 + AC 2022. Gepr\u00e4gte Warntexte.<\/p>\n<p>1 St\u00fcck<\/p>\n<p>Farbauswahl:\u00a0 gelb, rot\/pink,\u00a0 gr\u00fcn<\/p>\n<p>UVP: 19,95 \u20ac<\/p>\n<p>Lieferzeit: ca 4 &#8211; 10 Tage<\/p>\n<p>&nbsp;<\/p>\n<table border=\"1\" cellspacing=\"0\" cellpadding=\"0\">\n<tbody>\n<tr>\n<td><strong>Menge<br \/>\n<\/strong><\/td>\n<td style=\"text-align: center;\"><strong>Preis<\/strong><\/td>\n<\/tr>\n<tr>\n<td>1 &#8211; 4<\/td>\n<td style=\"text-align: center;\">17,99 \u20ac<\/td>\n<\/tr>\n<tr>\n<td>5 -20<\/td>\n<td style=\"text-align: center;\">15,99 \u20ac<\/td>\n<\/tr>\n<tr>\n<td style=\"text-align: center;\">21-100<\/td>\n<td>Preis auf Anfrage \u20ac<\/td>\n<\/tr>\n<\/tbody>\n<\/table>\n<p>&nbsp;<\/p>\n","protected":false},"featured_media":2651,"template":"","meta":[],"product_brand":[],"product_cat":[403,219],"product_tag":[],"class_list":{"0":"post-2648","1":"product","2":"type-product","3":"status-publish","4":"has-post-thumbnail","6":"product_cat-beco-schwimmen-lernen","7":"product_cat-lsn-shop","8":"description-off","10":"first","11":"instock","12":"sale","13":"taxable","14":"shipping-taxable","15":"purchasable","16":"product-type-variable"},"_links":{"self":[{"href":"https:\/\/sport-goslar.de\/verein-shop\/wp-json\/wp\/v2\/product\/2648","targetHints":{"allow":["GET"]}}],"collection":[{"href":"https:\/\/sport-goslar.de\/verein-shop\/wp-json\/wp\/v2\/product"}],"about":[{"href":"https:\/\/sport-goslar.de\/verein-shop\/wp-json\/wp\/v2\/types\/product"}],"wp:featuredmedia":[{"embeddable":true,"href":"https:\/\/sport-goslar.de\/verein-shop\/wp-json\/wp\/v2\/media\/2651"}],"wp:attachment":[{"href":"https:\/\/sport-goslar.de\/verein-shop\/wp-json\/wp\/v2\/media?parent=2648"}],"wp:term":[{"taxonomy":"product_brand","embeddable":true,"href":"https:\/\/sport-goslar.de\/verein-shop\/wp-json\/wp\/v2\/product_brand?post=2648"},{"taxonomy":"product_cat","embeddable":true,"href":"https:\/\/sport-goslar.de\/verein-shop\/wp-json\/wp\/v2\/product_cat?post=2648"},{"taxonomy":"product_tag","embeddable":true,"href":"https:\/\/sport-goslar.de\/verein-shop\/wp-json\/wp\/v2\/product_tag?post=2648"}],"curies":[{"name":"wp","href":"https:\/\/api.w.org\/{rel}","templated":true}]}}