{"id":2645,"date":"2023-03-23T23:09:30","date_gmt":"2023-03-23T22:09:30","guid":{"rendered":"https:\/\/sport-goslar.de\/verein-shop\/?post_type=product&#038;p=2645"},"modified":"2024-03-12T16:40:55","modified_gmt":"2024-03-12T15:40:55","slug":"beco-bebelt-maxi","status":"publish","type":"product","link":"https:\/\/sport-goslar.de\/verein-shop\/produkt\/beco-bebelt-maxi\/","title":{"rendered":"BECO BEbelt Maxi"},"content":{"rendered":"<p>Hey Leute, habt ihr schon von unserem neuen Onlineshop f\u00fcr den Landesschwimmverband Niedersachsen geh\u00f6rt? W<\/p>\n<p>Wir sind mega aufgeregt, euch die M\u00f6glichkeit zu geben, eure Schwimmkollektionen online zu pr\u00e4sentieren und die coolsten Produkte z.B. von Beco f\u00fcr euer Team zu schnappen!<\/p>\n<p>Und wisst ihr was? Diese M\u00f6glichkeit steht nicht nur unserem Verband zur Verf\u00fcgung, sondern auch anderen Verb\u00e4nden! Unser Team ist bereit, euch dabei zu unterst\u00fctzen und den perfekten Onlineshop f\u00fcr euren Verband zu erstellen. Und das Beste?<\/p>\n<p>Es kostet euch keinen Cent extra! Egal ob ihr zum Landesverband Niedersachsen geh\u00f6rt oder einem anderen Verband, wir sind hier, um euch alle zu unterst\u00fctzen und sicherzustellen, dass ihr euer Team mit Stolz repr\u00e4sentieren k\u00f6nnt.<\/p>\n<p>Dank unserer guten Beziehungen zu f\u00fchrenden Partnern in der Sportartikelindustrie k\u00f6nnen wir euch erstklassige Konditionen und tolle Sponsoring-Vereinbarungen bieten.<\/p>\n<p>Also worauf wartet ihr noch? Lasst uns gemeinsam euren Teamgeist st\u00e4rken und eure Vereinskollektionen auf ein neues Level bringen! Lasst von euch h\u00f6ren und lasst uns zusammen durchstarten!<\/p>\n","protected":false},"excerpt":{"rendered":"<p><strong>BECO BEbelt Maxi<\/strong><\/p>\n<p>Aqua-Jogging-G\u00fcrtel<br \/>\nDer G\u00fcrtel verf\u00fcgt \u00fcber ein breites, verstellbares Gurtband mit Patentverschluss wodurch ein guter Sitz garantiert ist. Der G\u00fcrtel ist geeignet bis zu einem K\u00f6rpergewicht von 120 kg.<br \/>\nMit diesem G\u00fcrtel sind Sie bestens ger\u00fcstet f\u00fcr Aquatic Fitness, AquaJogging und den Schwimmunterricht.<br \/>\nTrainingsziel ist die Verbesserung von Koordination, Gleichgewicht und Kraft-Ausdauer.<br \/>\nDer G\u00fcrtel hat einen hohen Auftrieb und ist f\u00fcr Flach- und Tiefwasser geeignet.<br \/>\nDie Seiten des G\u00fcrtels sind einklappbar, so passt der BEbelt in fast jede Tasche.<\/p>\n<p>1 St\u00fcck<\/p>\n<p>Farbauswahl:\u00a0 blau<\/p>\n<p>Material: Veredelter PE-Schaum<\/p>\n<p>UVP: 39,95 \u20ac<\/p>\n<p>Lieferzeit: ca 4 &#8211; 10 Tage<\/p>\n<p>&nbsp;<\/p>\n<table border=\"1\" cellspacing=\"0\" cellpadding=\"0\">\n<tbody>\n<tr>\n<td><strong>Menge<br \/>\n<\/strong><\/td>\n<td style=\"text-align: center;\"><strong>Preis<\/strong><\/td>\n<\/tr>\n<tr>\n<td>1 &#8211; 4<\/td>\n<td style=\"text-align: center;\">37,99 \u20ac<\/td>\n<\/tr>\n<tr>\n<td>5 -20<\/td>\n<td style=\"text-align: center;\">31,99 \u20ac<\/td>\n<\/tr>\n<tr>\n<td style=\"text-align: center;\">21-100<\/td>\n<td>Preis auf Anfrage \u20ac<\/td>\n<\/tr>\n<\/tbody>\n<\/table>\n<p>&nbsp;<\/p>\n","protected":false},"featured_media":2647,"template":"","meta":[],"product_brand":[],"product_cat":[402,219],"product_tag":[],"class_list":{"0":"post-2645","1":"product","2":"type-product","3":"status-publish","4":"has-post-thumbnail","6":"product_cat-beco-aquafitness","7":"product_cat-lsn-shop","8":"description-off","10":"first","11":"instock","12":"sale","13":"taxable","14":"shipping-taxable","15":"purchasable","16":"product-type-variable"},"_links":{"self":[{"href":"https:\/\/sport-goslar.de\/verein-shop\/wp-json\/wp\/v2\/product\/2645","targetHints":{"allow":["GET"]}}],"collection":[{"href":"https:\/\/sport-goslar.de\/verein-shop\/wp-json\/wp\/v2\/product"}],"about":[{"href":"https:\/\/sport-goslar.de\/verein-shop\/wp-json\/wp\/v2\/types\/product"}],"wp:featuredmedia":[{"embeddable":true,"href":"https:\/\/sport-goslar.de\/verein-shop\/wp-json\/wp\/v2\/media\/2647"}],"wp:attachment":[{"href":"https:\/\/sport-goslar.de\/verein-shop\/wp-json\/wp\/v2\/media?parent=2645"}],"wp:term":[{"taxonomy":"product_brand","embeddable":true,"href":"https:\/\/sport-goslar.de\/verein-shop\/wp-json\/wp\/v2\/product_brand?post=2645"},{"taxonomy":"product_cat","embeddable":true,"href":"https:\/\/sport-goslar.de\/verein-shop\/wp-json\/wp\/v2\/product_cat?post=2645"},{"taxonomy":"product_tag","embeddable":true,"href":"https:\/\/sport-goslar.de\/verein-shop\/wp-json\/wp\/v2\/product_tag?post=2645"}],"curies":[{"name":"wp","href":"https:\/\/api.w.org\/{rel}","templated":true}]}}