{"id":2641,"date":"2023-03-23T23:02:50","date_gmt":"2023-03-23T22:02:50","guid":{"rendered":"https:\/\/sport-goslar.de\/verein-shop\/?post_type=product&#038;p=2641"},"modified":"2024-03-12T16:40:05","modified_gmt":"2024-03-12T15:40:05","slug":"beco-bebelt","status":"publish","type":"product","link":"https:\/\/sport-goslar.de\/verein-shop\/produkt\/beco-bebelt\/","title":{"rendered":"BECO BEbelt"},"content":{"rendered":"<p>Hallo Schwimmbegeisterte und Mitglieder des Landesverbands Niedersachsen!<\/p>\n<p>Wir haben gro\u00dfartige Neuigkeiten f\u00fcr euch: Unser nagelneuer Onlineshop ist endlich da und bietet euch die M\u00f6glichkeit, eure Vereinskollektionen online zu pr\u00e4sentieren und die besten Produkte f\u00fcr euer Schwimmteam zu ergattern.<\/p>\n<p>Aber das ist noch nicht alles \u2013 auch andere Verb\u00e4nde k\u00f6nnen von unserem Service profitieren und ihre eigenen individuellen Shops erstellen!<\/p>\n<p>Unser Team steht bereit, um euch dabei zu unterst\u00fctzen und den perfekten Onlineshop zu gestalten. Und das Beste daran? Es entstehen keine zus\u00e4tzlichen Kosten f\u00fcr euren Verband!<\/p>\n<p>Egal ob ihr zum Landesverband Niedersachsen geh\u00f6rt oder einem anderen Verband angeh\u00f6rt, wir unterst\u00fctzen euch alle gleicherma\u00dfen und helfen euch dabei, euer Team mit Stolz zu repr\u00e4sentieren.<\/p>\n<p>Dank unserer engen Beziehungen zu f\u00fchrenden Partnern in der Sportartikelindustrie k\u00f6nnen wir euch erstklassige Konditionen und attraktive Sponsoring-Vereinbarungen bieten. Also worauf wartet ihr noch?<\/p>\n<p>Kontaktiert uns noch heute und erfahrt, wie wir euch helfen k\u00f6nnen, euren eigenen Onlineshop zu erstellen und euer Team professionell auszustatten!<\/p>\n<p>&nbsp;<\/p>\n","protected":false},"excerpt":{"rendered":"<p><strong>BECO BEbelt<\/strong><\/p>\n<p>Aqua-Jogging-G\u00fcrtel<br \/>\nDer G\u00fcrtel verf\u00fcgt \u00fcber ein breites, verstellbares Gurtband mit Patentverschluss wodurch ein guter Sitz garantiert ist. Der G\u00fcrtel ist geeignet bis zu einem K\u00f6rpergewicht von 80 kg.<br \/>\nMit diesem G\u00fcrtel sind Sie bestens ger\u00fcstet f\u00fcr Aquatic Fitness, AquaJogging und den Schwimmunterricht.<br \/>\nTrainingsziel ist die Verbesserung von Koordination, Gleichgewicht und Kraft-Ausdauer.<br \/>\nDer G\u00fcrtel hat einen hohen Auftrieb und ist f\u00fcr Flach- und Tiefwasser geeignet.<br \/>\nDie Seiten des G\u00fcrtels sind einklappbar, so passt der BEbelt in fast jede Tasche.<\/p>\n<p>1 St\u00fcck<\/p>\n<p>Farbauswahl:\u00a0 blau<\/p>\n<p>Material: Veredelter PE-Schaum<\/p>\n<p>UVP: 32,95 \u20ac<\/p>\n<p>Lieferzeit: ca 4 &#8211; 10 Tage<\/p>\n<p>&nbsp;<\/p>\n<table border=\"1\" cellspacing=\"0\" cellpadding=\"0\">\n<tbody>\n<tr>\n<td><strong>Menge<br \/>\n<\/strong><\/td>\n<td style=\"text-align: center;\"><strong>Preis<\/strong><\/td>\n<\/tr>\n<tr>\n<td>1 &#8211; 4<\/td>\n<td style=\"text-align: center;\">29,99 \u20ac<\/td>\n<\/tr>\n<tr>\n<td>5 -20<\/td>\n<td style=\"text-align: center;\">25,99 \u20ac<\/td>\n<\/tr>\n<tr>\n<td style=\"text-align: center;\">21-100<\/td>\n<td>Preis auf Anfrage \u20ac<\/td>\n<\/tr>\n<\/tbody>\n<\/table>\n<p>&nbsp;<\/p>\n","protected":false},"featured_media":2644,"template":"","meta":[],"product_brand":[],"product_cat":[402,219],"product_tag":[],"class_list":{"0":"post-2641","1":"product","2":"type-product","3":"status-publish","4":"has-post-thumbnail","6":"product_cat-beco-aquafitness","7":"product_cat-lsn-shop","8":"description-off","10":"first","11":"instock","12":"sale","13":"taxable","14":"shipping-taxable","15":"purchasable","16":"product-type-variable"},"_links":{"self":[{"href":"https:\/\/sport-goslar.de\/verein-shop\/wp-json\/wp\/v2\/product\/2641","targetHints":{"allow":["GET"]}}],"collection":[{"href":"https:\/\/sport-goslar.de\/verein-shop\/wp-json\/wp\/v2\/product"}],"about":[{"href":"https:\/\/sport-goslar.de\/verein-shop\/wp-json\/wp\/v2\/types\/product"}],"wp:featuredmedia":[{"embeddable":true,"href":"https:\/\/sport-goslar.de\/verein-shop\/wp-json\/wp\/v2\/media\/2644"}],"wp:attachment":[{"href":"https:\/\/sport-goslar.de\/verein-shop\/wp-json\/wp\/v2\/media?parent=2641"}],"wp:term":[{"taxonomy":"product_brand","embeddable":true,"href":"https:\/\/sport-goslar.de\/verein-shop\/wp-json\/wp\/v2\/product_brand?post=2641"},{"taxonomy":"product_cat","embeddable":true,"href":"https:\/\/sport-goslar.de\/verein-shop\/wp-json\/wp\/v2\/product_cat?post=2641"},{"taxonomy":"product_tag","embeddable":true,"href":"https:\/\/sport-goslar.de\/verein-shop\/wp-json\/wp\/v2\/product_tag?post=2641"}],"curies":[{"name":"wp","href":"https:\/\/api.w.org\/{rel}","templated":true}]}}