{"id":2629,"date":"2023-03-23T22:45:28","date_gmt":"2023-03-23T21:45:28","guid":{"rendered":"https:\/\/sport-goslar.de\/verein-shop\/?post_type=product&#038;p=2629"},"modified":"2024-03-13T10:36:38","modified_gmt":"2024-03-13T09:36:38","slug":"beco-betomic","status":"publish","type":"product","link":"https:\/\/sport-goslar.de\/verein-shop\/produkt\/beco-betomic\/","title":{"rendered":"BECO BEtomic"},"content":{"rendered":"<p>Hey Leute! Willkommen im coolen Onlineshop des Landes Schwimmverband Niedersachsen \u2013 hier findet ihr alles, was ihr f\u00fcr euer Schwimmtraining braucht und noch viel mehr! Wir haben eine mega Auswahl an Produkten f\u00fcr Schwimmvereine, Wasserballer, Turmspringer, Synchronschwimmer und alle anderen, die das Wasser lieben. Und das Beste: Wir f\u00fchren eine riesige Auswahl an BECO Artikeln \u2013 die Marke f\u00fcr alle, die in Sachen Schwimmausr\u00fcstung keine Kompromisse machen wollen.<\/p>\n<p>&nbsp;<\/p>\n<p>Als offizieller Ausstatter des Landes Schwimmverband Niedersachsen kennen wir uns aus und wissen genau, was ihr braucht, um im Wasser richtig durchzustarten. Unsere Produkte sind topqualitativ und speziell darauf ausgerichtet, eure Leistung zu steigern und euch zum Sieg zu f\u00fchren.<\/p>\n<p>&nbsp;<\/p>\n<p>Aber das ist noch lange nicht alles! Wir bieten auch die M\u00f6glichkeit, spezielle Onlineshops f\u00fcr jeden Verein individuell zu programmieren. Hier k\u00f6nnt ihr eure ganz eigene Vereinskollektion zusammenstellen und anbieten \u2013 perfekt, um den Teamspirit zu st\u00e4rken und euren Verein richtig cool aussehen zu lassen.<\/p>\n<p>&nbsp;<\/p>\n<p>Also, lasst uns zusammen eure Teamkollektion auf ein neues Level bringen! Kontaktiert uns noch heute und erfahrt, wie wir euch helfen k\u00f6nnen, euren eigenen Onlineshop zu erstellen und euer Team professionell auszustatten. Wir sind bereit, mit euch durchzustarten!<\/p>\n<p>&nbsp;<\/p>\n<p>Jetzt Shop einrichten:<\/p>\n<p>Gemeinsam planen wir die perfekte Kollektion f\u00fcr euer Team. In einem pers\u00f6nlichen Gespr\u00e4ch beraten wir euch, welcher Hersteller am besten zu eurem Verein, eurer Firma oder auch zum Verband passt.<\/p>\n<p>&nbsp;<\/p>\n<p>Bestkonditionen und Gratisware sichern:<\/p>\n<p>Wir m\u00f6chten auch euer Team richtig ausr\u00fcsten und gro\u00dfz\u00fcgig unterst\u00fctzen. Als Ausr\u00fcster von verschiedenen Landesverb\u00e4nden haben wir super Kontakte zu den besten Partnern in der Sportartikelindustrie. Holt euch jetzt die besten Konditionen und Sponsoring-Vereinbarungen.<\/p>\n<p>&nbsp;<\/p>\n<p>Deine Kollektion online ohne Zusatzkosten!<\/p>\n<p>F\u00fcr euren Vereinsshop entstehen keine extra Kosten. Wir programmieren den Shop, bef\u00fcllen ihn mit euren Artikeln und \u00fcbernehmen die Pflege \u2013 ganz ohne Zusatzkosten f\u00fcr euch!<\/p>\n<p>&nbsp;<\/p>\n<p>Das \u201eMIA SAN MIA\u201c \u2013 Gef\u00fchl f\u00fcr dein Team!<\/p>\n<p>Durch einen einheitlichen, professionellen Auftritt st\u00e4rken wir das Gemeinschaftsgef\u00fchl in eurem Team. Ob als Sportverein, Fan, Firma oder Landesverband \u2013 DEIN TEAM, DEINE FARBEN!<\/p>\n<p>&nbsp;<\/p>\n<p>Entlastung von Ehrenamtlichen!<\/p>\n<p>Jedes Teammitglied kann sich die Artikel einfach und bequem \u00fcber den individuellen Onlineshop bestellen. Die Verantwortlichen im Verein k\u00f6nnen sich ab sofort auf das Wesentliche konzentrieren.<\/p>\n<p>&nbsp;<\/p>\n<p>Pers\u00f6nliche Betreuung!<\/p>\n<p>Egal wo der Schuh dr\u00fcckt, euer pers\u00f6nlicher Ansprechpartner steht euch bei allen Fragen zur Seite \u2013 von der richtigen Beflockung bis hin zu Lieferterminen.<\/p>\n<p>&nbsp;<\/p>\n<p>Wir beraten euch gern pers\u00f6nlich und individuell!<\/p>\n<p>&nbsp;<\/p>\n","protected":false},"excerpt":{"rendered":"<p><strong>BECO BEtomic<\/strong><\/p>\n<p>Das Trainingsger\u00e4t er\u00f6ffnet eine Vielzahl von abwechslungs- und ideenreichen Programmen f\u00fcr den<br \/>\nganzen K\u00f6rper.<br \/>\nKlein, handliche und m\u00fchelos zu transportieren.<br \/>\nEinsatzbereiche: Aquatic Fitness, Seniorengymnastik, Rehabilitation, Spiel und Animation<br \/>\nTrainingsziel: Koordination, Kraft-Ausdauer, Beweglichkeit<br \/>\nMittlerer Auftrieb und Widerstand f\u00fcr Flach- und Tiefwasser.<\/p>\n<p>Farbauswahl:\u00a0 pink\/rot,\u00a0 curacao\/t\u00fcrkis,\u00a0 marine<\/p>\n<p>Material: E.V.A.<\/p>\n<p>UVP: 24,95 \u20ac<\/p>\n<p>Lieferzeit: ca 4 &#8211; 10 Tage<\/p>\n<p>&nbsp;<\/p>\n<table border=\"1\" cellspacing=\"0\" cellpadding=\"0\">\n<tbody>\n<tr>\n<td><strong>Menge<br \/>\n<\/strong><\/td>\n<td style=\"text-align: center;\"><strong>Preis<\/strong><\/td>\n<\/tr>\n<tr>\n<td>1 &#8211; 4<\/td>\n<td style=\"text-align: center;\">22,99 \u20ac<\/td>\n<\/tr>\n<tr>\n<td>5 -20<\/td>\n<td style=\"text-align: center;\">19,99 \u20ac<\/td>\n<\/tr>\n<tr>\n<td style=\"text-align: center;\">21-100<\/td>\n<td>Preis auf Anfrage \u20ac<\/td>\n<\/tr>\n<\/tbody>\n<\/table>\n<p>&nbsp;<\/p>\n","protected":false},"featured_media":2631,"template":"","meta":[],"product_brand":[],"product_cat":[402,219],"product_tag":[],"class_list":{"0":"post-2629","1":"product","2":"type-product","3":"status-publish","4":"has-post-thumbnail","6":"product_cat-beco-aquafitness","7":"product_cat-lsn-shop","8":"description-off","10":"first","11":"instock","12":"sale","13":"taxable","14":"shipping-taxable","15":"purchasable","16":"product-type-variable"},"_links":{"self":[{"href":"https:\/\/sport-goslar.de\/verein-shop\/wp-json\/wp\/v2\/product\/2629","targetHints":{"allow":["GET"]}}],"collection":[{"href":"https:\/\/sport-goslar.de\/verein-shop\/wp-json\/wp\/v2\/product"}],"about":[{"href":"https:\/\/sport-goslar.de\/verein-shop\/wp-json\/wp\/v2\/types\/product"}],"wp:featuredmedia":[{"embeddable":true,"href":"https:\/\/sport-goslar.de\/verein-shop\/wp-json\/wp\/v2\/media\/2631"}],"wp:attachment":[{"href":"https:\/\/sport-goslar.de\/verein-shop\/wp-json\/wp\/v2\/media?parent=2629"}],"wp:term":[{"taxonomy":"product_brand","embeddable":true,"href":"https:\/\/sport-goslar.de\/verein-shop\/wp-json\/wp\/v2\/product_brand?post=2629"},{"taxonomy":"product_cat","embeddable":true,"href":"https:\/\/sport-goslar.de\/verein-shop\/wp-json\/wp\/v2\/product_cat?post=2629"},{"taxonomy":"product_tag","embeddable":true,"href":"https:\/\/sport-goslar.de\/verein-shop\/wp-json\/wp\/v2\/product_tag?post=2629"}],"curies":[{"name":"wp","href":"https:\/\/api.w.org\/{rel}","templated":true}]}}