{"id":2626,"date":"2023-03-23T22:32:12","date_gmt":"2023-03-23T21:32:12","guid":{"rendered":"https:\/\/sport-goslar.de\/verein-shop\/?post_type=product&#038;p=2626"},"modified":"2024-03-13T11:29:29","modified_gmt":"2024-03-13T10:29:29","slug":"beco-sealife-kickboard","status":"publish","type":"product","link":"https:\/\/sport-goslar.de\/verein-shop\/produkt\/beco-sealife-kickboard\/","title":{"rendered":"BECO-SEALIFE\u00ae KickBoard"},"content":{"rendered":"<p>Willkommen in unserem <strong>Onlineshop f\u00fcr den Landes Schwimmverband Niedersachsen<\/strong> \u2013 deiner Anlaufstelle f\u00fcr hochwertige Schwimmausr\u00fcstung! Hier findest du alles, was das Schwimmerherz begehrt, von Trainingshilfen bis hin zu Schwimmzubeh\u00f6r, um in den unterschiedlichsten Schwimmdisziplinen erfolgreich zu sein.<\/p>\n<p>&nbsp;<\/p>\n<p>Unser Sortiment umfasst eine gro\u00dfe Auswahl an Produkten f\u00fcr verschiedenen Produkten Schwimmdisziplinen, darunter:<\/p>\n<p>&nbsp;<\/p>\n<p>&#8211; Wasserball: Mit unseren speziellen Aquafitnessprodukten kannst du deine F\u00e4higkeiten im Wasserball verbessern und deine Teamleistung steigern. Hochwertige T-Shirts und Hoodies lassen dein Team auch au\u00dferhalb des Beckens gl\u00e4tzen!<\/p>\n<p>&#8211; Wasserspringen: Entdecke unsere hochwertigen Produkte f\u00fcr das Wasserspringen, darunter Tauchringe, Tauchtier und andere Trainingsger\u00e4te, die dir helfen, deine Sprungtechnik zu perfektionieren.<\/p>\n<p>&#8211; Synchronschwimmen: Unsere Schwimmausr\u00fcstung f\u00fcr Synchronschwimmen bietet dir die perfekte Kombination aus Komfort, Funktionalit\u00e4t und Stil, damit du dich im Wasser frei bewegen und synchron mit deinem Team schwimmen kannst.<\/p>\n<p>&#8211; Schwimmlernen: F\u00fcr Anf\u00e4nger bieten wir eine Vielzahl von Schwimmlernprodukten an, die dabei helfen, das Schwimmen spielerisch zu erlernen und Vertrauen im Wasser aufzubauen.<\/p>\n<p>&#8211; Aqua Fitness: Unser Sortiment an Aqua-Fitness-Produkten umfasst Aqua-Hanteln, Schwimmnudeln, Aqua-Handschuhe und andere Trainingsger\u00e4te, die dir ein effektives Ganzk\u00f6rpertraining im Wasser erm\u00f6glichen.<\/p>\n<p>&nbsp;<\/p>\n<p>All diese Produkte sind direkt hier in unserem<strong> Onlineshop des Landes Schwimmverband Niedersachsen<\/strong> erh\u00e4ltlich. Wir bieten hochwertige Schwimmausr\u00fcstung f\u00fcr alle Altersgruppen und Erfahrungsstufen, damit du dein volles Potenzial im Wasser aussch\u00f6pfen kannst.<\/p>\n<p>&nbsp;<\/p>\n<p>Also, worauf wartest du noch? Tauche ein in unser Sortiment und bereite dich darauf vor, deine Schwimmziele zu erreichen und in deiner Lieblingsdisziplin zu gl\u00e4nzen!<\/p>\n<p>&nbsp;<\/p>\n","protected":false},"excerpt":{"rendered":"<p><strong>ECO-SEALIFE\u00ae KickBoard <\/strong><\/p>\n<p>Ideale \u00dcbungshilfe zum Schwimmen lernen.<br \/>\n-F\u00fcr erste Schwimm\u00fcbungen, Schwimmkurs, Schwimmsport und Freizeit.<br \/>\n-Starkes und klares BECO-SEALIFE\u00ae Design.<br \/>\n-Das Schwimmbrett ist T\u00dcV- und GS-zertifiziert nach EN13138-2:2021.<\/p>\n<p>Farbauswahl: 4 pink, 6 blau<br \/>\nMaterial: PE-Schaum<br \/>\nMa\u00dfe: Ca. 34cm x 21cm x 3cm<br \/>\nGewicht: Ca. 106 g<\/p>\n<p>UVP: 14,95 \u20ac<\/p>\n<p>Lieferzeit: ca 4 &#8211; 10 Tage<\/p>\n<p>&nbsp;<\/p>\n<table border=\"1\" cellspacing=\"0\" cellpadding=\"0\">\n<tbody>\n<tr>\n<td><strong>Menge<br \/>\n<\/strong><\/td>\n<td style=\"text-align: center;\"><strong>Preis<\/strong><\/td>\n<\/tr>\n<tr>\n<td>1 &#8211; 4<\/td>\n<td style=\"text-align: center;\">13,50 \u20ac<\/td>\n<\/tr>\n<tr>\n<td>5 -20<\/td>\n<td style=\"text-align: center;\">11,99 \u20ac<\/td>\n<\/tr>\n<tr>\n<td style=\"text-align: center;\">21-100<\/td>\n<td>Preis auf Anfrage \u20ac<\/td>\n<\/tr>\n<\/tbody>\n<\/table>\n<p>&nbsp;<\/p>\n","protected":false},"featured_media":2634,"template":"","meta":[],"product_brand":[],"product_cat":[403,219],"product_tag":[],"class_list":{"0":"post-2626","1":"product","2":"type-product","3":"status-publish","4":"has-post-thumbnail","6":"product_cat-beco-schwimmen-lernen","7":"product_cat-lsn-shop","8":"description-off","10":"first","11":"instock","12":"sale","13":"taxable","14":"shipping-taxable","15":"purchasable","16":"product-type-variable"},"_links":{"self":[{"href":"https:\/\/sport-goslar.de\/verein-shop\/wp-json\/wp\/v2\/product\/2626","targetHints":{"allow":["GET"]}}],"collection":[{"href":"https:\/\/sport-goslar.de\/verein-shop\/wp-json\/wp\/v2\/product"}],"about":[{"href":"https:\/\/sport-goslar.de\/verein-shop\/wp-json\/wp\/v2\/types\/product"}],"wp:featuredmedia":[{"embeddable":true,"href":"https:\/\/sport-goslar.de\/verein-shop\/wp-json\/wp\/v2\/media\/2634"}],"wp:attachment":[{"href":"https:\/\/sport-goslar.de\/verein-shop\/wp-json\/wp\/v2\/media?parent=2626"}],"wp:term":[{"taxonomy":"product_brand","embeddable":true,"href":"https:\/\/sport-goslar.de\/verein-shop\/wp-json\/wp\/v2\/product_brand?post=2626"},{"taxonomy":"product_cat","embeddable":true,"href":"https:\/\/sport-goslar.de\/verein-shop\/wp-json\/wp\/v2\/product_cat?post=2626"},{"taxonomy":"product_tag","embeddable":true,"href":"https:\/\/sport-goslar.de\/verein-shop\/wp-json\/wp\/v2\/product_tag?post=2626"}],"curies":[{"name":"wp","href":"https:\/\/api.w.org\/{rel}","templated":true}]}}