{"id":2618,"date":"2023-03-23T22:16:07","date_gmt":"2023-03-23T21:16:07","guid":{"rendered":"https:\/\/sport-goslar.de\/verein-shop\/?post_type=product&#038;p=2618"},"modified":"2024-03-13T10:37:05","modified_gmt":"2024-03-13T09:37:05","slug":"beco-aquadisc-sz-paar","status":"publish","type":"product","link":"https:\/\/sport-goslar.de\/verein-shop\/produkt\/beco-aquadisc-sz-paar\/","title":{"rendered":"BECO AquaDisc SZ (Paar)"},"content":{"rendered":"<p>Willkommen im Onlineshop des Landes Schwimmverband Niedersachsen \u2013 deiner Anlaufstelle f\u00fcr hochwertige Schwimmausr\u00fcstung und mehr! Bei uns findest du eine breite Palette von Produkten, speziell f\u00fcr Schwimmvereine, Wasserballer, Turmspringer, Synchronschwimmer und viele andere Wassersportler. Und wir sind stolz darauf, eine gro\u00dfe Auswahl an BECO Artikeln in unserem Sortiment zu f\u00fchren \u2013 die optimale Wahl f\u00fcr alle, die das Beste aus ihrem Training und ihren Wettk\u00e4mpfen herausholen m\u00f6chten.<\/p>\n<p>&nbsp;<\/p>\n<p>Als offizieller Ausstatter des Landes Schwimmverband Niedersachsen wissen wir, worauf es ankommt, um im Wasser zu gl\u00e4nzen. Unsere Produkte wurden sorgf\u00e4ltig ausgew\u00e4hlt, um h\u00f6chste Leistung und Qualit\u00e4t zu gew\u00e4hrleisten.<\/p>\n<p>&nbsp;<\/p>\n<p>Aber das ist noch nicht alles! Wir bieten auch die M\u00f6glichkeit, spezielle Onlineshops f\u00fcr jeden Verein individuell zu programmieren. Hier kannst du deine eigene Vereinskollektion erwerben und anbieten \u2013 perfekt, um den Teamgeist zu st\u00e4rken und ein einheitliches Auftreten zu gew\u00e4hrleisten.<\/p>\n<p>&nbsp;<\/p>\n<p>Also lass uns gemeinsam deine Teamkollektion auf ein neues Level heben. Kontaktiere uns noch heute und erfahre, wie wir dir helfen k\u00f6nnen, deinen eigenen Onlineshop zu erstellen und dein Team professionell auszustatten. Wir freuen uns darauf, von dir zu h\u00f6ren und gemeinsam durchzustarten!<\/p>\n<p>&nbsp;<\/p>\n<p>Jetzt Shop einrichten:<\/p>\n<p>Gemeinsam besprechen wir die individuelle Kollektion f\u00fcr dein Team. In einem pers\u00f6nlichen Gespr\u00e4ch beraten wir dich, welcher deutsche oder europ\u00e4ische Hersteller am besten zu deinem Verein, deiner Firma oder auch zum Verband passt.<\/p>\n<p>&nbsp;<\/p>\n<p>Bestkonditionen und Gratisware sichern:<\/p>\n<p>Wir m\u00f6chten auch dein Team professionell ausstatten und gro\u00dfz\u00fcgig unterst\u00fctzen. Als Ausr\u00fcster von verschiedenen Landesverb\u00e4nden mit insgesamt 283.920 Mitgliedern aus 2.971 angeschlossenen Vereinen haben wir au\u00dferordentlich gute Beziehungen zu sehr interessanten Partnern in der Sportartikelindustrie. Sichert euch jetzt TOP-Konditionen und attraktive Sponsoring-Vereinbarungen.<\/p>\n<p>&nbsp;<\/p>\n<p>Deine Kollektion online ohne zus\u00e4tzliche Kosten!<\/p>\n<p>Es entstehen keine Kosten f\u00fcr deinen Vereinsshop. Wir programmieren den Onlineshop und bef\u00fcllen ihn mit den von dir ausgesuchten Artikeln, hinterlegen die Sonderpreise und \u00fcbernehmen die Pflege.<\/p>\n<p>&nbsp;<\/p>\n<p>Das \u201eMIA SAN MIA\u201c \u2013 Gef\u00fchl f\u00fcr dein Team!<\/p>\n<p>Durch einen einheitlichen, professionellen Auftritt st\u00e4rken wir das WIR-Gef\u00fchl in deinem Team. Ob als Sportverein, Fan, Firma oder Landesverband \u2013 DEIN TEAM, DEINE FARBEN!<\/p>\n<p>&nbsp;<\/p>\n<p>Entlastung von Ehrenamtlichen!<\/p>\n<p>Jedes Teammitglied kann sich die Artikel einfach und bequem \u00fcber den individuellen Onlineshop bestellen. Die Verantwortlichen in einem Verein oder Team k\u00f6nnen sich ab sofort auf das Wesentliche konzentrieren.<\/p>\n<p>&nbsp;<\/p>\n<p>Pers\u00f6nliche Betreuung!<\/p>\n<p>Egal wo der Schuh dr\u00fcckt, dein pers\u00f6nlicher Ansprechpartner ber\u00e4t dich individuell zu allen Fragen von der richtigen Beflockung \u00fcber die Artikelauswahl bis hin zu Lieferterminen oder Sonderanfertigungen.<\/p>\n<p>&nbsp;<\/p>\n","protected":false},"excerpt":{"rendered":"<p><strong>BECO AquaDisc SZ (Paar)<\/strong><\/p>\n<p>Aus beschichtetem PE-Schaum<br \/>\nGewicht: Ca. 260 g<br \/>\nDas optimale Trainingsger\u00e4t f\u00fcr Aquatic Fitness insbesondere zum Training<br \/>\nvon Oberk\u00f6rper und Herz-Kreislaufsystem.<br \/>\nDurch \u00c4nderung der Winkelposition und damit des Widerstandes ist eine individuelle<br \/>\nBelastungssteuerung m\u00f6glich.<br \/>\nSie eignen sich sowohl f\u00fcr tiefes als auch f\u00fcr flaches Wasser.<\/p>\n<p>&nbsp;<\/p>\n<p>1 Paar Artikelnummer: 9631<br \/>\nFarben: blau, rot, gelb<\/p>\n<p>UVP: 34,95 \u20ac<\/p>\n<p>Lieferzeit: ca 4 &#8211; 10 Tage<\/p>\n<p>&nbsp;<\/p>\n<table border=\"1\" cellspacing=\"0\" cellpadding=\"0\">\n<tbody>\n<tr>\n<td><strong>Menge<br \/>\n<\/strong><\/td>\n<td style=\"text-align: center;\"><strong>Preis<\/strong><\/td>\n<\/tr>\n<tr>\n<td>1 &#8211; 4<\/td>\n<td style=\"text-align: center;\">32,99 \u20ac<\/td>\n<\/tr>\n<tr>\n<td>5 -20<\/td>\n<td style=\"text-align: center;\">27,99 \u20ac<\/td>\n<\/tr>\n<tr>\n<td style=\"text-align: center;\">21-100<\/td>\n<td>Preis auf Anfrage \u20ac<\/td>\n<\/tr>\n<\/tbody>\n<\/table>\n<p>&nbsp;<\/p>\n","protected":false},"featured_media":2622,"template":"","meta":[],"product_brand":[],"product_cat":[402,219],"product_tag":[],"class_list":{"0":"post-2618","1":"product","2":"type-product","3":"status-publish","4":"has-post-thumbnail","6":"product_cat-beco-aquafitness","7":"product_cat-lsn-shop","8":"description-off","10":"first","11":"instock","12":"sale","13":"taxable","14":"shipping-taxable","15":"purchasable","16":"product-type-variable"},"_links":{"self":[{"href":"https:\/\/sport-goslar.de\/verein-shop\/wp-json\/wp\/v2\/product\/2618","targetHints":{"allow":["GET"]}}],"collection":[{"href":"https:\/\/sport-goslar.de\/verein-shop\/wp-json\/wp\/v2\/product"}],"about":[{"href":"https:\/\/sport-goslar.de\/verein-shop\/wp-json\/wp\/v2\/types\/product"}],"wp:featuredmedia":[{"embeddable":true,"href":"https:\/\/sport-goslar.de\/verein-shop\/wp-json\/wp\/v2\/media\/2622"}],"wp:attachment":[{"href":"https:\/\/sport-goslar.de\/verein-shop\/wp-json\/wp\/v2\/media?parent=2618"}],"wp:term":[{"taxonomy":"product_brand","embeddable":true,"href":"https:\/\/sport-goslar.de\/verein-shop\/wp-json\/wp\/v2\/product_brand?post=2618"},{"taxonomy":"product_cat","embeddable":true,"href":"https:\/\/sport-goslar.de\/verein-shop\/wp-json\/wp\/v2\/product_cat?post=2618"},{"taxonomy":"product_tag","embeddable":true,"href":"https:\/\/sport-goslar.de\/verein-shop\/wp-json\/wp\/v2\/product_tag?post=2618"}],"curies":[{"name":"wp","href":"https:\/\/api.w.org\/{rel}","templated":true}]}}