{"id":2607,"date":"2023-03-23T21:42:17","date_gmt":"2023-03-23T20:42:17","guid":{"rendered":"https:\/\/sport-goslar.de\/verein-shop\/?post_type=product&#038;p=2607"},"modified":"2024-03-13T11:32:50","modified_gmt":"2024-03-13T10:32:50","slug":"beco-sealife-tauchtiere-6er-pack","status":"publish","type":"product","link":"https:\/\/sport-goslar.de\/verein-shop\/produkt\/beco-sealife-tauchtiere-6er-pack\/","title":{"rendered":"BECO-SEALIFE\u00ae  Tauchtiere 6er Pack"},"content":{"rendered":"<p>In unserem <strong>Onlineshop f\u00fcr den Landes Schwimmverband Niedersachsen<\/strong> bieten wir eine riesige Auswahl an hochwertiger Schwimmausr\u00fcstung, darunter auch eine Vielzahl von BECO Artikeln. Entdecke bei uns die neuesten Produkte, die dein Schwimmtraining auf ein ganz neues Level heben!<\/p>\n<p>&nbsp;<\/p>\n<p>Unsere BECO Auswahl umfasst eine breite Palette von Produkten, darunter:<\/p>\n<p>&nbsp;<\/p>\n<p>&#8211; BECO BeBelt Maxi: Der perfekte Begleiter f\u00fcr ein effektives Krafttraining im Wasser.<\/p>\n<p>&#8211; BECO BEflex: Innovatives Equipment f\u00fcr ein intensives und abwechslungsreiches Schwimmtraining.<\/p>\n<p>&#8211; BECO Betomic: Effektives Trainingsger\u00e4t f\u00fcr Aquatic Fitness, Seniorengymnastik, Rehabilitation, Spiel und Animation!<\/p>\n<p>&#8211; BECO Aquadisc: Trainingshilfen f\u00fcr verbesserte Stabilit\u00e4t und Balance im Wasser.<\/p>\n<p>&#8211; BECO nordicjet: Handpaddles f\u00fcr ein optimales Armtraining und eine verbesserte Schwimmtechnik.<\/p>\n<p>&#8211; BECO Beinschwimmer: Schwimmg\u00fcrtel f\u00fcr ein gezieltes Beintraining und eine verbesserte Wasserlage.<\/p>\n<p>&#8211; BECO Aquahandschuhe &#8211; Vollneopren: Perfekt f\u00fcr ein intensives Kraft- und Ausdauertraining im Wasser.<\/p>\n<p>&#8211; BECO Sealife Neopren Shorty: Der ideale Begleiter f\u00fcr ein komfortables und flexibles Schwimmtraining.<\/p>\n<p>&#8211; BECO Sealife Schwimmg\u00fcrtel: Ein unverzichtbares Hilfsmittel f\u00fcr Anf\u00e4nger und Fortgeschrittene, um die richtige Wasserlage zu finden.<\/p>\n<p>&#8211; BECO Schwimmbrille: Hochwertige Schwimmbrillen, die perfekten Sitz und klare Sicht im Wasser bieten.<\/p>\n<p>&#8211; BECO Sealife Kickboard: Ein effektives Trainingsger\u00e4t f\u00fcr verbesserte Beintechnik und Ausdauer.<\/p>\n<p>&#8211; BECO Sealife Tauchring: Spa\u00dfiges Spielzeug f\u00fcr Kinder, um das Tauchen zu \u00fcben und die Wasserbewegung zu erleben.<\/p>\n<p>&#8211; BECO Sealife Tauchtier: Bunte und lustige Tauchspielzeuge, die Kinder zum Tauchen animieren und ihre Schwimmf\u00e4higkeiten verbessern.<\/p>\n<p>&nbsp;<\/p>\n<p>Unser Sortiment umfasst eine gro\u00dfe Auswahl an Produkten f\u00fcr verschiedenen Produkten Schwimmdisziplinen, darunter:<\/p>\n<p>&#8211; Wasserball: Mit unseren speziellen Aquafitnessprodukten kannst du deine F\u00e4higkeiten im Wasserball verbessern und deine Teamleistung steigern. Hochwertige T-Shirts und Hoodies lassen dein Team auch au\u00dferhalb des Beckens gl\u00e4tzen!<\/p>\n<p>&#8211; Wasserspringen: Entdecke unsere hochwertigen Produkte f\u00fcr das Wasserspringen, darunter Tauchringe, Tauchtier und andere Trainingsger\u00e4te, die dir helfen, deine Sprungtechnik zu perfektionieren.<\/p>\n<p>&#8211; Synchronschwimmen: Unsere Schwimmausr\u00fcstung f\u00fcr Synchronschwimmen bietet dir die perfekte Kombination aus Komfort, Funktionalit\u00e4t und Stil, damit du dich im Wasser frei bewegen und synchron mit deinem Team schwimmen kannst.<\/p>\n<p>&#8211; Schwimmlernen: F\u00fcr Anf\u00e4nger bieten wir eine Vielzahl von Schwimmlernprodukten an, die dabei helfen, das Schwimmen spielerisch zu erlernen und Vertrauen im Wasser aufzubauen.<\/p>\n<p>&#8211; Aqua Fitness: Unser Sortiment an Aqua-Fitness-Produkten umfasst Aqua-Hanteln, Schwimmnudeln, Aqua-Handschuhe und andere Trainingsger\u00e4te, die dir ein effektives Ganzk\u00f6rpertraining im Wasser erm\u00f6glichen.<\/p>\n<p>&nbsp;<\/p>\n<p>Also, worauf wartest du noch? Tauche ein in unser <strong>umfangreiches Sortiment an BECO Artikeln<\/strong> und starte noch heute durch!<\/p>\n<p>&nbsp;<\/p>\n","protected":false},"excerpt":{"rendered":"<p><strong>ECO-SEALIFE\u00ae Tauchtiere<\/strong><br \/>\nTauchtiere 6er-Set.<br \/>\nMit robustem Kunststoff\u00fcberzug.<br \/>\nVerpackung: Netztasche mit Rei\u00dfverschluss<\/p>\n<p>Artikelnummer 9611<\/p>\n<p>UVP: 29,95 \u20ac<\/p>\n<p>&nbsp;<\/p>\n<p>Lieferzeit: ca 4 &#8211; 10 Tage<\/p>\n<p>&nbsp;<\/p>\n<table border=\"1\" cellspacing=\"0\" cellpadding=\"0\">\n<tbody>\n<tr>\n<td><strong>Menge<br \/>\n<\/strong><\/td>\n<td style=\"text-align: center;\"><strong>Preis<\/strong><\/td>\n<\/tr>\n<tr>\n<td>1 &#8211; 4<\/td>\n<td style=\"text-align: center;\">27,99 \u20ac<\/td>\n<\/tr>\n<tr>\n<td>5 -20<\/td>\n<td style=\"text-align: center;\">23,99 \u20ac<\/td>\n<\/tr>\n<tr>\n<td style=\"text-align: center;\">21-100<\/td>\n<td>Preis auf Anfrage \u20ac<\/td>\n<\/tr>\n<\/tbody>\n<\/table>\n<p>&nbsp;<\/p>\n","protected":false},"featured_media":2610,"template":"","meta":[],"product_brand":[],"product_cat":[403,219],"product_tag":[],"class_list":{"0":"post-2607","1":"product","2":"type-product","3":"status-publish","4":"has-post-thumbnail","6":"product_cat-beco-schwimmen-lernen","7":"product_cat-lsn-shop","8":"description-off","10":"first","11":"instock","12":"sale","13":"taxable","14":"shipping-taxable","15":"purchasable","16":"product-type-variable"},"_links":{"self":[{"href":"https:\/\/sport-goslar.de\/verein-shop\/wp-json\/wp\/v2\/product\/2607","targetHints":{"allow":["GET"]}}],"collection":[{"href":"https:\/\/sport-goslar.de\/verein-shop\/wp-json\/wp\/v2\/product"}],"about":[{"href":"https:\/\/sport-goslar.de\/verein-shop\/wp-json\/wp\/v2\/types\/product"}],"wp:featuredmedia":[{"embeddable":true,"href":"https:\/\/sport-goslar.de\/verein-shop\/wp-json\/wp\/v2\/media\/2610"}],"wp:attachment":[{"href":"https:\/\/sport-goslar.de\/verein-shop\/wp-json\/wp\/v2\/media?parent=2607"}],"wp:term":[{"taxonomy":"product_brand","embeddable":true,"href":"https:\/\/sport-goslar.de\/verein-shop\/wp-json\/wp\/v2\/product_brand?post=2607"},{"taxonomy":"product_cat","embeddable":true,"href":"https:\/\/sport-goslar.de\/verein-shop\/wp-json\/wp\/v2\/product_cat?post=2607"},{"taxonomy":"product_tag","embeddable":true,"href":"https:\/\/sport-goslar.de\/verein-shop\/wp-json\/wp\/v2\/product_tag?post=2607"}],"curies":[{"name":"wp","href":"https:\/\/api.w.org\/{rel}","templated":true}]}}