{"id":2596,"date":"2023-03-23T21:05:50","date_gmt":"2023-03-23T20:05:50","guid":{"rendered":"https:\/\/sport-goslar.de\/verein-shop\/?post_type=product&#038;p=2596"},"modified":"2023-05-17T10:54:27","modified_gmt":"2023-05-17T08:54:27","slug":"hml-damen-t-shirt-tkj-sarstedt-inklusive-brustwappen","status":"publish","type":"product","link":"https:\/\/sport-goslar.de\/verein-shop\/produkt\/hml-damen-t-shirt-tkj-sarstedt-inklusive-brustwappen\/","title":{"rendered":"HML Damen T-Shirt TKJ Sarstedt inklusive Brustwappen"},"content":{"rendered":"<p>Ware die invividuell f\u00fcr euch veredelt wird (also z.B. mit Spielernamen, Nummern, Sponsorenlogos, Vereinswappen, Initalien, etc bedruckt\/beflockt wird) gilt als Sonderanfertigung und ist von einem Umtausch leider ausgeschlossen.<\/p>\n","protected":false},"excerpt":{"rendered":"<p><strong>HML Damen T-Shirt TKJ Sarstedt inklusive Brustwappen<br \/>\n<\/strong><\/p>\n<p>Das klassische hummel\u00ae HMLGO COTTON ist perfekt f\u00fcr Pr\u00e4sentationzwecke und als Alltagsbekleidung. Das T-Shirt aus weicher Baumwolle mit \u00c4rmel-Chevrons und dezentem Logo-Print vereint die heilige Dreifaltigkeit der Fashion S \u2013 sportlich, stylish und super-bequem. Soft-Feel, sportliche \u00c4rmelchevrons subtil gedrucktes Logo, Vereinwappen auf der Brust Qualit\u00e4t: 100 % Baumwolle. Unisexschnitt Art.203440<\/p>\n<p>UVP 19,99 \u20ac zuz\u00fcgl Druck (je nach Druckmenge 5,25 bis 10,99 \u20ac je Seite)<\/p>\n<p>FB 2001=schwarz<\/p>\n<p>FB 2006=grau\/wei\u00df<\/p>\n<p>FB 3062=rot\/wei\u00df<\/p>\n<p>Gr\u00f6\u00dfe\u00a0 S &#8211; 2XL<\/p>\n<p>Lieferzeit: ca 10 &#8211; 20 Tage<\/p>\n<p>&nbsp;<\/p>\n<table border=\"1\" cellspacing=\"0\" cellpadding=\"0\">\n<tbody>\n<tr>\n<td><strong>Menge<\/strong><\/td>\n<td><strong>Preis<\/strong><\/td>\n<\/tr>\n<tr>\n<td>1 &#8211; 4<\/td>\n<td>23,99 \u20ac<\/td>\n<\/tr>\n<tr>\n<td>5 &#8211; 9<\/td>\n<td>18,99 \u20ac<\/td>\n<\/tr>\n<tr>\n<td>10-50<\/td>\n<td>17,99 \u20ac<\/td>\n<\/tr>\n<\/tbody>\n<\/table>\n<p>&nbsp;<\/p>\n<p>&nbsp;<\/p>\n","protected":false},"featured_media":2591,"template":"","meta":[],"product_brand":[],"product_cat":[396,393,401],"product_tag":[],"class_list":{"0":"post-2596","1":"product","2":"type-product","3":"status-publish","4":"has-post-thumbnail","6":"product_cat-kollektion-tkj-sarstedt","7":"product_cat-tkj-sarstedt","8":"product_cat-trikots-shirts-tkj","9":"description-off","11":"first","12":"instock","13":"sale","14":"taxable","15":"shipping-taxable","16":"purchasable","17":"product-type-variable"},"_links":{"self":[{"href":"https:\/\/sport-goslar.de\/verein-shop\/wp-json\/wp\/v2\/product\/2596","targetHints":{"allow":["GET"]}}],"collection":[{"href":"https:\/\/sport-goslar.de\/verein-shop\/wp-json\/wp\/v2\/product"}],"about":[{"href":"https:\/\/sport-goslar.de\/verein-shop\/wp-json\/wp\/v2\/types\/product"}],"wp:featuredmedia":[{"embeddable":true,"href":"https:\/\/sport-goslar.de\/verein-shop\/wp-json\/wp\/v2\/media\/2591"}],"wp:attachment":[{"href":"https:\/\/sport-goslar.de\/verein-shop\/wp-json\/wp\/v2\/media?parent=2596"}],"wp:term":[{"taxonomy":"product_brand","embeddable":true,"href":"https:\/\/sport-goslar.de\/verein-shop\/wp-json\/wp\/v2\/product_brand?post=2596"},{"taxonomy":"product_cat","embeddable":true,"href":"https:\/\/sport-goslar.de\/verein-shop\/wp-json\/wp\/v2\/product_cat?post=2596"},{"taxonomy":"product_tag","embeddable":true,"href":"https:\/\/sport-goslar.de\/verein-shop\/wp-json\/wp\/v2\/product_tag?post=2596"}],"curies":[{"name":"wp","href":"https:\/\/api.w.org\/{rel}","templated":true}]}}