{"id":2519,"date":"2023-02-28T21:05:47","date_gmt":"2023-02-28T20:05:47","guid":{"rendered":"https:\/\/sport-goslar.de\/verein-shop\/?post_type=product&#038;p=2519"},"modified":"2023-05-22T12:14:07","modified_gmt":"2023-05-22T10:14:07","slug":"kapuzenjacke-damen-classico-mit-vereinswappen","status":"publish","type":"product","link":"https:\/\/sport-goslar.de\/verein-shop\/produkt\/kapuzenjacke-damen-classico-mit-vereinswappen\/","title":{"rendered":"Kapuzenjacke Damen Classico mit Vereinswappen"},"content":{"rendered":"<p>Bitte beachtet das es sich bei individualisierten Artikeln die mit Namen, Nummern oder Sponsorenlogos versehen sind um Sonderanfertigungen handelt. Diese Artikel k\u00f6nnen leider nicht umgetauscht werden.<\/p>\n","protected":false},"excerpt":{"rendered":"<div class=\"woocommerce-product-details__short-description\">\n<div class=\"woocommerce-product-details__short-description\">\n<p><strong>Damen Kapuzenjacke Classico inklusive Vereinswappen auf der Brust<\/strong><\/p>\n<p>\u00e4ssige Auftritte mit Kapuze im klassischen Oberteil. Der Stil der Kapuzenjacke CLASSICO ist auf das Wesentliche reduziert. Einfarbig in Rot, Citro, Royal, Sportgr\u00fcn, Schwarz, Marine, Lila, Maroon, Neonorange und Nightblue\/Citro erh\u00e4ltlich, zeigt sie den Schriftzug JAKO und unsere Markensymbole. Die Innenseite aus Microfleece sowie die Zippergarage garantieren besonders hohen Tragekomfort. In den Seitentaschen lassen sich Alltagsgegenst\u00e4nde praktisch aufbewahren. Das Oberteil ist in den Gr\u00f6\u00dfen 128 &#8211; 164, S &#8211; 4XL und im <strong>taillierten Damenschnitt<\/strong> von 34 &#8211; 48 verf\u00fcgbar. Abbildung \u00e4hnlich, Durchmesser des Vereinswappen im Original ca 8cm<\/p>\n<p>Gr\u00f6\u00dfe 34-48<\/p>\n<p>UVP 59,99 Euro + Druckkosten<\/p>\n<\/div>\n<\/div>\n<p>Lieferzeit: ca 2 &#8211; 5 Wochen<\/p>\n<table border=\"1\" cellspacing=\"0\" cellpadding=\"0\">\n<tbody>\n<tr>\n<td><strong>Menge<\/strong><\/td>\n<td><strong>Preis<\/strong><\/td>\n<\/tr>\n<tr>\n<td>1 &#8211; 2<\/td>\n<td>\u00a049,99 \u20ac<\/td>\n<\/tr>\n<tr>\n<td>3 &#8211; 9<\/td>\n<td>\u00a045,99 \u20ac<\/td>\n<\/tr>\n<tr>\n<td>10-50<\/td>\n<td>\u00a042,99 \u20ac<\/td>\n<\/tr>\n<\/tbody>\n<\/table>\n<p>&nbsp;<\/p>\n<p>&nbsp;<\/p>\n","protected":false},"featured_media":2535,"template":"","meta":[],"product_brand":[],"product_cat":[387],"product_tag":[],"class_list":{"0":"post-2519","1":"product","2":"type-product","3":"status-publish","4":"has-post-thumbnail","6":"product_cat-jacken-oberteile","7":"description-off","9":"first","10":"instock","11":"sale","12":"taxable","13":"shipping-taxable","14":"purchasable","15":"product-type-variable"},"_links":{"self":[{"href":"https:\/\/sport-goslar.de\/verein-shop\/wp-json\/wp\/v2\/product\/2519","targetHints":{"allow":["GET"]}}],"collection":[{"href":"https:\/\/sport-goslar.de\/verein-shop\/wp-json\/wp\/v2\/product"}],"about":[{"href":"https:\/\/sport-goslar.de\/verein-shop\/wp-json\/wp\/v2\/types\/product"}],"wp:featuredmedia":[{"embeddable":true,"href":"https:\/\/sport-goslar.de\/verein-shop\/wp-json\/wp\/v2\/media\/2535"}],"wp:attachment":[{"href":"https:\/\/sport-goslar.de\/verein-shop\/wp-json\/wp\/v2\/media?parent=2519"}],"wp:term":[{"taxonomy":"product_brand","embeddable":true,"href":"https:\/\/sport-goslar.de\/verein-shop\/wp-json\/wp\/v2\/product_brand?post=2519"},{"taxonomy":"product_cat","embeddable":true,"href":"https:\/\/sport-goslar.de\/verein-shop\/wp-json\/wp\/v2\/product_cat?post=2519"},{"taxonomy":"product_tag","embeddable":true,"href":"https:\/\/sport-goslar.de\/verein-shop\/wp-json\/wp\/v2\/product_tag?post=2519"}],"curies":[{"name":"wp","href":"https:\/\/api.w.org\/{rel}","templated":true}]}}