{"id":2513,"date":"2023-02-28T20:58:21","date_gmt":"2023-02-28T19:58:21","guid":{"rendered":"https:\/\/sport-goslar.de\/verein-shop\/?post_type=product&#038;p=2513"},"modified":"2023-05-22T12:15:51","modified_gmt":"2023-05-22T10:15:51","slug":"freizeitjacke-damen-classico-mit-vereinswappen-2","status":"publish","type":"product","link":"https:\/\/sport-goslar.de\/verein-shop\/produkt\/freizeitjacke-damen-classico-mit-vereinswappen-2\/","title":{"rendered":"Freizeitjacke Damen Classico mit Vereinswappen"},"content":{"rendered":"<p>Bitte beachtet das es sich bei individualisierten Artikeln die mit Namen, Nummern oder Sponsorenlogos versehen sind um Sonderanfertigungen handelt. Diese Artikel k\u00f6nnen leider nicht umgetauscht werden.<\/p>\n","protected":false},"excerpt":{"rendered":"<div class=\"woocommerce-product-details__short-description\">\n<div class=\"woocommerce-product-details__short-description\">\n<p><strong>Damen Freizeitjacke Classico inklusive Vereinswappen auf der Brust<\/strong><\/p>\n<p>Die Freizeitjacke CLASSICO ist dein praktischer Begleiter vor, nach und w\u00e4hrend dem Sport. Ihr unifarbenes Design im typischen Stil der Linie macht sie kombinierbar mit zahlreichen anderen Artikeln aus der JAKO Kollektion. Dank des Fertigungsmaterials Bonded &#8211; Polyester &#8211; Fleece ist diese Sportbekleidung besonders robust und lange haltbar. Mit ihrer Innenseite aus Microfleece liegt sie dar\u00fcber hinaus bequem auf deiner Haut. Praktisch sind die Seitentaschen mit Rei\u00dfverschluss, in denen sich Alltagsgegenst\u00e4nde sicher aufbewahren lassen. Die Freizeitjacke ist in zehn Farben und Gr\u00f6\u00dfen von 128 &#8211; 164 f\u00fcr Kinder, S &#8211; 4XL f\u00fcr Erwachsene und in<strong> tailliertem Damenschnitt<\/strong> von 34 &#8211; 48 erh\u00e4ltlich. Abbildung \u00e4hnlich, Durchmesser des Vereinswappen im Original ca 8cm<\/p>\n<p>Gr\u00f6\u00dfe 34-48 \u00a0 UVP 59,99 Euro + Druckkosten<\/p>\n<\/div>\n<\/div>\n<p>Lieferzeit: ca 2 &#8211; 5 Wochen<\/p>\n<table border=\"1\" cellspacing=\"0\" cellpadding=\"0\">\n<tbody>\n<tr>\n<td><strong>Menge<\/strong><\/td>\n<td><strong>Preis<\/strong><\/td>\n<\/tr>\n<tr>\n<td>1 &#8211; 2<\/td>\n<td>\u00a048,99 \u20ac<\/td>\n<\/tr>\n<tr>\n<td>3 &#8211; 9<\/td>\n<td>\u00a044,99 \u20ac<\/td>\n<\/tr>\n<tr>\n<td>10-50<\/td>\n<td>\u00a043,99 \u20ac<\/td>\n<\/tr>\n<\/tbody>\n<\/table>\n<p>&nbsp;<\/p>\n","protected":false},"featured_media":2538,"template":"","meta":[],"product_brand":[],"product_cat":[387],"product_tag":[],"class_list":{"0":"post-2513","1":"product","2":"type-product","3":"status-publish","4":"has-post-thumbnail","6":"product_cat-jacken-oberteile","7":"description-off","9":"first","10":"instock","11":"sale","12":"taxable","13":"shipping-taxable","14":"purchasable","15":"product-type-variable"},"_links":{"self":[{"href":"https:\/\/sport-goslar.de\/verein-shop\/wp-json\/wp\/v2\/product\/2513","targetHints":{"allow":["GET"]}}],"collection":[{"href":"https:\/\/sport-goslar.de\/verein-shop\/wp-json\/wp\/v2\/product"}],"about":[{"href":"https:\/\/sport-goslar.de\/verein-shop\/wp-json\/wp\/v2\/types\/product"}],"wp:featuredmedia":[{"embeddable":true,"href":"https:\/\/sport-goslar.de\/verein-shop\/wp-json\/wp\/v2\/media\/2538"}],"wp:attachment":[{"href":"https:\/\/sport-goslar.de\/verein-shop\/wp-json\/wp\/v2\/media?parent=2513"}],"wp:term":[{"taxonomy":"product_brand","embeddable":true,"href":"https:\/\/sport-goslar.de\/verein-shop\/wp-json\/wp\/v2\/product_brand?post=2513"},{"taxonomy":"product_cat","embeddable":true,"href":"https:\/\/sport-goslar.de\/verein-shop\/wp-json\/wp\/v2\/product_cat?post=2513"},{"taxonomy":"product_tag","embeddable":true,"href":"https:\/\/sport-goslar.de\/verein-shop\/wp-json\/wp\/v2\/product_tag?post=2513"}],"curies":[{"name":"wp","href":"https:\/\/api.w.org\/{rel}","templated":true}]}}