{"id":2509,"date":"2023-02-28T20:53:09","date_gmt":"2023-02-28T19:53:09","guid":{"rendered":"https:\/\/sport-goslar.de\/verein-shop\/?post_type=product&#038;p=2509"},"modified":"2023-03-01T20:05:55","modified_gmt":"2023-03-01T19:05:55","slug":"kinder-allwetterjacke-team-mit-vereinswappen-2","status":"publish","type":"product","link":"https:\/\/sport-goslar.de\/verein-shop\/produkt\/kinder-allwetterjacke-team-mit-vereinswappen-2\/","title":{"rendered":"Kinder Allwetterjacke Team mit Vereinswappen"},"content":{"rendered":"<p>Bitte beachtet das es sich bei individualisierten Artikeln die mit Namen, Nummern oder Sponsorenlogos versehen sind um Sonderanfertigungen handelt. Diese Artikel k\u00f6nnen leider nicht umgetauscht werden.<\/p>\n","protected":false},"excerpt":{"rendered":"<div class=\"woocommerce-product-details__short-description\">\n<div class=\"woocommerce-product-details__short-description\">\n<p><strong>Kinder Allwetterjacke Team inklusive Vereinswappen auf der Brust<\/strong><\/p>\n<p>Selbst Regen und Wind k\u00f6nnen Dich mit der Allwetterjacke TEAM nicht abhalten, Sport im Freien zu machen. Ein hochfunktionelles, wasserabweisendes Obermaterial mit PU-Beschichtung h\u00e4lt bei jedem Wetter trocken. Das Material besteht zu 100 % aus Polyester, welches sich durch seine vielf\u00e4ltigen Funktionen wie geringe Feuchtigkeitsaufnahme, Pflegeleichtigkeit und hohe Rei\u00df- und Scheuerfestigkeit auszeichnet. Zus\u00e4tzlich bieten eine im Kragen integrierte Kapuze mit Windfang, eine Zippergarage, getapte N\u00e4hte an Kapuze und Schulterpartie und ein \u00c4rmelabschluss mit elastischem Einsatz eine erstklassige Ausstattung. Verf\u00fcgbar ist die Allwetterjacke Team f\u00fcr Kinder und Erwachsene in 5 verschiedenen Farben. Abbildung \u00e4hnlich, Durchmesser des Vereinswappen im Original ca 8cm<\/p>\n<p>Gr\u00f6\u00dfe 116-164 UVP + Druckkosten = 47,99<\/p>\n<\/div>\n<\/div>\n<p>Lieferzeit: ca 2 &#8211; 5 Wochen<\/p>\n<table border=\"1\" cellspacing=\"0\" cellpadding=\"0\">\n<tbody>\n<tr>\n<td><strong>Menge<\/strong><\/td>\n<td><strong>Preis<\/strong><\/td>\n<\/tr>\n<tr>\n<td>1 &#8211; 2<\/td>\n<td>\u00a036,99 \u20ac<\/td>\n<\/tr>\n<tr>\n<td>3 &#8211; 9<\/td>\n<td>\u00a032,50 \u20ac<\/td>\n<\/tr>\n<tr>\n<td>10-50<\/td>\n<td>\u00a031,50 \u20ac<\/td>\n<\/tr>\n<\/tbody>\n<\/table>\n<p>&nbsp;<\/p>\n","protected":false},"featured_media":2537,"template":"","meta":[],"product_brand":[],"product_cat":[387],"product_tag":[],"class_list":{"0":"post-2509","1":"product","2":"type-product","3":"status-publish","4":"has-post-thumbnail","6":"product_cat-jacken-oberteile","7":"description-off","9":"first","10":"instock","11":"sale","12":"taxable","13":"shipping-taxable","14":"purchasable","15":"product-type-variable"},"_links":{"self":[{"href":"https:\/\/sport-goslar.de\/verein-shop\/wp-json\/wp\/v2\/product\/2509","targetHints":{"allow":["GET"]}}],"collection":[{"href":"https:\/\/sport-goslar.de\/verein-shop\/wp-json\/wp\/v2\/product"}],"about":[{"href":"https:\/\/sport-goslar.de\/verein-shop\/wp-json\/wp\/v2\/types\/product"}],"wp:featuredmedia":[{"embeddable":true,"href":"https:\/\/sport-goslar.de\/verein-shop\/wp-json\/wp\/v2\/media\/2537"}],"wp:attachment":[{"href":"https:\/\/sport-goslar.de\/verein-shop\/wp-json\/wp\/v2\/media?parent=2509"}],"wp:term":[{"taxonomy":"product_brand","embeddable":true,"href":"https:\/\/sport-goslar.de\/verein-shop\/wp-json\/wp\/v2\/product_brand?post=2509"},{"taxonomy":"product_cat","embeddable":true,"href":"https:\/\/sport-goslar.de\/verein-shop\/wp-json\/wp\/v2\/product_cat?post=2509"},{"taxonomy":"product_tag","embeddable":true,"href":"https:\/\/sport-goslar.de\/verein-shop\/wp-json\/wp\/v2\/product_tag?post=2509"}],"curies":[{"name":"wp","href":"https:\/\/api.w.org\/{rel}","templated":true}]}}