{"id":2452,"date":"2023-01-11T13:25:28","date_gmt":"2023-01-11T12:25:28","guid":{"rendered":"https:\/\/sport-goslar.de\/verein-shop\/?post_type=product&#038;p=2452"},"modified":"2023-02-28T18:57:20","modified_gmt":"2023-02-28T17:57:20","slug":"vorlage-unterwaesche-tsv-arminia-voehrum","status":"publish","type":"product","link":"https:\/\/sport-goslar.de\/verein-shop\/produkt\/vorlage-unterwaesche-tsv-arminia-voehrum\/","title":{"rendered":"Vorlage Unterw\u00e4sche TSV Arminia V\u00f6hrum"},"content":{"rendered":"","protected":false},"excerpt":{"rendered":"<p><strong>Damen Baselayer Hipster<br \/>\n<\/strong><\/p>\n<p>Funktionelle Tight zum unterziehen. Um Spitzenleistungen zu erzielen, must du jeden Vorteil maximieren. Genau das bieten die hummel\u00ae HML FIRST PERFORMANCE Hipstermit einem widerstandsfreien, aerodynamischen Design und inneren Bein- \/ R\u00fcckeneins\u00e4tzen f\u00fcr maximale Flexibilit\u00e4t und Bel\u00fcftung.Maxi-Flex-Eins\u00e4tze f\u00fcr h\u00f6chste Agilit\u00e4t, Null-Widerstand-Design f\u00fcr optimale Aerodynamik, Marken-Elastikbund, Qualit\u00e4t: 88 % Polyester, 12 % Elasthan Art. 204516<\/p>\n<p>UVP 24,95 \u20ac<\/p>\n<p>Fb 2001=schwarz<\/p>\n<p>Fb 9001=wei\u00df<\/p>\n<p>Gr\u00f6\u00dfe\u00a0 XS &#8211; XXL<\/p>\n<p>Lieferzeit: ca 3 &#8211; 10 Tage<\/p>\n<table border=\"1\" cellspacing=\"0\" cellpadding=\"0\">\n<tbody>\n<tr>\n<td><strong>Menge<\/strong><\/td>\n<td><strong>Preis<\/strong><\/td>\n<\/tr>\n<tr>\n<td>1 &#8211; 2<\/td>\n<td>17,99 \u20ac<\/td>\n<\/tr>\n<tr>\n<td>3 &#8211; 9<\/td>\n<td>15,99 \u20ac<\/td>\n<\/tr>\n<tr>\n<td>10-50<\/td>\n<td>14,99 \u20ac<\/td>\n<\/tr>\n<\/tbody>\n<\/table>\n<p>&nbsp;<\/p>\n<p>&nbsp;<\/p>\n","protected":false},"featured_media":606,"template":"","meta":[],"product_brand":[],"product_cat":[15],"product_tag":[],"class_list":{"0":"post-2452","1":"product","2":"type-product","3":"status-publish","4":"has-post-thumbnail","6":"product_cat-vereine","7":"description-off","9":"first","10":"instock","11":"sale","12":"taxable","13":"shipping-taxable","14":"purchasable","15":"product-type-variable"},"_links":{"self":[{"href":"https:\/\/sport-goslar.de\/verein-shop\/wp-json\/wp\/v2\/product\/2452","targetHints":{"allow":["GET"]}}],"collection":[{"href":"https:\/\/sport-goslar.de\/verein-shop\/wp-json\/wp\/v2\/product"}],"about":[{"href":"https:\/\/sport-goslar.de\/verein-shop\/wp-json\/wp\/v2\/types\/product"}],"wp:featuredmedia":[{"embeddable":true,"href":"https:\/\/sport-goslar.de\/verein-shop\/wp-json\/wp\/v2\/media\/606"}],"wp:attachment":[{"href":"https:\/\/sport-goslar.de\/verein-shop\/wp-json\/wp\/v2\/media?parent=2452"}],"wp:term":[{"taxonomy":"product_brand","embeddable":true,"href":"https:\/\/sport-goslar.de\/verein-shop\/wp-json\/wp\/v2\/product_brand?post=2452"},{"taxonomy":"product_cat","embeddable":true,"href":"https:\/\/sport-goslar.de\/verein-shop\/wp-json\/wp\/v2\/product_cat?post=2452"},{"taxonomy":"product_tag","embeddable":true,"href":"https:\/\/sport-goslar.de\/verein-shop\/wp-json\/wp\/v2\/product_tag?post=2452"}],"curies":[{"name":"wp","href":"https:\/\/api.w.org\/{rel}","templated":true}]}}