{"id":2438,"date":"2023-01-11T12:55:41","date_gmt":"2023-01-11T11:55:41","guid":{"rendered":"https:\/\/sport-goslar.de\/verein-shop\/?post_type=product&#038;p=2438"},"modified":"2023-02-28T21:22:16","modified_gmt":"2023-02-28T20:22:16","slug":"vorlage-handtuecher-badepantoletten-tsv-arminia-voehrum","status":"publish","type":"product","link":"https:\/\/sport-goslar.de\/verein-shop\/produkt\/vorlage-handtuecher-badepantoletten-tsv-arminia-voehrum\/","title":{"rendered":"Vorlage Handt\u00fccher &#038; Badepantoletten TSV Arminia V\u00f6hrum"},"content":{"rendered":"","protected":false},"excerpt":{"rendered":"<p><strong>HML Badepantolette mit Klettverschlu\u00df<br \/>\n<\/strong><\/p>\n<p>Der hummel\u00ae LARSEN SLIPPER VELCRO ist bequem, leicht und wasserabweisend. Er kommt im klassischen Retro-Design mit harmonischen Farben und den charakteristischen hummel\u00ae-Winkeln. Die Laufsohle\/Zwischensohle ist aus EVA-Schaum f\u00fcr Flexibilit\u00e4t und der Klettverschluss garantiert eine individuelle Passform. Ideal f\u00fcr das Schwimmbad oder f\u00fcr Zuhause. Wasserabweisend, leicht und bequem,<br \/>\nRetro-Design in harmonischen Farben, Klettverschluss sorgt f\u00fcr optimale Passform, EVA-Schaum garantiert Flexibilit\u00e4t,\u00a0 Art.060406<\/p>\n<p>Fb 2001 =schwarz\/wei\u00df<\/p>\n<p>Gr\u00f6\u00dfe\u00a0 36 &#8211; 48<\/p>\n<p>UVP 29,99 \u20ac<\/p>\n<p>Lieferzeit: ca 3 &#8211; 10 Tage<\/p>\n<table border=\"1\" cellspacing=\"0\" cellpadding=\"0\">\n<tbody>\n<tr>\n<td><strong>Menge<\/strong><\/td>\n<td><strong>Preis<\/strong><\/td>\n<\/tr>\n<tr>\n<td>1 &#8211; 4<\/td>\n<td>19,99 \u20ac<\/td>\n<\/tr>\n<tr>\n<td>5 &#8211; 9<\/td>\n<td>18,99 \u20ac<\/td>\n<\/tr>\n<tr>\n<td>10-20<\/td>\n<td>17,99 \u20ac<\/td>\n<\/tr>\n<\/tbody>\n<\/table>\n<p>&nbsp;<\/p>\n","protected":false},"featured_media":533,"template":"","meta":[],"product_brand":[],"product_cat":[15],"product_tag":[],"class_list":{"0":"post-2438","1":"product","2":"type-product","3":"status-publish","4":"has-post-thumbnail","6":"product_cat-vereine","7":"description-off","9":"first","10":"instock","11":"sale","12":"taxable","13":"shipping-taxable","14":"purchasable","15":"product-type-variable"},"_links":{"self":[{"href":"https:\/\/sport-goslar.de\/verein-shop\/wp-json\/wp\/v2\/product\/2438","targetHints":{"allow":["GET"]}}],"collection":[{"href":"https:\/\/sport-goslar.de\/verein-shop\/wp-json\/wp\/v2\/product"}],"about":[{"href":"https:\/\/sport-goslar.de\/verein-shop\/wp-json\/wp\/v2\/types\/product"}],"wp:featuredmedia":[{"embeddable":true,"href":"https:\/\/sport-goslar.de\/verein-shop\/wp-json\/wp\/v2\/media\/533"}],"wp:attachment":[{"href":"https:\/\/sport-goslar.de\/verein-shop\/wp-json\/wp\/v2\/media?parent=2438"}],"wp:term":[{"taxonomy":"product_brand","embeddable":true,"href":"https:\/\/sport-goslar.de\/verein-shop\/wp-json\/wp\/v2\/product_brand?post=2438"},{"taxonomy":"product_cat","embeddable":true,"href":"https:\/\/sport-goslar.de\/verein-shop\/wp-json\/wp\/v2\/product_cat?post=2438"},{"taxonomy":"product_tag","embeddable":true,"href":"https:\/\/sport-goslar.de\/verein-shop\/wp-json\/wp\/v2\/product_tag?post=2438"}],"curies":[{"name":"wp","href":"https:\/\/api.w.org\/{rel}","templated":true}]}}