{"id":2436,"date":"2023-01-11T12:49:23","date_gmt":"2023-01-11T11:49:23","guid":{"rendered":"https:\/\/sport-goslar.de\/verein-shop\/?post_type=product&#038;p=2436"},"modified":"2023-02-28T21:36:30","modified_gmt":"2023-02-28T20:36:30","slug":"vorlage-fussball-tsv-arminia-voehrum","status":"publish","type":"product","link":"https:\/\/sport-goslar.de\/verein-shop\/produkt\/vorlage-fussball-tsv-arminia-voehrum\/","title":{"rendered":"Vorlage Fussball TSV Arminia V\u00f6hrum"},"content":{"rendered":"","protected":false},"excerpt":{"rendered":"<p><strong>Vorlage Fussball TSV Arminia V\u00f6hrum<\/strong><\/p>\n<p>Langlebiger Trainingsball mit Naturgummi Blase. Hybrid Technologie Das FIFA BASIC Zertifikat garantiert, dass die wichtigsten Eigenschaften wie Leistungsf\u00e4higkeit, Pr\u00e4zision, Sicherheit und Langlebigkeit bei diesem Ball erf\u00fcllt sind. Die 32 Panel Konstruktion des JAKO Trainingsball Performance sch\u00fctzt die Naturgummi Blase im inneren und eignet sich perfekt f\u00fcr den st\u00e4ndigen Trainingsbetrieb, bei dem der Ball konstante Spieleigenschaften beh\u00e4lt. Gr\u00f6\u00dfe 5<\/p>\n<p>UVP 39,99 Euro<\/p>\n<p>Lieferzeit: ca 3 &#8211; 10 Tage<\/p>\n<table border=\"1\" cellspacing=\"0\" cellpadding=\"0\">\n<tbody>\n<tr>\n<td><strong>Menge<\/strong><\/td>\n<td><strong>Preis<\/strong><\/td>\n<\/tr>\n<tr>\n<td>1 &#8211; 4<\/td>\n<td>29,99 \u20ac<\/td>\n<\/tr>\n<tr>\n<td>5 &#8211; 9<\/td>\n<td>24,99 \u20ac<\/td>\n<\/tr>\n<tr>\n<td>10-20<\/td>\n<td>23,99 \u20ac<\/td>\n<\/tr>\n<\/tbody>\n<\/table>\n<p>&nbsp;<\/p>\n","protected":false},"featured_media":2064,"template":"","meta":[],"product_brand":[],"product_cat":[15],"product_tag":[],"class_list":{"0":"post-2436","1":"product","2":"type-product","3":"status-publish","4":"has-post-thumbnail","6":"product_cat-vereine","7":"description-off","9":"first","10":"instock","11":"sale","12":"taxable","13":"shipping-taxable","14":"purchasable","15":"product-type-variable"},"_links":{"self":[{"href":"https:\/\/sport-goslar.de\/verein-shop\/wp-json\/wp\/v2\/product\/2436","targetHints":{"allow":["GET"]}}],"collection":[{"href":"https:\/\/sport-goslar.de\/verein-shop\/wp-json\/wp\/v2\/product"}],"about":[{"href":"https:\/\/sport-goslar.de\/verein-shop\/wp-json\/wp\/v2\/types\/product"}],"wp:featuredmedia":[{"embeddable":true,"href":"https:\/\/sport-goslar.de\/verein-shop\/wp-json\/wp\/v2\/media\/2064"}],"wp:attachment":[{"href":"https:\/\/sport-goslar.de\/verein-shop\/wp-json\/wp\/v2\/media?parent=2436"}],"wp:term":[{"taxonomy":"product_brand","embeddable":true,"href":"https:\/\/sport-goslar.de\/verein-shop\/wp-json\/wp\/v2\/product_brand?post=2436"},{"taxonomy":"product_cat","embeddable":true,"href":"https:\/\/sport-goslar.de\/verein-shop\/wp-json\/wp\/v2\/product_cat?post=2436"},{"taxonomy":"product_tag","embeddable":true,"href":"https:\/\/sport-goslar.de\/verein-shop\/wp-json\/wp\/v2\/product_tag?post=2436"}],"curies":[{"name":"wp","href":"https:\/\/api.w.org\/{rel}","templated":true}]}}