{"id":2341,"date":"2021-02-19T16:22:29","date_gmt":"2021-02-19T15:22:29","guid":{"rendered":"https:\/\/sport-goslar.de\/verein-shop\/?post_type=product&#038;p=2341"},"modified":"2024-05-07T17:15:30","modified_gmt":"2024-05-07T15:15:30","slug":"hml-first-performance-jersey-shortsleeve-kids","status":"publish","type":"product","link":"https:\/\/sport-goslar.de\/verein-shop\/produkt\/hml-first-performance-jersey-shortsleeve-kids\/","title":{"rendered":"HML First Performance Jersey Shortsleeve Kids"},"content":{"rendered":"<p>Die Zukunft f\u00fcr die Handballtalente!<\/p>\n<p>Habt ihr schon unseren brandneuen Onlineshop f\u00fcr die inidviduelle Vereinskollektion entdeckt? Wir sind \u00fcberaus begeistert, euch die M\u00f6glichkeit zu bieten, eure Vereinskollektionen online zu pr\u00e4sentieren und die besten Produkte f\u00fcr eure Mannschaft zu sichern.<\/p>\n<p>Doch das ist noch l\u00e4ngst nicht alles \u2013 wir m\u00f6chten auch anderen Vereinen und Verb\u00e4nden die Chance geben, einen individuellen Shop zu erhalten! Unser erfahrenes Team steht bereit, um eurem Team individuell zu beraten und den perfekten Onlineshop zu gestalten.<\/p>\n<p>Gemeinsam besprechen wir, welche Produkte am besten zu euch passen \u2013 und das ohne zus\u00e4tzliche Kosten f\u00fcr euren Verein! Egal, ob ihr in Niedersachen seid oder einem anderen Landesverband in Deutschland angeh\u00f6rt, wir unterst\u00fctzen euch alle und tragen dazu bei, dass ihr euer Team mit Stolz repr\u00e4sentieren k\u00f6nnt.<\/p>\n<p>Dank unserer engen Beziehungen zu f\u00fchrenden Partnern in der Sportartikelindustrie k\u00f6nnen wir euch exklusive Konditionen und attraktive Sponsoring-Vereinbarungen bieten. Lasst uns gemeinsam euren Teamgeist st\u00e4rken und eure Vereinskollektionen auf ein neues Level heben! Kontaktiert uns noch heute und erfahrt, wie wir euch helfen k\u00f6nnen, euren eigenen Onlineshop zu erstellen und eure Teams professionell auszustatten.<\/p>\n<p>&nbsp;<\/p>\n<div id=\"tab-description\" class=\"woocommerce-Tabs-panel woocommerce-Tabs-panel--description panel entry-content wc-tab\" role=\"tabpanel\" aria-labelledby=\"tab-title-description\">\n<p><strong> Ihr wollt noch mehr?<\/strong><\/p>\n<p>Dann seid ihr bei dem Spezialisten f\u00fcr individuelle Handball-, Vereins- und Team-Ausstattung genau richtig! Bei uns erhaltet ihr nicht nur ma\u00dfgeschneiderte Trikots, die nach euren W\u00fcnschen designt werden, sondern auch eine Vielzahl weiterer Sonderanfertigungen wie Beach Handball Tops, Sportsocken mit Vereinswappen, Handt\u00fccher und sogar Badet\u00fccher im individuellen Vereinslook.<\/p>\n<p>Wir bieten eine breite Palette an Druck- und Veredelungstechniken an, darunter Siebdruck, Bestickung, Flexdruck, Direktflock, Flockdruck, Transferdruck, Digitaldruck und sogar 3D-Flock. Egal, welchen Look ihr euch f\u00fcr euer Team vorstellt, wir k\u00f6nnen es umsetzen!<\/p>\n<p>&nbsp;<\/p>\n<p>Seit 1894 steht Sport Goslar f\u00fcr Leidenschaft, Teamsportkompetenz und das famili\u00e4re Wir-Gef\u00fchl.Unsere Spezialisierung liegt in der Produktion gro\u00dfer St\u00fcckzahlen, aber auch Kleinauflagen ab 5 St\u00fcck k\u00f6nnen wir zu g\u00fcnstigen Preisen beflocken oder bedrucken. Wir arbeiten mit renommierten Marken wie Erima, Hummel und Jako zusammen, um euch eine erstklassige Auswahl an Textilien anzubieten.Unsere Druckerei ist professionell ausgestattet und kann eure Anfragen und Auftr\u00e4ge schnell bearbeiten und ausliefern.<\/p>\n<p>&nbsp;<\/p>\n<p>Wir legen gro\u00dfen Wert auf Nachhaltigkeit und Qualit\u00e4t, daher garantieren wir Produkte, die auf h\u00f6chstem Niveau produziert werden. Unsere Stickereien sind besonders edel und langlebig.Wir beraten euch gerne pers\u00f6nlich am Telefon oder vor Ort, um sicherzustellen, dass eure Vorstellungen perfekt umgesetzt werden.<\/p>\n<p>&nbsp;<\/p>\n<p>Egal, ob es um Fu\u00dfballbekleidung f\u00fcr euer Team, Arbeitskleidung f\u00fcr den Alltag oder Veranstaltungen geht \u2013 wir haben die L\u00f6sung.Als Ausstatter namhafter Unternehmen, Vereine und Landesverb\u00e4nde setzen wir euren Verein mit hochwertigen Druck- und Veredelungstechniken in Szene. Unsere Produkte sind nicht nur umweltfreundlich, sondern auch strapazierf\u00e4hig und langlebig. Wir setzen auf hochwertige Materialien und Techniken, damit eure Ausr\u00fcstung auch nach vielen Eins\u00e4tzen wie neu aussieht.<\/p>\n<p>&nbsp;<\/p>\n<p>Vertraut auf unsere Fachkompetenz und \u00fcber 125 Jahre Erfahrung im Bereich Sportausr\u00fcstung. Sport Goslar \u2013 euer Partner f\u00fcr hochwertige Teamwear und individuelle Textilveredelung<\/p>\n<p>&nbsp;<\/p>\n<p>Wir freuen uns darauf, von euch zu h\u00f6ren und gemeinsam mit euch und den Handballkids durchzustarten!<\/p>\n<\/div>\n","protected":false},"excerpt":{"rendered":"<p><strong>Kinder Baselayer Shortsleeve<br \/>\n<\/strong><\/p>\n<p>Funktionelles Kurzarmshirt zum unterziehen. Im hummel\u00ae HML FIRST PERFORMANCE JERSEY S \/ S bist du ganz vorne dabei. Dieses stylische,kurz\u00e4rmelige T-Shirt wurde im Hinblick auf Leistung und Perfektion pr\u00e4zisionsgestaltet und verf\u00fcgt \u00fcber Maxi-Flex-Unterarmeins\u00e4tze f\u00fcr optimale Beweglichkeit. Pr\u00e4zisions-Design, Maxi-Flex-Unterarm-Eins\u00e4tze f\u00fcr optimale Beweglichkeit, Raglan-\u00c4rmel,Qualit\u00e4t: 88 % Polyester, 12 % Elasthan Art 204501<\/p>\n<p>UVP 27,95 \u20ac<\/p>\n<p>Fb 2001=schwarz<\/p>\n<p>Fb 9001=wei\u00df<\/p>\n<p>Gr\u00f6\u00dfe\u00a0 140- 164<\/p>\n<p>Lieferzeit: ca 3 &#8211; 10 Tage<\/p>\n<table border=\"1\" cellspacing=\"0\" cellpadding=\"0\">\n<tbody>\n<tr>\n<td><strong>Menge<\/strong><\/td>\n<td><strong>Preis<\/strong><\/td>\n<\/tr>\n<tr>\n<td>1 &#8211; 2<\/td>\n<td>18,99 \u20ac<\/td>\n<\/tr>\n<tr>\n<td>3 &#8211; 9<\/td>\n<td>17,99 \u20ac<\/td>\n<\/tr>\n<tr>\n<td>10-50<\/td>\n<td>16,99 \u20ac<\/td>\n<\/tr>\n<\/tbody>\n<\/table>\n<p>&nbsp;<\/p>\n","protected":false},"featured_media":160,"template":"","meta":[],"product_brand":[],"product_cat":[223,214,222,140,220,284,265,273,150,294,15],"product_tag":[],"class_list":{"0":"post-2341","1":"product","2":"type-product","3":"status-publish","4":"has-post-thumbnail","6":"product_cat-fc-lehrte","7":"product_cat-hummel","8":"product_cat-lehrter-sv","9":"product_cat-mellendorfer-tv","10":"product_cat-mtv-wolfenbuettel","11":"product_cat-unterwaesche-socken-fcl","12":"product_cat-unterwaesche-socken-hml","13":"product_cat-unterwaesche-socken-lsv","14":"product_cat-unterwaesche-socken-mellendorfer-tv","15":"product_cat-unterwaesche-socken-mtv-wolfenbuettel","16":"product_cat-vereine","17":"description-off","19":"first","20":"instock","21":"sale","22":"taxable","23":"shipping-taxable","24":"purchasable","25":"product-type-variable"},"_links":{"self":[{"href":"https:\/\/sport-goslar.de\/verein-shop\/wp-json\/wp\/v2\/product\/2341","targetHints":{"allow":["GET"]}}],"collection":[{"href":"https:\/\/sport-goslar.de\/verein-shop\/wp-json\/wp\/v2\/product"}],"about":[{"href":"https:\/\/sport-goslar.de\/verein-shop\/wp-json\/wp\/v2\/types\/product"}],"wp:featuredmedia":[{"embeddable":true,"href":"https:\/\/sport-goslar.de\/verein-shop\/wp-json\/wp\/v2\/media\/160"}],"wp:attachment":[{"href":"https:\/\/sport-goslar.de\/verein-shop\/wp-json\/wp\/v2\/media?parent=2341"}],"wp:term":[{"taxonomy":"product_brand","embeddable":true,"href":"https:\/\/sport-goslar.de\/verein-shop\/wp-json\/wp\/v2\/product_brand?post=2341"},{"taxonomy":"product_cat","embeddable":true,"href":"https:\/\/sport-goslar.de\/verein-shop\/wp-json\/wp\/v2\/product_cat?post=2341"},{"taxonomy":"product_tag","embeddable":true,"href":"https:\/\/sport-goslar.de\/verein-shop\/wp-json\/wp\/v2\/product_tag?post=2341"}],"curies":[{"name":"wp","href":"https:\/\/api.w.org\/{rel}","templated":true}]}}