{"id":2309,"date":"2022-02-28T08:30:15","date_gmt":"2022-02-28T07:30:15","guid":{"rendered":"https:\/\/sport-goslar.de\/verein-shop\/?post_type=product&#038;p=2309"},"modified":"2022-03-08T16:21:00","modified_gmt":"2022-03-08T15:21:00","slug":"kinder-trikot-tropicana-mit-edlem-3d-vereinwappen","status":"publish","type":"product","link":"https:\/\/sport-goslar.de\/verein-shop\/produkt\/kinder-trikot-tropicana-mit-edlem-3d-vereinwappen\/","title":{"rendered":"Kinder Trikot Tropicana mit edlem 3D Vereinwappen"},"content":{"rendered":"<p>Bitte beachtet das es sich bei individualisierten Artikeln die mit Namen, Nummern oder Sponsorenlogos versehen sind um Sonderanfertigungen handelt. Diese Artikel k\u00f6nnen leider nicht umgetauscht werden.<\/p>\n","protected":false},"excerpt":{"rendered":"<div class=\"woocommerce-product-details__short-description\">\n<div class=\"woocommerce-product-details__short-description\">\n<p><strong>Jako Trikot Tropicana mit eurem Vereinewappen auf der Brust<br \/>\n<\/strong><\/p>\n<p>F\u00fcr das Trikot Tropicana haben wir in unser Archiv geschaut und uns vom gleichnamigen Style aus dem JAKO Katalog 1991\/92 inspirieren lassen. Das Retro-Design bringt den Look unserer Anfangszeit zur\u00fcck auf den Platz und in die Vereinsheime. Die Neuauflage wird aus modernen Funktionsmaterialien und mit einem sportlichen Schnitt gefertigt. Das sportive Design des Trikots wird durch die K\u00f6rperbetonte Passform unterst\u00fctzt. Vervollst\u00e4ndigt wird das Design durch den Rundhals-Rippkragen und den \u00c4rmelabschluss mit breiten Ripp-B\u00fcndchen.<\/p>\n<p>Sehr gern beraten wir euch auch \u00fcber den optimalen Siebdruck mit Nummern, Vereinsnamen, oder Sponsorenlogos.<\/p>\n<p>Gr\u00f6\u00dfe 128-164 UVP 24,99 Euro + Druckkosten<\/p>\n<\/div>\n<\/div>\n<p>Lieferzeit: ca 2 &#8211; 4 Wochen<\/p>\n<table border=\"1\" cellspacing=\"0\" cellpadding=\"0\">\n<tbody>\n<tr>\n<td><strong>Menge<\/strong><\/td>\n<td><strong>Preis<\/strong><\/td>\n<\/tr>\n<tr>\n<td>1 &#8211; 2<\/td>\n<td>\u00a029,99 \u20ac<\/td>\n<\/tr>\n<tr>\n<td>3 &#8211; 9<\/td>\n<td>\u00a027,99 \u20ac<\/td>\n<\/tr>\n<tr>\n<td>10-50<\/td>\n<td>\u00a025,99 \u20ac<\/td>\n<\/tr>\n<\/tbody>\n<\/table>\n<p>&nbsp;<\/p>\n","protected":false},"featured_media":2312,"template":"","meta":[],"product_brand":[],"product_cat":[342,346],"product_tag":[],"class_list":{"0":"post-2309","1":"product","2":"type-product","3":"status-publish","4":"has-post-thumbnail","6":"product_cat-jacken-oberteile-sv-yurdumspor-88-lehrte","7":"product_cat-trikots-shirts-sv-yurdumspor-88-lehrte","8":"description-off","10":"first","11":"instock","12":"sale","13":"taxable","14":"shipping-taxable","15":"purchasable","16":"product-type-variable"},"_links":{"self":[{"href":"https:\/\/sport-goslar.de\/verein-shop\/wp-json\/wp\/v2\/product\/2309","targetHints":{"allow":["GET"]}}],"collection":[{"href":"https:\/\/sport-goslar.de\/verein-shop\/wp-json\/wp\/v2\/product"}],"about":[{"href":"https:\/\/sport-goslar.de\/verein-shop\/wp-json\/wp\/v2\/types\/product"}],"wp:featuredmedia":[{"embeddable":true,"href":"https:\/\/sport-goslar.de\/verein-shop\/wp-json\/wp\/v2\/media\/2312"}],"wp:attachment":[{"href":"https:\/\/sport-goslar.de\/verein-shop\/wp-json\/wp\/v2\/media?parent=2309"}],"wp:term":[{"taxonomy":"product_brand","embeddable":true,"href":"https:\/\/sport-goslar.de\/verein-shop\/wp-json\/wp\/v2\/product_brand?post=2309"},{"taxonomy":"product_cat","embeddable":true,"href":"https:\/\/sport-goslar.de\/verein-shop\/wp-json\/wp\/v2\/product_cat?post=2309"},{"taxonomy":"product_tag","embeddable":true,"href":"https:\/\/sport-goslar.de\/verein-shop\/wp-json\/wp\/v2\/product_tag?post=2309"}],"curies":[{"name":"wp","href":"https:\/\/api.w.org\/{rel}","templated":true}]}}