{"id":2271,"date":"2022-02-25T11:09:04","date_gmt":"2022-02-25T10:09:04","guid":{"rendered":"https:\/\/sport-goslar.de\/verein-shop\/?post_type=product&#038;p=2271"},"modified":"2022-03-08T16:31:19","modified_gmt":"2022-03-08T15:31:19","slug":"t-shirt-classico-mit-mit-edlem-3d-vereinswappen","status":"publish","type":"product","link":"https:\/\/sport-goslar.de\/verein-shop\/produkt\/t-shirt-classico-mit-mit-edlem-3d-vereinswappen\/","title":{"rendered":"T-Shirt Classico mit mit edlem 3D-Vereinswappen"},"content":{"rendered":"<p>Bitte beachtet das es sich bei individualisierten Artikeln die mit Namen, Nummern oder Sponsorenlogos versehen sind um Sonderanfertigungen handelt. Diese Artikel k\u00f6nnen leider nicht umgetauscht werden.<\/p>\n","protected":false},"excerpt":{"rendered":"<div class=\"woocommerce-product-details__short-description\">\n<div class=\"woocommerce-product-details__short-description\">\n<p><strong>T-Shirt Classico inklusive 3D- Vereinswappen auf der Brust<\/strong><\/p>\n<p>Selbst bei gr\u00f6\u00dfter Belastung machst Du mit dem T-Shirt Classico einen frischen Eindruck. Das Shirt besteht aus Polyester und hat einen Rundhals &#8211; Rippkragen. Es ist in den Gr\u00f6\u00dfen 116 &#8211; 4XL in sieben verschiedenen Farben erh\u00e4ltlich.<\/p>\n<p>Gr\u00f6\u00dfe\u00a0 S-4XL<\/p>\n<p>UVP 24,99 Euro + Druckkosten<\/p>\n<\/div>\n<\/div>\n<p>Lieferzeit: ca 2 &#8211; 5 Wochen<\/p>\n<table border=\"1\" cellspacing=\"0\" cellpadding=\"0\">\n<tbody>\n<tr>\n<td><strong>Menge<\/strong><\/td>\n<td><strong>Preis<br \/>\n<\/strong><\/td>\n<\/tr>\n<tr>\n<td>1 &#8211; 2<\/td>\n<td>\u00a029,99 \u20ac<\/td>\n<\/tr>\n<tr>\n<td>3 &#8211; 9<\/td>\n<td>\u00a027,99 \u20ac<\/td>\n<\/tr>\n<tr>\n<td>10-50<\/td>\n<td>\u00a025,99 \u20ac<\/td>\n<\/tr>\n<\/tbody>\n<\/table>\n<p>&nbsp;<\/p>\n","protected":false},"featured_media":2263,"template":"","meta":[],"product_brand":[],"product_cat":[342,346],"product_tag":[],"class_list":{"0":"post-2271","1":"product","2":"type-product","3":"status-publish","4":"has-post-thumbnail","6":"product_cat-jacken-oberteile-sv-yurdumspor-88-lehrte","7":"product_cat-trikots-shirts-sv-yurdumspor-88-lehrte","8":"description-off","10":"first","11":"instock","12":"sale","13":"taxable","14":"shipping-taxable","15":"purchasable","16":"product-type-variable"},"_links":{"self":[{"href":"https:\/\/sport-goslar.de\/verein-shop\/wp-json\/wp\/v2\/product\/2271","targetHints":{"allow":["GET"]}}],"collection":[{"href":"https:\/\/sport-goslar.de\/verein-shop\/wp-json\/wp\/v2\/product"}],"about":[{"href":"https:\/\/sport-goslar.de\/verein-shop\/wp-json\/wp\/v2\/types\/product"}],"wp:featuredmedia":[{"embeddable":true,"href":"https:\/\/sport-goslar.de\/verein-shop\/wp-json\/wp\/v2\/media\/2263"}],"wp:attachment":[{"href":"https:\/\/sport-goslar.de\/verein-shop\/wp-json\/wp\/v2\/media?parent=2271"}],"wp:term":[{"taxonomy":"product_brand","embeddable":true,"href":"https:\/\/sport-goslar.de\/verein-shop\/wp-json\/wp\/v2\/product_brand?post=2271"},{"taxonomy":"product_cat","embeddable":true,"href":"https:\/\/sport-goslar.de\/verein-shop\/wp-json\/wp\/v2\/product_cat?post=2271"},{"taxonomy":"product_tag","embeddable":true,"href":"https:\/\/sport-goslar.de\/verein-shop\/wp-json\/wp\/v2\/product_tag?post=2271"}],"curies":[{"name":"wp","href":"https:\/\/api.w.org\/{rel}","templated":true}]}}