{"id":2244,"date":"2022-02-23T09:55:44","date_gmt":"2022-02-23T08:55:44","guid":{"rendered":"https:\/\/sport-goslar.de\/verein-shop\/?post_type=product&#038;p=2244"},"modified":"2022-02-23T09:56:58","modified_gmt":"2022-02-23T08:56:58","slug":"test-sfa","status":"publish","type":"product","link":"https:\/\/sport-goslar.de\/verein-shop\/produkt\/test-sfa\/","title":{"rendered":"TEST SFA"},"content":{"rendered":"","protected":false},"excerpt":{"rendered":"<p>Jetzt oder Knie!<\/p>\n<p>Anatomische Form. Optimale D\u00e4mpfungseigenschaften. Abriebfeste und hitzebest\u00e4ndige Au\u00dfenschicht. Extra dicke Kniepolsterung f\u00fcr optimalen Aufprallschutz, konisch geformt in 4 Richtungen hochelastisch<br \/>\nDer perfekte Knieschoner, 1Paar<\/p>\n<p>UVP 36,99<\/p>\n<p>Gr\u00f6\u00dfe\u00a0 S &#8211; XL<\/p>\n<p>Lieferzeit: ca 3 &#8211; 10 Tage<\/p>\n<table border=\"1\" cellspacing=\"0\" cellpadding=\"0\">\n<tbody>\n<tr>\n<td><strong>Menge<\/strong><\/td>\n<td><strong>Preis<\/strong><\/td>\n<\/tr>\n<tr>\n<td>1 &#8211; 2<\/td>\n<td>27,99 \u20ac<\/td>\n<\/tr>\n<tr>\n<td>3 &#8211; 9<\/td>\n<td>23,99 \u20ac<\/td>\n<\/tr>\n<tr>\n<td>10-50<\/td>\n<td>22,99 \u20ac<\/td>\n<\/tr>\n<\/tbody>\n<\/table>\n<p>&nbsp;<\/p>\n","protected":false},"featured_media":2139,"template":"","meta":[],"product_brand":[],"product_cat":[376,377,378,330,379,380,381,382,383],"product_tag":[],"class_list":{"0":"post-2244","1":"product","2":"type-product","3":"status-publish","4":"has-post-thumbnail","6":"product_cat-handtuecher_badepantoletten_aligse","7":"product_cat-jacken_oberteile_aligse","8":"product_cat-schuetzer_bandagen_aligse","9":"product_cat-sf-aligse-aligser-gallier","10":"product_cat-short_hosen_aligse","11":"product_cat-taschen_rucksaecke_aligse","12":"product_cat-trainingsbedarf_zubehoer_aligse","13":"product_cat-trikots_shirts-_aligse","14":"product_cat-unterwaesche_aligse","15":"description-off","17":"first","18":"instock","19":"sale","20":"taxable","21":"shipping-taxable","22":"purchasable","23":"product-type-variable"},"_links":{"self":[{"href":"https:\/\/sport-goslar.de\/verein-shop\/wp-json\/wp\/v2\/product\/2244","targetHints":{"allow":["GET"]}}],"collection":[{"href":"https:\/\/sport-goslar.de\/verein-shop\/wp-json\/wp\/v2\/product"}],"about":[{"href":"https:\/\/sport-goslar.de\/verein-shop\/wp-json\/wp\/v2\/types\/product"}],"wp:featuredmedia":[{"embeddable":true,"href":"https:\/\/sport-goslar.de\/verein-shop\/wp-json\/wp\/v2\/media\/2139"}],"wp:attachment":[{"href":"https:\/\/sport-goslar.de\/verein-shop\/wp-json\/wp\/v2\/media?parent=2244"}],"wp:term":[{"taxonomy":"product_brand","embeddable":true,"href":"https:\/\/sport-goslar.de\/verein-shop\/wp-json\/wp\/v2\/product_brand?post=2244"},{"taxonomy":"product_cat","embeddable":true,"href":"https:\/\/sport-goslar.de\/verein-shop\/wp-json\/wp\/v2\/product_cat?post=2244"},{"taxonomy":"product_tag","embeddable":true,"href":"https:\/\/sport-goslar.de\/verein-shop\/wp-json\/wp\/v2\/product_tag?post=2244"}],"curies":[{"name":"wp","href":"https:\/\/api.w.org\/{rel}","templated":true}]}}