{"id":2216,"date":"2022-02-07T17:14:19","date_gmt":"2022-02-07T16:14:19","guid":{"rendered":"https:\/\/sport-goslar.de\/verein-shop\/?post_type=product&#038;p=2216"},"modified":"2023-02-24T20:03:19","modified_gmt":"2023-02-24T19:03:19","slug":"jako-stutzenstrumpf","status":"publish","type":"product","link":"https:\/\/sport-goslar.de\/verein-shop\/produkt\/jako-stutzenstrumpf\/","title":{"rendered":"Jako Stutzenstrumpf"},"content":{"rendered":"","protected":false},"excerpt":{"rendered":"<p><strong>Jako Stutzenstrumpf<\/strong><\/p>\n<p>Der JAKO Stutzenstrumpf GLASGOW 2.0 ist hierf\u00fcr bestens geeignet. 60% Polyester und 30 Prozent Baumwolle garantieren ein Maximum an Tragekomfort. Dank des Anteils von 10 Prozent Elasthan schmiegt sich der Stutzenstrumpf optimal an die Wade eines jeden Sportlers und ist sehr pflegeleicht. Neben klassischen Farben sind auch moderne Farbstellungen verf\u00fcgbar. Somit setzt der Stutzenstrumpf farbliche Akzente bei jedem sportlichen Outfit. Neben den Gr\u00f6\u00dfen f\u00fcr Damen und Herren ist der Strumpf auch f\u00fcr Kinder erh\u00e4ltlich. Dank der JAKO Gr\u00f6\u00dfenvielfalt steht der Stutzenstrumpf in den Gr\u00f6\u00dfen 27-30, 31-34, 35-38, 39-42, 43-46 und 47-50 f\u00fcr Dich zur Auswahl.<\/p>\n<p>UVP 9,99<\/p>\n<p>Lieferzeit: ca 5 &#8211; 10 Tage<\/p>\n<table border=\"1\" cellspacing=\"0\" cellpadding=\"0\">\n<tbody>\n<tr>\n<td><strong>Menge<\/strong><\/td>\n<td><strong>Preis<\/strong><\/td>\n<\/tr>\n<tr>\n<td>1 &#8211; 2<\/td>\n<td>7,99 \u20ac<\/td>\n<\/tr>\n<tr>\n<td>3 &#8211; 9<\/td>\n<td>6,99 \u20ac<\/td>\n<\/tr>\n<tr>\n<td>10-50<\/td>\n<td>5,69 \u20ac<\/td>\n<\/tr>\n<\/tbody>\n<\/table>\n<p>&nbsp;<\/p>\n","protected":false},"featured_media":2212,"template":"","meta":[],"product_brand":[],"product_cat":[392,347,356,375,248],"product_tag":[],"class_list":{"0":"post-2216","1":"product","2":"type-product","3":"status-publish","4":"has-post-thumbnail","6":"product_cat-unterwaesche","7":"product_cat-unterwaesche-stutzen-sv-yurdumspor-88-lehrte","8":"product_cat-unterwaesche-stutzen-tsv-eintracht-essinghausen","9":"product_cat-unterwaesche-stutzen-ssv-stederdorf","10":"product_cat-unterwaesche-jako","11":"description-off","13":"first","14":"instock","15":"sale","16":"taxable","17":"shipping-taxable","18":"purchasable","19":"product-type-variable"},"_links":{"self":[{"href":"https:\/\/sport-goslar.de\/verein-shop\/wp-json\/wp\/v2\/product\/2216","targetHints":{"allow":["GET"]}}],"collection":[{"href":"https:\/\/sport-goslar.de\/verein-shop\/wp-json\/wp\/v2\/product"}],"about":[{"href":"https:\/\/sport-goslar.de\/verein-shop\/wp-json\/wp\/v2\/types\/product"}],"wp:featuredmedia":[{"embeddable":true,"href":"https:\/\/sport-goslar.de\/verein-shop\/wp-json\/wp\/v2\/media\/2212"}],"wp:attachment":[{"href":"https:\/\/sport-goslar.de\/verein-shop\/wp-json\/wp\/v2\/media?parent=2216"}],"wp:term":[{"taxonomy":"product_brand","embeddable":true,"href":"https:\/\/sport-goslar.de\/verein-shop\/wp-json\/wp\/v2\/product_brand?post=2216"},{"taxonomy":"product_cat","embeddable":true,"href":"https:\/\/sport-goslar.de\/verein-shop\/wp-json\/wp\/v2\/product_cat?post=2216"},{"taxonomy":"product_tag","embeddable":true,"href":"https:\/\/sport-goslar.de\/verein-shop\/wp-json\/wp\/v2\/product_tag?post=2216"}],"curies":[{"name":"wp","href":"https:\/\/api.w.org\/{rel}","templated":true}]}}