{"id":2197,"date":"2022-02-07T17:10:27","date_gmt":"2022-02-07T16:10:27","guid":{"rendered":"https:\/\/sport-goslar.de\/verein-shop\/?post_type=product&#038;p=2197"},"modified":"2023-02-24T20:04:25","modified_gmt":"2023-02-24T19:04:25","slug":"jako-tube-stutzen","status":"publish","type":"product","link":"https:\/\/sport-goslar.de\/verein-shop\/produkt\/jako-tube-stutzen\/","title":{"rendered":"Jako Tube Stutzen"},"content":{"rendered":"","protected":false},"excerpt":{"rendered":"<p>Der Stutzen TUBE von JAKO komplettiert dein Outfit auf dem Fu\u00dfballplatz. Der closed-mesh Bereich an der R\u00fcckseite wirkt feuchtigkeitsregulierend und erzeugt eine gute Luftzirkulation. Die verbesserte Flexibilit\u00e4t und der sichere Halt werden durch Ripp-Abschl\u00fcsse gew\u00e4hrleistet. Der Stutzenstrumpf besteht aus 98 % Polyester und 2 % Elastan. Er ist in Wei\u00df, Rot, Royal und Schwarz und den Gr\u00f6\u00dfen M (39-42) und L (43-46) erh\u00e4ltlich.<\/p>\n<p>UVP 7,99<\/p>\n<p>Lieferzeit: ca 5 &#8211; 10 Tage<\/p>\n<table border=\"1\" cellspacing=\"0\" cellpadding=\"0\">\n<tbody>\n<tr>\n<td><strong>Menge<\/strong><\/td>\n<td><strong>Preis<\/strong><\/td>\n<\/tr>\n<tr>\n<td>1 &#8211; 2<\/td>\n<td>6,99 \u20ac<\/td>\n<\/tr>\n<tr>\n<td>3 &#8211; 9<\/td>\n<td>5,99 \u20ac<\/td>\n<\/tr>\n<tr>\n<td>10-50<\/td>\n<td>4,99 \u20ac<\/td>\n<\/tr>\n<\/tbody>\n<\/table>\n<p>&nbsp;<\/p>\n","protected":false},"featured_media":2203,"template":"","meta":[],"product_brand":[],"product_cat":[392,375,347,356,248],"product_tag":[],"class_list":{"0":"post-2197","1":"product","2":"type-product","3":"status-publish","4":"has-post-thumbnail","6":"product_cat-unterwaesche","7":"product_cat-unterwaesche-stutzen-ssv-stederdorf","8":"product_cat-unterwaesche-stutzen-sv-yurdumspor-88-lehrte","9":"product_cat-unterwaesche-stutzen-tsv-eintracht-essinghausen","10":"product_cat-unterwaesche-jako","11":"description-off","13":"first","14":"instock","15":"sale","16":"taxable","17":"shipping-taxable","18":"purchasable","19":"product-type-variable"},"_links":{"self":[{"href":"https:\/\/sport-goslar.de\/verein-shop\/wp-json\/wp\/v2\/product\/2197","targetHints":{"allow":["GET"]}}],"collection":[{"href":"https:\/\/sport-goslar.de\/verein-shop\/wp-json\/wp\/v2\/product"}],"about":[{"href":"https:\/\/sport-goslar.de\/verein-shop\/wp-json\/wp\/v2\/types\/product"}],"wp:featuredmedia":[{"embeddable":true,"href":"https:\/\/sport-goslar.de\/verein-shop\/wp-json\/wp\/v2\/media\/2203"}],"wp:attachment":[{"href":"https:\/\/sport-goslar.de\/verein-shop\/wp-json\/wp\/v2\/media?parent=2197"}],"wp:term":[{"taxonomy":"product_brand","embeddable":true,"href":"https:\/\/sport-goslar.de\/verein-shop\/wp-json\/wp\/v2\/product_brand?post=2197"},{"taxonomy":"product_cat","embeddable":true,"href":"https:\/\/sport-goslar.de\/verein-shop\/wp-json\/wp\/v2\/product_cat?post=2197"},{"taxonomy":"product_tag","embeddable":true,"href":"https:\/\/sport-goslar.de\/verein-shop\/wp-json\/wp\/v2\/product_tag?post=2197"}],"curies":[{"name":"wp","href":"https:\/\/api.w.org\/{rel}","templated":true}]}}