{"id":2173,"date":"2022-02-17T13:08:10","date_gmt":"2022-02-17T12:08:10","guid":{"rendered":"https:\/\/sport-goslar.de\/verein-shop\/?post_type=product&#038;p=2173"},"modified":"2023-02-24T22:12:21","modified_gmt":"2023-02-24T21:12:21","slug":"trainingstop-mit-vereinwappen","status":"publish","type":"product","link":"https:\/\/sport-goslar.de\/verein-shop\/produkt\/trainingstop-mit-vereinwappen\/","title":{"rendered":"Trainingstop mit Vereinwappen"},"content":{"rendered":"<p>Bitte beachtet das es sich bei individualisierten Artikeln die mit Namen, Nummern oder Sponsorenlogos versehen sind um Sonderanfertigungen handelt. Diese Artikel k\u00f6nnen leider nicht umgetauscht werden.<\/p>\n","protected":false},"excerpt":{"rendered":"<div class=\"woocommerce-product-details__short-description\">\n<div class=\"woocommerce-product-details__short-description\">\n<p><strong>Ziptop Classico mit eurem Vereinswappen auf der Brust<\/strong><\/p>\n<p>Das Design dieses Trainingsoberteil ist auf das Wesentliche reduziert. Das Ziptop CLASSICO ist in klassischen Teamfarben gehalten. Der Viertel-Frontrei\u00dfverschluss, die Top- und \u00c4rmelabschl\u00fcsse mit elastischer Binding sowie die Zippergarage garantieren besonders hohen Tragekomfort. Durch die integrierte JAKO KEEP DRY wird vom K\u00f6rper produzierte Feuchtigkeit unmittelbar an die Oberfl\u00e4che des Stoffes transportiert. So bleibt das Ziptop trocken, der Sportler k\u00fchlt nicht aus und f\u00fchlt sich selbst bei gr\u00f6\u00dfter Belastung im Ziptop CLASSICO wohl. Erh\u00e4ltlich ist das Ziptop in 10 verschiedenen Farben und in den Gr\u00f6\u00dfen 128-164 f\u00fcr Kinder und S &#8211; 3XL f\u00fcr Damen und Herren.<\/p>\n<p>Gr\u00f6\u00dfe S-4XL UVP + Druckkosten = 50,99<\/p>\n<\/div>\n<\/div>\n<p>Lieferzeit: ca 2 &#8211; 5 Wochen<\/p>\n<table border=\"1\" cellspacing=\"0\" cellpadding=\"0\">\n<tbody>\n<tr>\n<td><strong>Menge<\/strong><\/td>\n<td><strong>Preis<\/strong><\/td>\n<\/tr>\n<tr>\n<td>1 &#8211; 2<\/td>\n<td>\u00a037,99 \u20ac<\/td>\n<\/tr>\n<tr>\n<td>3 &#8211; 9<\/td>\n<td>\u00a033,99 \u20ac<\/td>\n<\/tr>\n<tr>\n<td>10-50<\/td>\n<td>\u00a032,99 \u20ac<\/td>\n<\/tr>\n<\/tbody>\n<\/table>\n<p>&nbsp;<\/p>\n","protected":false},"featured_media":2121,"template":"","meta":[],"product_brand":[],"product_cat":[351],"product_tag":[],"class_list":{"0":"post-2173","1":"product","2":"type-product","3":"status-publish","4":"has-post-thumbnail","6":"product_cat-jacken-oberteile-tsv-eintracht-essinghausen","7":"description-off","9":"first","10":"instock","11":"sale","12":"taxable","13":"shipping-taxable","14":"purchasable","15":"product-type-variable"},"_links":{"self":[{"href":"https:\/\/sport-goslar.de\/verein-shop\/wp-json\/wp\/v2\/product\/2173","targetHints":{"allow":["GET"]}}],"collection":[{"href":"https:\/\/sport-goslar.de\/verein-shop\/wp-json\/wp\/v2\/product"}],"about":[{"href":"https:\/\/sport-goslar.de\/verein-shop\/wp-json\/wp\/v2\/types\/product"}],"wp:featuredmedia":[{"embeddable":true,"href":"https:\/\/sport-goslar.de\/verein-shop\/wp-json\/wp\/v2\/media\/2121"}],"wp:attachment":[{"href":"https:\/\/sport-goslar.de\/verein-shop\/wp-json\/wp\/v2\/media?parent=2173"}],"wp:term":[{"taxonomy":"product_brand","embeddable":true,"href":"https:\/\/sport-goslar.de\/verein-shop\/wp-json\/wp\/v2\/product_brand?post=2173"},{"taxonomy":"product_cat","embeddable":true,"href":"https:\/\/sport-goslar.de\/verein-shop\/wp-json\/wp\/v2\/product_cat?post=2173"},{"taxonomy":"product_tag","embeddable":true,"href":"https:\/\/sport-goslar.de\/verein-shop\/wp-json\/wp\/v2\/product_tag?post=2173"}],"curies":[{"name":"wp","href":"https:\/\/api.w.org\/{rel}","templated":true}]}}