{"id":2106,"date":"2022-02-11T16:34:54","date_gmt":"2022-02-11T15:34:54","guid":{"rendered":"https:\/\/sport-goslar.de\/verein-shop\/?post_type=product&#038;p=2106"},"modified":"2025-01-09T10:45:21","modified_gmt":"2025-01-09T09:45:21","slug":"blackroll-standard","status":"publish","type":"product","link":"https:\/\/sport-goslar.de\/verein-shop\/produkt\/blackroll-standard\/","title":{"rendered":"BLACKROLL Standard"},"content":{"rendered":"<p>Hey Sportfans!<\/p>\n<p>Habt ihr schon unseren brandneuen Teamshop f\u00fcr die inidviduelle Vereinskollektion entdeckt? Wir sind \u00fcberaus begeistert, euch die M\u00f6glichkeit zu bieten, eure Vereinskollektionen online zu pr\u00e4sentieren und die besten Produkte f\u00fcr eure Mannschaft zu sichern.<\/p>\n<p>Doch das ist noch l\u00e4ngst nicht alles \u2013 wir m\u00f6chten auch anderen Vereinen und Verb\u00e4nden die Chance geben, einen individuellen Shop zu erhalten! Unser erfahrenes Team steht bereit, um eurem Team individuell zu beraten und den perfekten Vereins-Onlineshop zu gestalten.<\/p>\n<p>Gemeinsam besprechen wir, welche Produkte am besten zu euch passen \u2013 und das ohne zus\u00e4tzliche Kosten f\u00fcr euren Verein! Egal, ob ihr in Niedersachen seid oder einem anderen Landesverband in Deutschland angeh\u00f6rt, wir unterst\u00fctzen euch alle und tragen dazu bei, dass ihr euer Team mit Stolz repr\u00e4sentieren k\u00f6nnt. Dank unserer engen Beziehungen zu f\u00fchrenden Partnern in der Sportartikelindustrie k\u00f6nnen wir euch exklusive Konditionen und attraktive Sponsoring-Vereinbarungen bieten. Lasst uns gemeinsam euren Teamgeist st\u00e4rken und eure Vereinskollektionen auf ein neues Level heben! Kontaktiert uns noch heute und erfahrt, wie wir euch helfen k\u00f6nnen, euren eigenen Onlineshop zu erstellen und eure Teams professionell auszustatten. Wir freuen uns darauf, von euch zu h\u00f6ren und gemeinsam mit euch durchzustarten!<\/p>\n<p>&nbsp;<\/p>\n<p><strong>Jetzt Shop einrichten:<\/strong><\/p>\n<p>Gemeinsam besprechen wir mit euch die individuelle Kollektion f\u00fcr euer Team. In pers\u00f6nlichen Gespr\u00e4chen beraten wir euch, welcher deutsche oder europ\u00e4ische Hersteller am besten zu eurem Verein passt.<\/p>\n<p>&nbsp;<\/p>\n<p><strong>Bestkonditionen und Gratisware sichern:<\/strong><\/p>\n<p>Profitiert von unseren erstklassigen Konditionen und attraktiven Sponsoring-Vereinbarungen. Als Ausr\u00fcster verschiedener Landesverb\u00e4nde mit einer gro\u00dfen Mitgliederzahl haben wir exzellente Beziehungen zu spannenden Partnern in der Sportartikelindustrie.<\/p>\n<p>&nbsp;<\/p>\n<p><strong>Eure Kollektion online ohne zus\u00e4tzliche Kosten:<\/strong><\/p>\n<p>Bei uns entstehen keine Kosten f\u00fcr euren Teamshop. Wir programmieren den Onlineshop, bef\u00fcllen ihn mit den von euch ausgesuchten Artikeln, hinterlegen die Sonderpreise und \u00fcbernehmen die Pflege.<\/p>\n<p>&nbsp;<\/p>\n<p><strong>Das &#8222;MIA SAN MIA&#8220; \u2013 Gef\u00fchl f\u00fcr euer Team:<\/strong><\/p>\n<p>Ein einheitlicher, professioneller Auftritt st\u00e4rkt das Wir-Gef\u00fchl in eurem Team. Ob als Schwimmverband oder Fan \u2013 euer Team, eure Farben!<\/p>\n<p>&nbsp;<\/p>\n<p><strong>Entlastung von Ehrenamtlichen:<\/strong><\/p>\n<p>Jedes Teammitglied kann sich die Artikel einfach und bequem \u00fcber den individuellen Onlineshop bestellen. Die Verantwortlichen im Verband k\u00f6nnen sich ab sofort auf das Wesentliche konzentrieren.<\/p>\n<p>&nbsp;<\/p>\n<p><strong>Pers\u00f6nliche Betreuung:<\/strong><\/p>\n<p>Egal wo der Schuh dr\u00fcckt \u2013 euer pers\u00f6nlicher Ansprechpartner steht euch individuell zur Seite, von der richtigen Beflockung \u00fcber die Artikelauswahl bis hin zu Lieferterminen oder Sonderanfertigungen.<\/p>\n<p>&nbsp;<\/p>\n<p>Sehr gern beraten wir euch auch pers\u00f6nlich und individuell.<\/p>\n<p>Sven Goslar<\/p>\n<p>&nbsp;<\/p>\n<p>&nbsp;<\/p>\n<p>&nbsp;<\/p>\n<p>&nbsp;<\/p>\n<p>&nbsp;<\/p>\n","protected":false},"excerpt":{"rendered":"<div class=\"woocommerce-product-details__short-description\">\n<p><strong>Blackroll Standard<\/strong><\/p>\n<p>Eins von vielen Blackroll Produkten die wir f\u00fcr sie im Gesch\u00e4ft bereithalten. Faszientraining.mit der BLACKROLL \u2013 das Original made in Germany! Die Blackroll ist das ideale Regenerationstool zur Selbstmassage<br \/>\nund zur L\u00f6sung der Myofascia (bindegewebige Umh\u00fcllung der Muskeln)<br \/>\nMaterial: Polypropylen (recyclebar)<br \/>\nMa\u00dfe: \u00f8 15cm x 30cm<br \/>\nProdukteigenschaften:<\/p>\n<ul>\n<li>Vorbeugung und Behandlung von Myofascien- und Muskelbeschwerden<\/li>\n<li>Aktiven Regeneration mit verbesserter Durchblutung<\/li>\n<li>Triggerzonenbehandlung bei Verspannungen durch Sport-\/Alltagsbelastungen<\/li>\n<li>Einfachen Selbstmassage<\/li>\n<li>Zur Aufw\u00e4rmung vor dem Training und zur Regeneration nach dem Sport<\/li>\n<\/ul>\n<\/div>\n<div class=\"woocommerce-product-details__short-description\">\n<p>UVP 29,99 Euro<\/p>\n<\/div>\n<p>Lieferzeit: ca 3 &#8211; 10 Tage<\/p>\n<table border=\"1\" cellspacing=\"0\" cellpadding=\"0\">\n<tbody>\n<tr>\n<td><strong>Menge<\/strong><\/td>\n<td><strong>Preis<\/strong><\/td>\n<\/tr>\n<tr>\n<td>1 &#8211; 2<\/td>\n<td>29,99 \u20ac<\/td>\n<\/tr>\n<tr>\n<td>3 &#8211; 9<\/td>\n<td>25,99 \u20ac<\/td>\n<\/tr>\n<tr>\n<td>10-50<\/td>\n<td>24,99 \u20ac<\/td>\n<\/tr>\n<\/tbody>\n<\/table>\n<p>&nbsp;<\/p>\n","protected":false},"featured_media":2110,"template":"","meta":[],"product_brand":[],"product_cat":[411,367,415,345,390,421,354,400,437,446,373,381,233,283,264,246,279,272,148,293,417,15],"product_tag":[],"class_list":{"0":"post-2106","1":"product","2":"type-product","3":"status-publish","4":"has-post-thumbnail","6":"product_cat-muehlenberger-sv","7":"product_cat-ssv-stederdorf","8":"product_cat-trainingsbedarf-muehlenberger-sv","9":"product_cat-trainingsbedarf-sv-yurdumspor-88-lehrte","10":"product_cat-trainingsbedarf","11":"product_cat-trainingsbedarf-tus-zetel","12":"product_cat-trainingsbedarf-tsv-eintracht-essinghausen","13":"product_cat-trainingsbedarf-tkj-sarstedt","14":"product_cat-trainingsbedarf-sv-friedrichsfehn","15":"product_cat-trainingsbedarf-mtv-stederdorf","16":"product_cat-trainingsbedarf-stederdorf","17":"product_cat-trainingsbedarf_zubehoer_aligse","18":"product_cat-trainingsbedarf-erima","19":"product_cat-trainingsbedarf-fcl","20":"product_cat-trainingsbedarf-hml","21":"product_cat-trainingsbedarf-jako","22":"product_cat-trainingsbedarf-lsn","23":"product_cat-trainingsbedarf-lsv","24":"product_cat-trainingsbedarf-mellendorfer-tv","25":"product_cat-trainingsbedarf-mtv-wolfenbuettel","26":"product_cat-tus-zetel","27":"product_cat-vereine","28":"description-off","30":"first","31":"instock","32":"taxable","33":"shipping-taxable","34":"purchasable","35":"product-type-variable"},"_links":{"self":[{"href":"https:\/\/sport-goslar.de\/verein-shop\/wp-json\/wp\/v2\/product\/2106","targetHints":{"allow":["GET"]}}],"collection":[{"href":"https:\/\/sport-goslar.de\/verein-shop\/wp-json\/wp\/v2\/product"}],"about":[{"href":"https:\/\/sport-goslar.de\/verein-shop\/wp-json\/wp\/v2\/types\/product"}],"wp:featuredmedia":[{"embeddable":true,"href":"https:\/\/sport-goslar.de\/verein-shop\/wp-json\/wp\/v2\/media\/2110"}],"wp:attachment":[{"href":"https:\/\/sport-goslar.de\/verein-shop\/wp-json\/wp\/v2\/media?parent=2106"}],"wp:term":[{"taxonomy":"product_brand","embeddable":true,"href":"https:\/\/sport-goslar.de\/verein-shop\/wp-json\/wp\/v2\/product_brand?post=2106"},{"taxonomy":"product_cat","embeddable":true,"href":"https:\/\/sport-goslar.de\/verein-shop\/wp-json\/wp\/v2\/product_cat?post=2106"},{"taxonomy":"product_tag","embeddable":true,"href":"https:\/\/sport-goslar.de\/verein-shop\/wp-json\/wp\/v2\/product_tag?post=2106"}],"curies":[{"name":"wp","href":"https:\/\/api.w.org\/{rel}","templated":true}]}}