{"id":2075,"date":"2022-02-11T11:24:54","date_gmt":"2022-02-11T10:24:54","guid":{"rendered":"https:\/\/sport-goslar.de\/verein-shop\/?post_type=product&#038;p=2075"},"modified":"2023-02-28T20:30:27","modified_gmt":"2023-02-28T19:30:27","slug":"jako-tasche-classico-mit-bodenfach-groesse-m","status":"publish","type":"product","link":"https:\/\/sport-goslar.de\/verein-shop\/produkt\/jako-tasche-classico-mit-bodenfach-groesse-m\/","title":{"rendered":"Jako Tasche CLASSICO mit BODENFACH Gr\u00f6\u00dfe M"},"content":{"rendered":"","protected":false},"excerpt":{"rendered":"<p><strong>Jako Tasche CLASSICO mit BODENFACH Gr\u00f6\u00dfe M<\/strong><br \/>\nDie Allesk\u00f6nnerin unter den Sporttaschen gibt es auch in einer Variante mit Bodenfach. Perfekt f\u00fcr die Fu\u00dfballstiefel geeignet lassen sich in der Sporttasche CLASSICO unterhalb des ger\u00e4umigen Hauptfaches mit umlaufendem 2-Wege-Rei\u00dfverschluss schmutzige Schuhe getrennt von den Textilien aufbewahren. Nat\u00fcrlich hat diese Tasche die praktische Meshbag auf der linken Seite integriert. Der gr\u00f6\u00dfenverstellbare Schultergurt eignet sich perfekt f\u00fcr individuelle Einstellungen beim Tragen. Dar\u00fcber hinaus bietet die Tasche zahlreiche M\u00f6glichkeiten zur individuellen Veredelung. Die Sporttasche ist in vier Farben und den Gr\u00f6\u00dfen bambini, junior und senior erh\u00e4ltlich.<br \/>\nGr\u00f6\u00dfe: 50 x 30 x 38 cm (LxBxH)<\/p>\n<p>UVP 39,99 Euro<\/p>\n<p>Lieferzeit: ca 3 &#8211; 10 Tage<\/p>\n<table border=\"1\" cellspacing=\"0\" cellpadding=\"0\">\n<tbody>\n<tr>\n<td><strong>Menge<\/strong><\/td>\n<td><strong>Preis<\/strong><\/td>\n<\/tr>\n<tr>\n<td>1 &#8211; 4<\/td>\n<td>29,99 \u20ac<\/td>\n<\/tr>\n<tr>\n<td>5 &#8211; 9<\/td>\n<td>25,99 \u20ac<\/td>\n<\/tr>\n<tr>\n<td>10-20<\/td>\n<td>24,99 \u20ac<\/td>\n<\/tr>\n<\/tbody>\n<\/table>\n<p>&nbsp;<\/p>\n","protected":false},"featured_media":2071,"template":"","meta":[],"product_brand":[],"product_cat":[216,372,389,344,353,244],"product_tag":[],"class_list":{"0":"post-2075","1":"product","2":"type-product","3":"status-publish","4":"has-post-thumbnail","6":"product_cat-jako","7":"product_cat-taschen-rucksaecke-ssv-stederdorf","8":"product_cat-taschen-rucksaecke","9":"product_cat-taschen-rucksaecke-sv-yurdumspor-88-lehrte","10":"product_cat-taschen-rucksaecke-tsv-eintracht-essinghausen","11":"product_cat-taschen-rucksaecke-jako","12":"description-off","14":"first","15":"instock","16":"sale","17":"taxable","18":"shipping-taxable","19":"purchasable","20":"product-type-variable"},"_links":{"self":[{"href":"https:\/\/sport-goslar.de\/verein-shop\/wp-json\/wp\/v2\/product\/2075","targetHints":{"allow":["GET"]}}],"collection":[{"href":"https:\/\/sport-goslar.de\/verein-shop\/wp-json\/wp\/v2\/product"}],"about":[{"href":"https:\/\/sport-goslar.de\/verein-shop\/wp-json\/wp\/v2\/types\/product"}],"wp:featuredmedia":[{"embeddable":true,"href":"https:\/\/sport-goslar.de\/verein-shop\/wp-json\/wp\/v2\/media\/2071"}],"wp:attachment":[{"href":"https:\/\/sport-goslar.de\/verein-shop\/wp-json\/wp\/v2\/media?parent=2075"}],"wp:term":[{"taxonomy":"product_brand","embeddable":true,"href":"https:\/\/sport-goslar.de\/verein-shop\/wp-json\/wp\/v2\/product_brand?post=2075"},{"taxonomy":"product_cat","embeddable":true,"href":"https:\/\/sport-goslar.de\/verein-shop\/wp-json\/wp\/v2\/product_cat?post=2075"},{"taxonomy":"product_tag","embeddable":true,"href":"https:\/\/sport-goslar.de\/verein-shop\/wp-json\/wp\/v2\/product_tag?post=2075"}],"curies":[{"name":"wp","href":"https:\/\/api.w.org\/{rel}","templated":true}]}}