{"id":2053,"date":"2022-02-11T10:22:12","date_gmt":"2022-02-11T09:22:12","guid":{"rendered":"https:\/\/sport-goslar.de\/verein-shop\/?post_type=product&#038;p=2053"},"modified":"2024-03-23T11:46:24","modified_gmt":"2024-03-23T10:46:24","slug":"jako-lightball-striker-2-0-350g-in-zwei-groessen","status":"publish","type":"product","link":"https:\/\/sport-goslar.de\/verein-shop\/produkt\/jako-lightball-striker-2-0-350g-in-zwei-groessen\/","title":{"rendered":"Jako Fussball Animal Light 290g Gr\u00f6\u00dfe 4"},"content":{"rendered":"<p>Hey Sportvereine und Landesverb\u00e4nde,<\/p>\n<p>&nbsp;<\/p>\n<p>Wisst ihr schon, was ihr verpasst? Unser cooler Onlineshop ist der Place-to-be f\u00fcr alle, die ihren Verein stylisch und professionell ausstatten wollen. Und das Beste? Wir wollen nicht nur f\u00fcr uns alleine die Party rocken \u2013 nein, wir wollen auch anderen Vereinen die Chance geben, Teil des Clubs zu werden! Unser Team steht in den Startl\u00f6chern, um euch mit einem individuellen Onlineshop zu versorgen, der eurem Verein ordentlich Dampf macht. Zusammen schnacken wir \u00fcber eure Style-Pr\u00e4ferenzen und rocken dann die Bude \u2013 ohne dass ihr auch nur einen Cent extra blechen m\u00fcsst!<\/p>\n<p>&nbsp;<\/p>\n<p>Egal, ob ihr auf dem Platz Fu\u00dfball, Handball oder Volleyball rockt oder einfach nur als Breitensportverein abh\u00e4ngt \u2013 wir sind f\u00fcr alle am Start, um euer Team aufs n\u00e4chste Level zu bringen! Dank unserer guten Connections zu den Big Playern in der Sportartikelwelt, kriegt ihr bei uns die fettsten Deals und coolsten Sponsoring-Deals abgegriffen. Also, lasst uns zusammen Gas geben und eure Vereinskollektion aufpimpen!<\/p>\n<p>&nbsp;<\/p>\n<p>Hier sind ein paar Gr\u00fcnde, warum ihr euch unbedingt f\u00fcr uns entscheiden solltet:<\/p>\n<p>&nbsp;<\/p>\n<ol>\n<li>**Individuelle Beratung vom Feinsten**: Wir checken mit euch ab, was zu euch passt und welche Hersteller die richtigen Moves machen.<\/li>\n<\/ol>\n<p>&nbsp;<\/p>\n<ol start=\"2\">\n<li>**Top-Konditionen und Gratisware**: Als Partner von Landesverb\u00e4nden und unz\u00e4hligen Vereinen haben wir die Connections, um euch die fettesten Konditionen zu liefern.<\/li>\n<\/ol>\n<p>&nbsp;<\/p>\n<ol start=\"3\">\n<li>**Kostenloser Onlineshop-Party**: Wir werfen den Onlineshop an den Start, bef\u00fcllen ihn mit euren Lieblingsst\u00fccken und machen die Preise so hei\u00df, dass ihr euch die Finger verbrennt \u2013 und das alles ohne Extrakosten!<\/li>\n<\/ol>\n<p>&nbsp;<\/p>\n<ol start=\"4\">\n<li>**Einheitlicher Style f\u00fcr euer Team**: Mit einem einheitlichen und professionellen Auftritt st\u00e4rken wir das Teamgef\u00fchl und geben eurem Verein den richtigen Swag \u2013 ob auf dem Platz oder auf der Trib\u00fcne!<\/li>\n<\/ol>\n<p>&nbsp;<\/p>\n<ol start=\"5\">\n<li>**Ehrenamtliche k\u00f6nnen chillen**: Dank unseres Onlineshops k\u00f6nnen sich eure Teammates ganz entspannt die coolsten Teile ordern, w\u00e4hrend die Verantwortlichen sich zur\u00fccklehnen und entspannt die F\u00fc\u00dfe hochlegen.<\/li>\n<\/ol>\n<p>&nbsp;<\/p>\n<ol start=\"6\">\n<li>**Pers\u00f6nliche Betreuung Deluxe**: Euer pers\u00f6nlicher Ansprechpartner steht euch rund um die Uhr zur Seite \u2013 vom richtigen Print bis zur P\u00fcnktlichkeit der Lieferung!<\/li>\n<\/ol>\n<p>&nbsp;<\/p>\n<p>Also, worauf wartet ihr noch? Lasst uns zusammen eure Vereinskollektion zum Beben bringen!<\/p>\n<p>&nbsp;<\/p>\n<p>Jetzt Shop einrichten!<\/p>\n","protected":false},"excerpt":{"rendered":"<p><strong>Jako Fussball Animal Light 290g Gr\u00f6\u00dfe 4<br \/>\n<\/strong><\/p>\n<p>Tauche ein in die Welt des Fu\u00dfballs mit dem JAKO &#8222;Lightball Animal&#8220;. Sein einzigartiges Animal Print Design und die Natur Gummiblase verleihen diesem leichten Ball nicht nur einen stylischen Touch, sondern auch optimale Formstabilit\u00e4t f\u00fcr ein angenehmes Spielgef\u00fchl. Mit 32 Panels und innovativer Hybridtechnologie garantiert der Jugend- und Kinderfussball Animal Light pr\u00e4zise Ballkontrolle und hervorragende Flugeigenschaften.<\/p>\n<p>Entdecke die Vielfalt bei Sport Goslar in Lehrte, wo der JAKO Lightball Animal in den Gr\u00f6\u00dfen 3, 4 und 5 sowie verschiedenen Gewichtsklassen von 290 g bis 350 g erh\u00e4ltlich ist. Perfekt abgestimmt f\u00fcr Kinder und Jugendliche \u2013 dieser Ball ist der ideale Begleiter f\u00fcr spontane Matches und Trainingseinheiten. Hol dir den JAKO Leitball Animal jetzt zu einem sensationellen Preis und erlebe Fu\u00dfball mit Stil!<\/p>\n<p>Lieferzeit: ca 3 &#8211; 10 Tage<\/p>\n<table border=\"1\" cellspacing=\"0\" cellpadding=\"0\">\n<tbody>\n<tr>\n<td><strong>Menge<\/strong><\/td>\n<td><strong>Preis<\/strong><\/td>\n<\/tr>\n<tr>\n<td>1 &#8211; 4<\/td>\n<td>18,50 \u20ac<\/td>\n<\/tr>\n<tr>\n<td>5 &#8211; 9<\/td>\n<td>17,99 \u20ac<\/td>\n<\/tr>\n<tr>\n<td>10-20<\/td>\n<td>17,50 \u20ac<\/td>\n<\/tr>\n<\/tbody>\n<\/table>\n<p>&nbsp;<\/p>\n<p>&nbsp;<\/p>\n","protected":false},"featured_media":3473,"template":"","meta":[],"product_brand":[],"product_cat":[368,385,340,349,285,239,216,367,283],"product_tag":[],"class_list":{"0":"post-2053","1":"product","2":"type-product","3":"status-publish","4":"has-post-thumbnail","6":"product_cat-fussbaelle-ssv-stederdorf","7":"product_cat-fussbaelle","8":"product_cat-fussbaelle-sv-yurdumspor-88-lehrte","9":"product_cat-fussbaelle-tsv-eintracht-essinghausen","10":"product_cat-fussbaelle-und-zubehoer-fcl","11":"product_cat-fussbaelle-zubehoer-jako","12":"product_cat-jako","13":"product_cat-ssv-stederdorf","14":"product_cat-trainingsbedarf-fcl","15":"description-off","17":"first","18":"instock","19":"sale","20":"taxable","21":"shipping-taxable","22":"purchasable","23":"product-type-variable"},"_links":{"self":[{"href":"https:\/\/sport-goslar.de\/verein-shop\/wp-json\/wp\/v2\/product\/2053","targetHints":{"allow":["GET"]}}],"collection":[{"href":"https:\/\/sport-goslar.de\/verein-shop\/wp-json\/wp\/v2\/product"}],"about":[{"href":"https:\/\/sport-goslar.de\/verein-shop\/wp-json\/wp\/v2\/types\/product"}],"wp:featuredmedia":[{"embeddable":true,"href":"https:\/\/sport-goslar.de\/verein-shop\/wp-json\/wp\/v2\/media\/3473"}],"wp:attachment":[{"href":"https:\/\/sport-goslar.de\/verein-shop\/wp-json\/wp\/v2\/media?parent=2053"}],"wp:term":[{"taxonomy":"product_brand","embeddable":true,"href":"https:\/\/sport-goslar.de\/verein-shop\/wp-json\/wp\/v2\/product_brand?post=2053"},{"taxonomy":"product_cat","embeddable":true,"href":"https:\/\/sport-goslar.de\/verein-shop\/wp-json\/wp\/v2\/product_cat?post=2053"},{"taxonomy":"product_tag","embeddable":true,"href":"https:\/\/sport-goslar.de\/verein-shop\/wp-json\/wp\/v2\/product_tag?post=2053"}],"curies":[{"name":"wp","href":"https:\/\/api.w.org\/{rel}","templated":true}]}}