{"id":2035,"date":"2022-02-10T17:44:38","date_gmt":"2022-02-10T16:44:38","guid":{"rendered":"https:\/\/sport-goslar.de\/verein-shop\/?post_type=product&#038;p=2035"},"modified":"2023-02-24T23:07:06","modified_gmt":"2023-02-24T22:07:06","slug":"handtuch-tsv-eintracht-essinghausen-mit-nummer-und-name","status":"publish","type":"product","link":"https:\/\/sport-goslar.de\/verein-shop\/produkt\/handtuch-tsv-eintracht-essinghausen-mit-nummer-und-name\/","title":{"rendered":"Handtuch TSV Eintracht Essinghausen mit Nummer und Name"},"content":{"rendered":"<p>Ware die individuell f\u00fcr euch veredelt wird (also z.B. mit Spielernamen, Nummern, Sponsorenlogos, Vereinswappen, Initalien, etc bedruckt\/beflockt wird) gilt als Sonderanfertigung und ist von einem Umtausch leider ausgeschlossen.<\/p>\n","protected":false},"excerpt":{"rendered":"<p><strong>Handtuch\u00a0 inklusive individueller Nummer und Spielername<br \/>\n<\/strong><\/p>\n<div class=\"woocommerce-product-details__short-description\">\n<p>Handtuch mit Sublimationsdruck. Ein optisches Highlight in den Ma\u00dfen <strong>50 x 100 cm<\/strong>. Wir veredeln dies mit einem hochwertigen Sublimationsdruck den wir nach\u00a0 individuell auftragen. Beim Sublimationdruck-Verfahren wird die Farbe direkt auf dem Material bei einer Temperatur von ca. 200\u00b0C eingedampft (sublimieren) Die Farbe bleibt dabei direkt an jeder einzelnen Faser haften und wird nicht oben drauf mit einer harten Tr\u00e4gerschicht aufgeb\u00fcgelt. Die Farbpigmente sind somit ein Teil des Stoffes und werden nicht aufgeklebt wie z.B. beim Plotterverfahren \u00fcblich. Die HALTBARKEIT ist durch das direkte eindampfen der Farbe in das Material mit keiner andere Methode vergleichbar! Der Sublimationddruck verliert sich bei unz\u00e4hligen hei\u00dfen W\u00e4schen nie an Brillanz. Die UV- und Farbbest\u00e4ndigkeit sucht seinesgleichen. Eine ist Seite ist aus 100% Polyester, das nur bei diesem Material die Drucktechnik m\u00f6glich ist. Die andere Seite ist aus unbedruckter Baumwolle und nimmt die Feutigkeit perfekt auf.<\/p>\n<p><strong>WICHITIG beim Abschlu\u00df der Bestellung im Warenkorb in der Bemerkungszeile eure Wunschnummer und Euren Spielernamen angeben!<\/strong><\/p>\n<\/div>\n<p>Gr\u00f6\u00dfe\u00a0 S<\/p>\n<p>Lieferzeit: ca 7- 14 Tage<\/p>\n<table border=\"1\" cellspacing=\"0\" cellpadding=\"0\">\n<tbody>\n<tr>\n<td><strong>Menge<\/strong><\/td>\n<td><strong>Preis<\/strong><\/td>\n<\/tr>\n<tr>\n<td>1 &#8211; 4<\/td>\n<td>24,99 \u20ac<\/td>\n<\/tr>\n<tr>\n<td>5 &#8211; 9<\/td>\n<td>22,99 \u20ac<\/td>\n<\/tr>\n<tr>\n<td>10-20<\/td>\n<td>21,99 \u20ac<\/td>\n<\/tr>\n<\/tbody>\n<\/table>\n<p>&nbsp;<\/p>\n","protected":false},"featured_media":2039,"template":"","meta":[],"product_brand":[],"product_cat":[350],"product_tag":[],"class_list":{"0":"post-2035","1":"product","2":"type-product","3":"status-publish","4":"has-post-thumbnail","6":"product_cat-handtuecher-badepantoletten-tsv-eintracht-essinghausen","7":"description-off","9":"first","10":"instock","11":"sale","12":"taxable","13":"shipping-taxable","14":"purchasable","15":"product-type-variable"},"_links":{"self":[{"href":"https:\/\/sport-goslar.de\/verein-shop\/wp-json\/wp\/v2\/product\/2035","targetHints":{"allow":["GET"]}}],"collection":[{"href":"https:\/\/sport-goslar.de\/verein-shop\/wp-json\/wp\/v2\/product"}],"about":[{"href":"https:\/\/sport-goslar.de\/verein-shop\/wp-json\/wp\/v2\/types\/product"}],"wp:featuredmedia":[{"embeddable":true,"href":"https:\/\/sport-goslar.de\/verein-shop\/wp-json\/wp\/v2\/media\/2039"}],"wp:attachment":[{"href":"https:\/\/sport-goslar.de\/verein-shop\/wp-json\/wp\/v2\/media?parent=2035"}],"wp:term":[{"taxonomy":"product_brand","embeddable":true,"href":"https:\/\/sport-goslar.de\/verein-shop\/wp-json\/wp\/v2\/product_brand?post=2035"},{"taxonomy":"product_cat","embeddable":true,"href":"https:\/\/sport-goslar.de\/verein-shop\/wp-json\/wp\/v2\/product_cat?post=2035"},{"taxonomy":"product_tag","embeddable":true,"href":"https:\/\/sport-goslar.de\/verein-shop\/wp-json\/wp\/v2\/product_tag?post=2035"}],"curies":[{"name":"wp","href":"https:\/\/api.w.org\/{rel}","templated":true}]}}