{"id":2027,"date":"2022-02-10T16:41:47","date_gmt":"2022-02-10T15:41:47","guid":{"rendered":"https:\/\/sport-goslar.de\/verein-shop\/?post_type=product&#038;p=2027"},"modified":"2023-02-28T21:28:42","modified_gmt":"2023-02-28T20:28:42","slug":"jakolette-classico-in-vier-tollen-farben","status":"publish","type":"product","link":"https:\/\/sport-goslar.de\/verein-shop\/produkt\/jakolette-classico-in-vier-tollen-farben\/","title":{"rendered":"Jakolette Classico in vier tollen Farben"},"content":{"rendered":"","protected":false},"excerpt":{"rendered":"<p>Im modernen Look kommt die Jakolette CLASSICO mit zahlreichen Funktionen. Die Duschsandale ist in vier Farben in den Gr\u00f6\u00dfen 36 &#8211; 48 im erh\u00e4ltlich. Das vorgeformte Fu\u00dfbett bietet dir einen unverwechselbaren Komfort im Bad. Besonders praktisch ist das schnelltrocknende EVA-Obermaterial der Jakolette CLASSICO. Ganz egal ob Du dich nach dem Fu\u00dfball in die Duschkabine begibst oder dich im heimischen Bad befindest. Mit der Jakolette CLASSICO bist Du bestens ausgestattet. F\u00fcr mehr Sicherheit in der Duschkabine sorgt die Antirutsch Sohle der Jakolette. Das moderne Design der Duschsandale mit klassischer Optik und gro\u00dfem JAKO Logo auf dem Riemen macht sie zum idealen Begleiter nach dem Sport.<\/p>\n<p>Gr\u00f6\u00dfe\u00a0 36 &#8211; 48<\/p>\n<p>UVP 25,99 \u20ac<\/p>\n<p>Lieferzeit: ca 3 &#8211; 10 Tage<\/p>\n<table border=\"1\" cellspacing=\"0\" cellpadding=\"0\">\n<tbody>\n<tr>\n<td><strong>Menge<\/strong><\/td>\n<td><strong>Preis<\/strong><\/td>\n<\/tr>\n<tr>\n<td>1 &#8211; 4<\/td>\n<td>17,99 \u20ac<\/td>\n<\/tr>\n<tr>\n<td>5 &#8211; 9<\/td>\n<td>16,99 \u20ac<\/td>\n<\/tr>\n<tr>\n<td>10-20<\/td>\n<td>15,99 \u20ac<\/td>\n<\/tr>\n<\/tbody>\n<\/table>\n<p>&nbsp;<\/p>\n","protected":false},"featured_media":2022,"template":"","meta":[],"product_brand":[],"product_cat":[348,350,369,386,341,216],"product_tag":[],"class_list":{"0":"post-2027","1":"product","2":"type-product","3":"status-publish","4":"has-post-thumbnail","6":"product_cat-badepantoletten","7":"product_cat-handtuecher-badepantoletten-tsv-eintracht-essinghausen","8":"product_cat-handtuecher-badepantoletten-stederdorf","9":"product_cat-handtuecher-badepantoletten","10":"product_cat-handtuecher-badepantoletten-sv-yurdumspor-88-lehrte","11":"product_cat-jako","12":"description-off","14":"first","15":"instock","16":"sale","17":"taxable","18":"shipping-taxable","19":"purchasable","20":"product-type-variable"},"_links":{"self":[{"href":"https:\/\/sport-goslar.de\/verein-shop\/wp-json\/wp\/v2\/product\/2027","targetHints":{"allow":["GET"]}}],"collection":[{"href":"https:\/\/sport-goslar.de\/verein-shop\/wp-json\/wp\/v2\/product"}],"about":[{"href":"https:\/\/sport-goslar.de\/verein-shop\/wp-json\/wp\/v2\/types\/product"}],"wp:featuredmedia":[{"embeddable":true,"href":"https:\/\/sport-goslar.de\/verein-shop\/wp-json\/wp\/v2\/media\/2022"}],"wp:attachment":[{"href":"https:\/\/sport-goslar.de\/verein-shop\/wp-json\/wp\/v2\/media?parent=2027"}],"wp:term":[{"taxonomy":"product_brand","embeddable":true,"href":"https:\/\/sport-goslar.de\/verein-shop\/wp-json\/wp\/v2\/product_brand?post=2027"},{"taxonomy":"product_cat","embeddable":true,"href":"https:\/\/sport-goslar.de\/verein-shop\/wp-json\/wp\/v2\/product_cat?post=2027"},{"taxonomy":"product_tag","embeddable":true,"href":"https:\/\/sport-goslar.de\/verein-shop\/wp-json\/wp\/v2\/product_tag?post=2027"}],"curies":[{"name":"wp","href":"https:\/\/api.w.org\/{rel}","templated":true}]}}