{"id":2024,"date":"2022-02-10T16:23:49","date_gmt":"2022-02-10T15:23:49","guid":{"rendered":"https:\/\/sport-goslar.de\/verein-shop\/?post_type=product&#038;p=2024"},"modified":"2023-02-28T21:27:49","modified_gmt":"2023-02-28T20:27:49","slug":"jakolette-ii","status":"publish","type":"product","link":"https:\/\/sport-goslar.de\/verein-shop\/produkt\/jakolette-ii\/","title":{"rendered":"Jakolette II"},"content":{"rendered":"","protected":false},"excerpt":{"rendered":"<p>Die JAKOLETTE ist ein echter Hingucker unter den Badeschuhen. Mit ihr bist Du stets gut zu Fu\u00df. Egal ob als Badelatschen f\u00fcr den Strand, den w\u00f6chentlichen Saunabesuch, den Ausflug ins Schwimmbad oder als Hausschuh getragen. Das vorgeformte Fu\u00dfbett und das leichte Material der Duschsandale verleihen ein angenehmes Tragegef\u00fchl und garantieren einen idealen Sitz sowie schnelles Ablaufen von angesammeltem Wasser. Die PU-Sohle ist rutschfest und sorgt stets f\u00fcr einen sicheren Stand. Die JAKOLETTE ist sowohl in Erwachsenen-, als auch in Kindergr\u00f6\u00dfen erh\u00e4ltlich.<\/p>\n<p>Gr\u00f6\u00dfe\u00a0 36 &#8211; 46<\/p>\n<p>UVP 29,99 \u20ac<\/p>\n<p>Lieferzeit: ca 3 &#8211; 10 Tage<\/p>\n<table border=\"1\" cellspacing=\"0\" cellpadding=\"0\">\n<tbody>\n<tr>\n<td><strong>Menge<\/strong><\/td>\n<td><strong>Preis<\/strong><\/td>\n<\/tr>\n<tr>\n<td>1 &#8211; 4<\/td>\n<td>22,99 \u20ac<\/td>\n<\/tr>\n<tr>\n<td>5 &#8211; 9<\/td>\n<td>19,99 \u20ac<\/td>\n<\/tr>\n<tr>\n<td>10-20<\/td>\n<td>18,99 \u20ac<\/td>\n<\/tr>\n<\/tbody>\n<\/table>\n<p>&nbsp;<\/p>\n","protected":false},"featured_media":2017,"template":"","meta":[],"product_brand":[],"product_cat":[348,369,386,341,350,216],"product_tag":[],"class_list":{"0":"post-2024","1":"product","2":"type-product","3":"status-publish","4":"has-post-thumbnail","6":"product_cat-badepantoletten","7":"product_cat-handtuecher-badepantoletten-stederdorf","8":"product_cat-handtuecher-badepantoletten","9":"product_cat-handtuecher-badepantoletten-sv-yurdumspor-88-lehrte","10":"product_cat-handtuecher-badepantoletten-tsv-eintracht-essinghausen","11":"product_cat-jako","12":"description-off","14":"first","15":"instock","16":"sale","17":"taxable","18":"shipping-taxable","19":"purchasable","20":"product-type-variable"},"_links":{"self":[{"href":"https:\/\/sport-goslar.de\/verein-shop\/wp-json\/wp\/v2\/product\/2024","targetHints":{"allow":["GET"]}}],"collection":[{"href":"https:\/\/sport-goslar.de\/verein-shop\/wp-json\/wp\/v2\/product"}],"about":[{"href":"https:\/\/sport-goslar.de\/verein-shop\/wp-json\/wp\/v2\/types\/product"}],"wp:featuredmedia":[{"embeddable":true,"href":"https:\/\/sport-goslar.de\/verein-shop\/wp-json\/wp\/v2\/media\/2017"}],"wp:attachment":[{"href":"https:\/\/sport-goslar.de\/verein-shop\/wp-json\/wp\/v2\/media?parent=2024"}],"wp:term":[{"taxonomy":"product_brand","embeddable":true,"href":"https:\/\/sport-goslar.de\/verein-shop\/wp-json\/wp\/v2\/product_brand?post=2024"},{"taxonomy":"product_cat","embeddable":true,"href":"https:\/\/sport-goslar.de\/verein-shop\/wp-json\/wp\/v2\/product_cat?post=2024"},{"taxonomy":"product_tag","embeddable":true,"href":"https:\/\/sport-goslar.de\/verein-shop\/wp-json\/wp\/v2\/product_tag?post=2024"}],"curies":[{"name":"wp","href":"https:\/\/api.w.org\/{rel}","templated":true}]}}