{"id":2011,"date":"2022-02-10T16:02:14","date_gmt":"2022-02-10T15:02:14","guid":{"rendered":"https:\/\/sport-goslar.de\/verein-shop\/?post_type=product&#038;p=2011"},"modified":"2022-02-17T17:41:06","modified_gmt":"2022-02-17T16:41:06","slug":"kinder-trainingshose-challenge","status":"publish","type":"product","link":"https:\/\/sport-goslar.de\/verein-shop\/produkt\/kinder-trainingshose-challenge\/","title":{"rendered":"Kinder Trainingshose Challenge"},"content":{"rendered":"","protected":false},"excerpt":{"rendered":"<p><strong>Kinder Trainingshose Challenge<\/strong><\/p>\n<p>JAKO ist bekannt f\u00fcr eine riesige Farb- und Gr\u00f6\u00dfenauswahl. Das trifft nicht nur auf Oberteile sondern auch auf Hosen zu. Die Trainingshose Jako Challenge ist in 10 Farben f\u00fcr Kinder in den Gr\u00f6\u00dfen 128 \u2013 164 und f\u00fcr Herren in den Gr\u00f6\u00dfen S \u2013 XXL erh\u00e4ltlich. Zahlreiche Details machen die Trainingshose Challenge zum absoluten Highlight im Training. Die Seitentaschen mit Rei\u00dfverschluss sind besonders praktisch. In ihnen kannst Du deine Wertsachen beim Sport sicher verstauen. Die zweifarbigen Rei\u00dfverschlussanh\u00e4nger spiegeln sich auch in den zur Hose passenden Oberteilen der Teamline Challenge 2.0 wieder. Durch den elastischen Bund mit Kordelzug kannst Du die Weite der Hose individuell anpassen. Komplettiert werden die Details durch das Jako Label und den Jako Dots. Abgesehen von den zahlreichen Details ist die Trainingshose Cahllenge auch hochgradig funktional. Sie ist mit der Double-Stretch-Knit Funktion ausgestattet.Der Stoff trocknet sehr schnell und sch\u00fctzt dich beim Sport vor Ausk\u00fchlung. Kombiniere die Trainingshose Challenge zu zahlreichen Styles der Kollektion Challenge.<\/p>\n<p>Farbe schwarz\/gr\u00fcn<\/p>\n<p>Gr\u00f6\u00dfe\u00a0 128-164<\/p>\n<p>Lieferzeit: ca 5 &#8211; 10 Tage<\/p>\n<table border=\"1\" cellspacing=\"0\" cellpadding=\"0\">\n<tbody>\n<tr>\n<td><strong>Menge<\/strong><\/td>\n<td><strong>Preis<\/strong><\/td>\n<\/tr>\n<tr>\n<td>1 &#8211; 2<\/td>\n<td>\u00a029,99 \u20ac<\/td>\n<\/tr>\n<tr>\n<td>3 &#8211; 9<\/td>\n<td>\u00a025,99 \u20ac<\/td>\n<\/tr>\n<tr>\n<td>10-50<\/td>\n<td>\u00a024,99 \u20ac<\/td>\n<\/tr>\n<\/tbody>\n<\/table>\n<p>&nbsp;<\/p>\n","protected":false},"featured_media":2005,"template":"","meta":[],"product_brand":[],"product_cat":[371,242],"product_tag":[],"class_list":{"0":"post-2011","1":"product","2":"type-product","3":"status-publish","4":"has-post-thumbnail","6":"product_cat-short-hosen-ssv-stederdorf","7":"product_cat-short-und-hosen-jako","8":"description-off","10":"first","11":"instock","12":"sale","13":"taxable","14":"shipping-taxable","15":"purchasable","16":"product-type-variable"},"_links":{"self":[{"href":"https:\/\/sport-goslar.de\/verein-shop\/wp-json\/wp\/v2\/product\/2011","targetHints":{"allow":["GET"]}}],"collection":[{"href":"https:\/\/sport-goslar.de\/verein-shop\/wp-json\/wp\/v2\/product"}],"about":[{"href":"https:\/\/sport-goslar.de\/verein-shop\/wp-json\/wp\/v2\/types\/product"}],"wp:featuredmedia":[{"embeddable":true,"href":"https:\/\/sport-goslar.de\/verein-shop\/wp-json\/wp\/v2\/media\/2005"}],"wp:attachment":[{"href":"https:\/\/sport-goslar.de\/verein-shop\/wp-json\/wp\/v2\/media?parent=2011"}],"wp:term":[{"taxonomy":"product_brand","embeddable":true,"href":"https:\/\/sport-goslar.de\/verein-shop\/wp-json\/wp\/v2\/product_brand?post=2011"},{"taxonomy":"product_cat","embeddable":true,"href":"https:\/\/sport-goslar.de\/verein-shop\/wp-json\/wp\/v2\/product_cat?post=2011"},{"taxonomy":"product_tag","embeddable":true,"href":"https:\/\/sport-goslar.de\/verein-shop\/wp-json\/wp\/v2\/product_tag?post=2011"}],"curies":[{"name":"wp","href":"https:\/\/api.w.org\/{rel}","templated":true}]}}